{"id":402,"date":"2024-01-17T20:33:57","date_gmt":"2024-01-17T19:33:57","guid":{"rendered":"https:\/\/multicoque.ae2agence.ovh\/?page_id=402"},"modified":"2026-04-14T12:10:16","modified_gmt":"2026-04-14T10:10:16","slug":"useful-information","status":"publish","type":"page","link":"https:\/\/www.multicoque-online.com\/en\/useful-information\/","title":{"rendered":"USEFUL INFORMATION"},"content":{"rendered":"<div id='av-layout-grid-1'  class='av-layout-grid-container av-1bmme2-c97733860e64bc65d62fb8bd237fcaaf entry-content-wrapper main_color av-flex-cells  avia-builder-el-0  avia-builder-el-no-sibling  gridtypemlcq  container_wrap fullsize'  >\n\n<style type=\"text\/css\" data-created_by=\"avia_inline_auto\" id=\"style-css-av-14rxzm-2acea56ff4a57669316246a254c765e2\">\n.flex_cell.av-14rxzm-2acea56ff4a57669316246a254c765e2{\nvertical-align:top;\n}\n<\/style>\n<div class='flex_cell av-14rxzm-2acea56ff4a57669316246a254c765e2 av-gridrow-cell av_three_fourth no_margin  avia-builder-el-1  avia-builder-el-no-sibling' ><div class='flex_cell_inner'><p>\n<style type=\"text\/css\" data-created_by=\"avia_inline_auto\" id=\"style-css-av-m6i6tayv-40573a4bb907c267e957fdc4f079087c\">\n.avia-image-container.av-m6i6tayv-40573a4bb907c267e957fdc4f079087c img.avia_image{\nbox-shadow:none;\n}\n.avia-image-container.av-m6i6tayv-40573a4bb907c267e957fdc4f079087c .av-image-caption-overlay-center{\ncolor:#ffffff;\n}\n<\/style>\n<div  class='avia-image-container av-m6i6tayv-40573a4bb907c267e957fdc4f079087c av-styling- avia-align-center  avia-builder-el-2  el_before_av_image  avia-builder-el-first  av-desktop-hide av-medium-hide'   itemprop=\"image\" itemscope=\"itemscope\" itemtype=\"https:\/\/schema.org\/ImageObject\" ><div class=\"avia-image-container-inner\"><div class=\"avia-image-overlay-wrap\"><a href=\"https:\/\/www.catamarans-fountaine-pajot.com\/en\/international-multihull-show-2026-fountaine-pajot-france-en\/\" class='avia_image' target=\"_blank\" rel=\"noopener noreferrer\"><img decoding=\"async\" class='wp-image-7117 avia-img-lazy-loading-not-7117 avia_image' src=\"https:\/\/www.multicoque-online.com\/uploads\/2026\/02\/Display-Fountaine-Pajot-400x200-ENG-2.jpg\" alt='' title='Display-Fountaine-Pajot-400x200-FRA'  height=\"200\" width=\"400\"  itemprop=\"thumbnailUrl\" srcset=\"https:\/\/www.multicoque-online.com\/uploads\/2026\/02\/Display-Fountaine-Pajot-400x200-ENG-2.jpg 400w, https:\/\/www.multicoque-online.com\/uploads\/2026\/02\/Display-Fountaine-Pajot-400x200-ENG-2-300x150.jpg 300w, https:\/\/www.multicoque-online.com\/uploads\/2026\/02\/Display-Fountaine-Pajot-400x200-ENG-2-18x9.jpg 18w\" sizes=\"(max-width: 400px) 100vw, 400px\" \/><\/a><\/div><\/div><\/div><br \/>\n\n<style type=\"text\/css\" data-created_by=\"avia_inline_auto\" id=\"style-css-av-m6i6u3ps-45db6e66b0cb46d4ec2af32998ca8bb4\">\n.avia-image-container.av-m6i6u3ps-45db6e66b0cb46d4ec2af32998ca8bb4 img.avia_image{\nbox-shadow:none;\n}\n.avia-image-container.av-m6i6u3ps-45db6e66b0cb46d4ec2af32998ca8bb4 .av-image-caption-overlay-center{\ncolor:#ffffff;\n}\n<\/style>\n<div  class='avia-image-container av-m6i6u3ps-45db6e66b0cb46d4ec2af32998ca8bb4 av-styling- avia-align-center  avia-builder-el-3  el_after_av_image  el_before_av_one_full  av-small-hide av-mini-hide'   itemprop=\"image\" itemscope=\"itemscope\" itemtype=\"https:\/\/schema.org\/ImageObject\" ><div class=\"avia-image-container-inner\"><div class=\"avia-image-overlay-wrap\"><a href=\"https:\/\/www.catamarans-fountaine-pajot.com\/en\/international-multihull-show-2026-fountaine-pajot-france-en\/\" class='avia_image' target=\"_blank\" rel=\"noopener noreferrer\"><img decoding=\"async\" class='wp-image-7119 avia-img-lazy-loading-not-7119 avia_image' src=\"https:\/\/www.multicoque-online.com\/uploads\/2026\/02\/Display-Fountaine-Pajot-2000x100-ENG-2.jpg\" alt='' title='Display-Fountaine-Pajot-2000x100-FRA'  height=\"100\" width=\"2000\"  itemprop=\"thumbnailUrl\" srcset=\"https:\/\/www.multicoque-online.com\/uploads\/2026\/02\/Display-Fountaine-Pajot-2000x100-ENG-2.jpg 2000w, https:\/\/www.multicoque-online.com\/uploads\/2026\/02\/Display-Fountaine-Pajot-2000x100-ENG-2-300x15.jpg 300w, https:\/\/www.multicoque-online.com\/uploads\/2026\/02\/Display-Fountaine-Pajot-2000x100-ENG-2-1030x52.jpg 1030w, https:\/\/www.multicoque-online.com\/uploads\/2026\/02\/Display-Fountaine-Pajot-2000x100-ENG-2-768x38.jpg 768w, https:\/\/www.multicoque-online.com\/uploads\/2026\/02\/Display-Fountaine-Pajot-2000x100-ENG-2-1536x77.jpg 1536w, https:\/\/www.multicoque-online.com\/uploads\/2026\/02\/Display-Fountaine-Pajot-2000x100-ENG-2-18x1.jpg 18w, https:\/\/www.multicoque-online.com\/uploads\/2026\/02\/Display-Fountaine-Pajot-2000x100-ENG-2-1500x75.jpg 1500w, https:\/\/www.multicoque-online.com\/uploads\/2026\/02\/Display-Fountaine-Pajot-2000x100-ENG-2-705x35.jpg 705w\" sizes=\"(max-width: 2000px) 100vw, 2000px\" \/><\/a><\/div><\/div><\/div><br \/>\n<div class='flex_column av-wgyve-507b812b1cace216c1f00205b687403f av_one_full  avia-builder-el-4  el_after_av_image  el_before_av_one_full  first flex_column_div'     ><section  class='av_textblock_section av-lri6l906-770edeec7a3b2acf04b21e9729a4e3dc'  itemscope=\"itemscope\" itemtype=\"https:\/\/schema.org\/CreativeWork\" ><div class='avia_textblock titrehn'  itemprop=\"text\" ><h1>Useful information<\/h1>\n<\/div><\/section><\/div><div class='flex_column av-rpvx6-5c898f38bd31f91e1aa06eaf53d9b7b6 av_one_full  avia-builder-el-6  el_after_av_one_full  avia-builder-el-last  first flex_column_div column-top-margin'     ><section  class='av_textblock_section av-lri6le7p-a76ef82acf264f49243ff108e7cdd913'  itemscope=\"itemscope\" itemtype=\"https:\/\/schema.org\/CreativeWork\" ><div class='avia_textblock'  itemprop=\"text\" ><h2>Dates and times<\/h2>\n<p><strong>Du 22 avril au 26 avril<\/strong>\u00a0<strong>2026<\/strong><br \/>\nWednesday to Saturday: 10 a.m. to 7 p.m.<br \/>\nSunday: 10 a.m. to 5 p.m.<\/p>\n<h2>Admission fees<\/h2>\n<p>One-day ticket ( 1 person ): \u20ac15<br \/>\nPass 5 jours (1 personne) : 50\u20ac<br \/>\nPrivilege Pass (valid for two person): \u20ac120<br \/>\n<em>Profitez d\u2019un acc\u00e8s exclusif avec une entr\u00e9e 5 jours pour deux personnes, un aller-retour inclus (gare (centre-ville ou Sud de France) ou a\u00e9roport de Montpellier > salon), ainsi que deux coupes de champagne offertes au Yacht Club.<\/em><\/p>\n<p>Under 16s \/ Students*: FREE<br \/>\n*on presentation of proof<br \/>\nPayment accepted: cash, bank card<\/p>\n<div class=\"doublebutton\" style=\"display: block !important; margin-bottom: 40px; margin-top: 0;\"><a style=\"display: none;\" href=\"#\">#<\/a><br \/>\n<a style=\"margin-right: 0;\" href=\"https:\/\/www.multicoque-online.com\/fr\/billetterie\/\">Buy tickets<\/a><\/div>\n<h2>Location<\/h2>\n<p>La Grande-Motte (34), France<\/p>\n<\/div><\/section><br \/>\n<br \/>\n\n<style type=\"text\/css\" data-created_by=\"avia_inline_auto\" id=\"style-css-av-md4b6b1y-b73f34ac5596fa153654f3ace55b5bae\">\n#top .hr.hr-invisible.av-md4b6b1y-b73f34ac5596fa153654f3ace55b5bae{\nheight:50px;\n}\n<\/style>\n<div  class='hr av-md4b6b1y-b73f34ac5596fa153654f3ace55b5bae hr-invisible  avia-builder-el-9  el_after_av_codeblock  el_before_av_textblock'><span class='hr-inner'><span class=\"hr-inner-style\"><\/span><\/span><\/div><br \/>\n<section  class='av_textblock_section av-mmkh4lc0-eacc77066dfe4fbde707f1bae3674ee8'  itemscope=\"itemscope\" itemtype=\"https:\/\/schema.org\/CreativeWork\" ><div class='avia_textblock'  itemprop=\"text\" ><h2>How to get to the show ...<\/h2>\n<p>How to get to La Grande Motte? Located on the edge of the Mediterranean at the gates of the Camargue,<br \/>\nthe city is accessible by road, plane, train, boat or coach.<\/p>\n<p><strong><span data-olk-copy-source=\"MessageBody\">Shuttles TOTOOM<\/span><\/strong><\/p>\n<p><img loading=\"lazy\" decoding=\"async\" class=\"wp-image-7590 alignnone\" src=\"https:\/\/www.multicoque-online.com\/uploads\/2026\/03\/Fichier-45-300x153.png\" alt=\"\" width=\"143\" height=\"73\" srcset=\"https:\/\/www.multicoque-online.com\/uploads\/2026\/03\/Fichier-45-300x153.png 300w, https:\/\/www.multicoque-online.com\/uploads\/2026\/03\/Fichier-45-1030x526.png 1030w, https:\/\/www.multicoque-online.com\/uploads\/2026\/03\/Fichier-45-768x392.png 768w, https:\/\/www.multicoque-online.com\/uploads\/2026\/03\/Fichier-45-1536x784.png 1536w, https:\/\/www.multicoque-online.com\/uploads\/2026\/03\/Fichier-45-18x9.png 18w, https:\/\/www.multicoque-online.com\/uploads\/2026\/03\/Fichier-45-1500x766.png 1500w, https:\/\/www.multicoque-online.com\/uploads\/2026\/03\/Fichier-45-705x360.png 705w, https:\/\/www.multicoque-online.com\/uploads\/2026\/03\/Fichier-45.png 1624w\" sizes=\"(max-width: 143px) 100vw, 143px\" \/><\/p>\n<p>Official Multihull 2026 shuttle partner<\/p>\n<p>Shuttle Montpellier (train stations &amp; airport) \u2194 La Grande-Motte<\/p>\n<p>12 allers-retours \/ jour<\/p>\n<p>Booking (up to 2h before departure)<br \/>\n<span lang=\"en-US\">\u2022<\/span><span lang=\"en-US\">\u2060<\/span><span lang=\"en-US\">\u00a0<\/span><span lang=\"en-US\">\u2060<\/span><a href=\"https:\/\/book.distribusion.com\/?retailerPartnerNumber=926100&amp;locale=fr)\"><span lang=\"en-US\">www.totoom.fr<\/span><\/a><br \/>\n<span lang=\"en-US\">\u2022<\/span><span lang=\"en-US\">\u2060<\/span> <span lang=\"en-US\">\u2060<\/span><span lang=\"en-US\">App: Navettes TOTOOM (App Store &amp; Google Play)<\/span><br \/>\n\u2022\u2060\u00a0\u2060+33 7 71 10 02 45<br \/>\n\u2022\u2060\u00a0\u2060contact@totoom.fr<br \/>\nTarif : 12\u20ac \/ place<\/p>\n<p>From Marseille Airport<\/p>\n<p>\u2022\u2060 SOLOOM app<br \/>\n\u2022\u2060 \u2060\u2060+33 7 71 10 02 45<br \/>\n\u2022\u2060\u00a0\u2060\u2060contact@totoom.fr<br \/>\nSpecial show fare: \u20ac210 \/ trip<\/p>\n<p><strong>NEW \u2013 Free Electric Shuttles by Totoom<\/strong><\/p>\n<p>To make getting around La Grande-Motte during the show easier <strong>a 100% electric shuttle service<\/strong> has been set up.<br \/>\nComfortable and eco-friendly, the shuttles run every 20 minutes between:<\/p>\n<ul>\n<li>The show entrance<\/li>\n<li>Pasino Partouche<\/li>\n<\/ul>\n<p><strong>Schedule:<\/strong><br \/>\nApril 22\u201325: 9:30 AM \u2013 7:30 PM<br \/>\nApril 26: 9:30 AM \u2013 5:30 PM<\/p>\n<p><strong>En taxi:\u00a0<\/strong><\/p>\n<p><img loading=\"lazy\" decoding=\"async\" class=\"wp-image-7772 alignnone\" src=\"https:\/\/www.multicoque-online.com\/uploads\/2026\/04\/montpellier-VTC.png\" alt=\"\" width=\"249\" height=\"142\" srcset=\"https:\/\/www.multicoque-online.com\/uploads\/2026\/04\/montpellier-VTC.png 300w, https:\/\/www.multicoque-online.com\/uploads\/2026\/04\/montpellier-VTC-18x10.png 18w\" sizes=\"(max-width: 249px) 100vw, 249px\" \/><\/p>\n<p>Romain Girona -Montpellier VTC<\/p>\n<p>T\u00e9l : +33 6 22 72 08 64<\/p>\n<p>Mail: contact@montpelliervtc.fr<\/p>\n<p>Site Web : <a href=\"http:\/\/www.montpelliervtc.fr\/\">www.montpelliervtc.fr<\/a><\/p>\n<div><strong>By road<\/strong>- A75 motorway from Paris and the centre of France<br \/>\n- A9 motorway from Lyon<br \/>\n- A61 motorway when arriving from Toulouse<br \/>\n&#8211; Sortie 26 (Gallargues &#8211; Aigues Mortes &#8211; Le Grau du Roi) en venant par l\u2019Est ou le Nord<br \/>\n&#8211; Sortie 29 (Montpellier-Est &#8211; Carnon &#8211; La Grande Motte) en venant de l\u2019Ouest<br \/>\nTwo dual carriageways (20 km each) link La Grande Motte to the A9 motorway:<br \/>\n&#8211; Bison fut\u00e9 : T\u00e9l. 04 91 78 78 78 (Marseille) &#8211; www.bison-fute.equipement.gouv.fr\/<br \/>\n&#8211; Autoroutes informations &#8211;\u00a0<a href=\"http:\/\/www.autoroutes.fr\/\">www.autoroutes.fr<\/a><\/p>\n<p><strong>By plane<\/strong><br \/>\n&#8211; A\u00e9roport Montpellier-M\u00e9diterran\u00e9e (10 km)<br \/>\nTel (+33) (0) 467 20 85 00<br \/>\n<a href=\"https:\/\/www.montpellier.aeroport.fr\/\">www.montpellier.aeroport.fr<\/a><br \/>\n&#8211; A\u00e9roport de N\u00eemes-Arles-Camargue (35 km)<br \/>\nTel (+33) (0) 466 70 49 49<br \/>\n<a href=\"https:\/\/www.nimes.aeroport.fr\/\">www.aeroport-nimes.fr<\/a><\/p>\n<p><strong>From the Airport<\/strong>, you will find a shuttle that will take you to the Place de France in Montpellier (Odysseum Shopping Center). When you get there, you have to take the bus n\u00b0606 and stop at the stop Grande Pyramide - Port, Grande Motte. (about 45min)<\/p>\n<p><strong>By rail<\/strong><br \/>\nDaily services to and from all major cities,<br \/>\nin particular the TGV high-speed train which arrives in<br \/>\nMontpellier.<br \/>\nFrom the railway station take the tramway (line 1) to the station<br \/>\n\u201cOdysseum\u201d<br \/>\nwhere a regular\ncoach (line n\u00b0606) provides a return shuttle service to and from<br \/>\nLa Grande Motte (45 minutes)<br \/>\n&#8211; Gare TGV de Montpellier \u00e0 21 km<br \/>\nT\u00e9l : 3635 SNCF &#8211;\u00a0<a href=\"http:\/\/www.voyages-sncf.com\/\">www.voyages-sncf.com<\/a><\/p>\n<p><strong>From the train station Saint Roch of Montpellier<\/strong>you have to take the blue tram, line 1, and stop at Place de France, then take the bus # 606. And stop at the stop Grande Pyramide - Port, Grande Motte. (about 1h)<\/p>\n<p><strong>From the train station Sud de France of Montpellier<\/strong>you have to take the bus n\u00b0606 and stop at the stop Grande Pyramide - Port, Grande Motte. (about 30min)<\/p>\n<p><strong>By coach<\/strong><br \/>\nRegular year-round services<\/p>\n<p>- H\u00e9rault Transport<br \/>\nReturn trip: Montpellier - Carnon - La Grande Motte<br \/>\nTel. (+33) (0) 467 06 03 67 Website with timetable :\u00a0<a href=\"http:\/\/www.herault-transport.fr\/\">www.herault-transport.fr<\/a><\/p>\n<p>- Bus du Pays de l'Or: From P\u00e9rols, Etang de l'Or stop, take line 4 to Grande Pyramide - La Grande Motte stop (45min)<\/p>\n<p>- From N\u00eemes, at the bus station, take the C132 and get to the Port - La Grande Motte stop (1.60\u20ac per ticket, 1h15 of travel)<\/p>\n<p><strong>PARKING PLAN\u00a0<\/strong><\/p>\n<p><a href=\"https:\/\/www.multicoque-online.com\/uploads\/2026\/03\/Capture-decran-2026-03-10-112846.png\"><img loading=\"lazy\" decoding=\"async\" class=\"alignnone wp-image-7523\" src=\"https:\/\/www.multicoque-online.com\/uploads\/2026\/03\/Capture-decran-2026-03-10-112846-300x211.png\" alt=\"\" width=\"437\" height=\"307\" srcset=\"https:\/\/www.multicoque-online.com\/uploads\/2026\/03\/Capture-decran-2026-03-10-112846-300x211.png 300w, https:\/\/www.multicoque-online.com\/uploads\/2026\/03\/Capture-decran-2026-03-10-112846-1030x725.png 1030w, https:\/\/www.multicoque-online.com\/uploads\/2026\/03\/Capture-decran-2026-03-10-112846-768x540.png 768w, https:\/\/www.multicoque-online.com\/uploads\/2026\/03\/Capture-decran-2026-03-10-112846-18x12.png 18w, https:\/\/www.multicoque-online.com\/uploads\/2026\/03\/Capture-decran-2026-03-10-112846-705x496.png 705w, https:\/\/www.multicoque-online.com\/uploads\/2026\/03\/Capture-decran-2026-03-10-112846.png 1042w\" sizes=\"(max-width: 437px) 100vw, 437px\" \/><\/a><\/p>\n<\/div>\n<\/div><\/section><br \/>\n<section  class='av_textblock_section av-m9ibm33t-9b461cce2a1ac5485772b9dc1ee058b5'  itemscope=\"itemscope\" itemtype=\"https:\/\/schema.org\/CreativeWork\" ><div class='avia_textblock'  itemprop=\"text\" ><h2>The Mediterranean Coast in Occitanie<\/h2>\n<p class=\"text-build-content\">Take advantage of your show visit to discover the treasures of the\u00a0<a class=\"link-build-content\" href=\"https:\/\/www.visit-occitanie.com\/en\/discovering\/our-universes\/sea\/\" target=\"_blank\" rel=\"noopener\"><u>Mediterranean coast<\/u><\/a>\u00a0as well as the tourist attractions of the hinterland, which you can discover thanks to the<a class=\"link-build-content\" href=\"https:\/\/www.visit-occitanie.com\/en\/rail-tour\/\" target=\"_blank\" rel=\"noopener\"><u>\u2019Occitanie Rail Tour<\/u><\/a>.<\/p>\n<\/div><\/section><\/p><\/div><\/p>\n<\/div><\/div><\/div>","protected":false},"excerpt":{"rendered":"","protected":false},"author":1,"featured_media":0,"parent":0,"menu_order":0,"comment_status":"closed","ping_status":"closed","template":"","meta":{"inline_featured_image":false,"footnotes":""},"acf":[],"yoast_head":"<!-- This site is optimized with the Yoast SEO plugin v23.4 - https:\/\/yoast.com\/wordpress\/plugins\/seo\/ -->\n<title>Infos pratiques - Multicoque<\/title>\n<meta name=\"description\" content=\"Consultez nos informations pratiques pour pr\u00e9parer votre visite au Salon Mondial du Multicoque. Horaires, tarifs, acc\u00e8s...\" \/>\n<meta name=\"robots\" content=\"index, follow, max-snippet:-1, max-image-preview:large, max-video-preview:-1\" \/>\n<link rel=\"canonical\" href=\"https:\/\/www.multicoque-online.com\/en\/useful-information\/\" \/>\n<meta property=\"og:locale\" content=\"en_GB\" \/>\n<meta property=\"og:type\" content=\"article\" \/>\n<meta property=\"og:title\" content=\"Infos pratiques - Multicoque\" \/>\n<meta property=\"og:description\" content=\"Consultez nos informations pratiques pour pr\u00e9parer votre visite au Salon Mondial du Multicoque. Horaires, tarifs, acc\u00e8s...\" \/>\n<meta property=\"og:url\" content=\"https:\/\/www.multicoque-online.com\/en\/useful-information\/\" \/>\n<meta property=\"og:site_name\" content=\"Multicoque\" \/>\n<meta property=\"article:modified_time\" content=\"2026-04-14T10:10:16+00:00\" \/>\n<meta property=\"og:image\" content=\"https:\/\/www.multicoque-online.com\/uploads\/2024\/03\/GREEN-DRIVER-4-300x169.png\" \/>\n<meta name=\"twitter:card\" content=\"summary_large_image\" \/>\n<meta name=\"twitter:label1\" content=\"Estimated reading time\" \/>\n\t<meta name=\"twitter:data1\" content=\"3 minutes\" \/>\n<script type=\"application\/ld+json\" class=\"yoast-schema-graph\">{\"@context\":\"https:\/\/schema.org\",\"@graph\":[{\"@type\":\"WebPage\",\"@id\":\"https:\/\/www.multicoque-online.com\/infos-pratiques\/\",\"url\":\"https:\/\/www.multicoque-online.com\/infos-pratiques\/\",\"name\":\"Infos pratiques - Multicoque\",\"isPartOf\":{\"@id\":\"https:\/\/www.multicoque-online.com\/#website\"},\"primaryImageOfPage\":{\"@id\":\"https:\/\/www.multicoque-online.com\/infos-pratiques\/#primaryimage\"},\"image\":{\"@id\":\"https:\/\/www.multicoque-online.com\/infos-pratiques\/#primaryimage\"},\"thumbnailUrl\":\"https:\/\/www.multicoque-online.com\/uploads\/2026\/03\/Fichier-45-300x153.png\",\"datePublished\":\"2024-01-17T19:33:57+00:00\",\"dateModified\":\"2026-04-14T10:10:16+00:00\",\"description\":\"Consultez nos informations pratiques pour pr\u00e9parer votre visite au Salon Mondial du Multicoque. Horaires, tarifs, acc\u00e8s...\",\"breadcrumb\":{\"@id\":\"https:\/\/www.multicoque-online.com\/infos-pratiques\/#breadcrumb\"},\"inLanguage\":\"en-GB\",\"potentialAction\":[{\"@type\":\"ReadAction\",\"target\":[\"https:\/\/www.multicoque-online.com\/infos-pratiques\/\"]}]},{\"@type\":\"ImageObject\",\"inLanguage\":\"en-GB\",\"@id\":\"https:\/\/www.multicoque-online.com\/infos-pratiques\/#primaryimage\",\"url\":\"https:\/\/www.multicoque-online.com\/uploads\/2026\/03\/Fichier-45-300x153.png\",\"contentUrl\":\"https:\/\/www.multicoque-online.com\/uploads\/2026\/03\/Fichier-45-300x153.png\"},{\"@type\":\"BreadcrumbList\",\"@id\":\"https:\/\/www.multicoque-online.com\/infos-pratiques\/#breadcrumb\",\"itemListElement\":[{\"@type\":\"ListItem\",\"position\":1,\"name\":\"Accueil\",\"item\":\"https:\/\/www.multicoque-online.com\/home\/\"},{\"@type\":\"ListItem\",\"position\":2,\"name\":\"Infos pratiques\"}]},{\"@type\":\"WebSite\",\"@id\":\"https:\/\/www.multicoque-online.com\/#website\",\"url\":\"https:\/\/www.multicoque-online.com\/\",\"name\":\"Multicoque\",\"description\":\"\",\"publisher\":{\"@id\":\"https:\/\/www.multicoque-online.com\/#organization\"},\"potentialAction\":[{\"@type\":\"SearchAction\",\"target\":{\"@type\":\"EntryPoint\",\"urlTemplate\":\"https:\/\/www.multicoque-online.com\/?s={search_term_string}\"},\"query-input\":{\"@type\":\"PropertyValueSpecification\",\"valueRequired\":true,\"valueName\":\"search_term_string\"}}],\"inLanguage\":\"en-GB\"},{\"@type\":\"Organization\",\"@id\":\"https:\/\/www.multicoque-online.com\/#organization\",\"name\":\"Multicoque\",\"url\":\"https:\/\/www.multicoque-online.com\/\",\"logo\":{\"@type\":\"ImageObject\",\"inLanguage\":\"en-GB\",\"@id\":\"https:\/\/www.multicoque-online.com\/#\/schema\/logo\/image\/\",\"url\":\"https:\/\/www.multicoque-online.com\/uploads\/2024\/01\/MultiHullShow-logo2023_Violet.png\",\"contentUrl\":\"https:\/\/www.multicoque-online.com\/uploads\/2024\/01\/MultiHullShow-logo2023_Violet.png\",\"width\":2485,\"height\":770,\"caption\":\"Multicoque\"},\"image\":{\"@id\":\"https:\/\/www.multicoque-online.com\/#\/schema\/logo\/image\/\"}}]}<\/script>\n<!-- \/ Yoast SEO plugin. -->","yoast_head_json":{"title":"Infos pratiques - Multicoque","description":"Consult our practical information to prepare your visit to the Salon Mondial du Multicoque. Schedules, prices, access: everything you need for a successful experience.","robots":{"index":"index","follow":"follow","max-snippet":"max-snippet:-1","max-image-preview":"max-image-preview:large","max-video-preview":"max-video-preview:-1"},"canonical":"https:\/\/www.multicoque-online.com\/en\/useful-information\/","og_locale":"en_GB","og_type":"article","og_title":"Infos pratiques - Multicoque","og_description":"Consultez nos informations pratiques pour pr\u00e9parer votre visite au Salon Mondial du Multicoque. Horaires, tarifs, acc\u00e8s...","og_url":"https:\/\/www.multicoque-online.com\/en\/useful-information\/","og_site_name":"Multicoque","article_modified_time":"2026-04-14T10:10:16+00:00","og_image":[{"url":"https:\/\/www.multicoque-online.com\/uploads\/2024\/03\/GREEN-DRIVER-4-300x169.png"}],"twitter_card":"summary_large_image","twitter_misc":{"Estimated reading time":"3 minutes"},"schema":{"@context":"https:\/\/schema.org","@graph":[{"@type":"WebPage","@id":"https:\/\/www.multicoque-online.com\/infos-pratiques\/","url":"https:\/\/www.multicoque-online.com\/infos-pratiques\/","name":"Infos pratiques - Multicoque","isPartOf":{"@id":"https:\/\/www.multicoque-online.com\/#website"},"primaryImageOfPage":{"@id":"https:\/\/www.multicoque-online.com\/infos-pratiques\/#primaryimage"},"image":{"@id":"https:\/\/www.multicoque-online.com\/infos-pratiques\/#primaryimage"},"thumbnailUrl":"https:\/\/www.multicoque-online.com\/uploads\/2026\/03\/Fichier-45-300x153.png","datePublished":"2024-01-17T19:33:57+00:00","dateModified":"2026-04-14T10:10:16+00:00","description":"Consult our practical information to prepare your visit to the Salon Mondial du Multicoque. Schedules, prices, access: everything you need for a successful experience.","breadcrumb":{"@id":"https:\/\/www.multicoque-online.com\/infos-pratiques\/#breadcrumb"},"inLanguage":"en-GB","potentialAction":[{"@type":"ReadAction","target":["https:\/\/www.multicoque-online.com\/infos-pratiques\/"]}]},{"@type":"ImageObject","inLanguage":"en-GB","@id":"https:\/\/www.multicoque-online.com\/infos-pratiques\/#primaryimage","url":"https:\/\/www.multicoque-online.com\/uploads\/2026\/03\/Fichier-45-300x153.png","contentUrl":"https:\/\/www.multicoque-online.com\/uploads\/2026\/03\/Fichier-45-300x153.png"},{"@type":"BreadcrumbList","@id":"https:\/\/www.multicoque-online.com\/infos-pratiques\/#breadcrumb","itemListElement":[{"@type":"ListItem","position":1,"name":"Accueil","item":"https:\/\/www.multicoque-online.com\/home\/"},{"@type":"ListItem","position":2,"name":"Infos pratiques"}]},{"@type":"WebSite","@id":"https:\/\/www.multicoque-online.com\/#website","url":"https:\/\/www.multicoque-online.com\/","name":"Multihull","description":"","publisher":{"@id":"https:\/\/www.multicoque-online.com\/#organization"},"potentialAction":[{"@type":"SearchAction","target":{"@type":"EntryPoint","urlTemplate":"https:\/\/www.multicoque-online.com\/?s={search_term_string}"},"query-input":{"@type":"PropertyValueSpecification","valueRequired":true,"valueName":"search_term_string"}}],"inLanguage":"en-GB"},{"@type":"Organization","@id":"https:\/\/www.multicoque-online.com\/#organization","name":"Multihull","url":"https:\/\/www.multicoque-online.com\/","logo":{"@type":"ImageObject","inLanguage":"en-GB","@id":"https:\/\/www.multicoque-online.com\/#\/schema\/logo\/image\/","url":"https:\/\/www.multicoque-online.com\/uploads\/2024\/01\/MultiHullShow-logo2023_Violet.png","contentUrl":"https:\/\/www.multicoque-online.com\/uploads\/2024\/01\/MultiHullShow-logo2023_Violet.png","width":2485,"height":770,"caption":"Multicoque"},"image":{"@id":"https:\/\/www.multicoque-online.com\/#\/schema\/logo\/image\/"}}]}},"_links":{"self":[{"href":"https:\/\/www.multicoque-online.com\/en\/wp-json\/wp\/v2\/pages\/402"}],"collection":[{"href":"https:\/\/www.multicoque-online.com\/en\/wp-json\/wp\/v2\/pages"}],"about":[{"href":"https:\/\/www.multicoque-online.com\/en\/wp-json\/wp\/v2\/types\/page"}],"author":[{"embeddable":true,"href":"https:\/\/www.multicoque-online.com\/en\/wp-json\/wp\/v2\/users\/1"}],"replies":[{"embeddable":true,"href":"https:\/\/www.multicoque-online.com\/en\/wp-json\/wp\/v2\/comments?post=402"}],"version-history":[{"count":1,"href":"https:\/\/www.multicoque-online.com\/en\/wp-json\/wp\/v2\/pages\/402\/revisions"}],"predecessor-version":[{"id":7773,"href":"https:\/\/www.multicoque-online.com\/en\/wp-json\/wp\/v2\/pages\/402\/revisions\/7773"}],"wp:attachment":[{"href":"https:\/\/www.multicoque-online.com\/en\/wp-json\/wp\/v2\/media?parent=402"}],"curies":[{"name":"wp","href":"https:\/\/api.w.org\/{rel}","templated":true}]}}