{"id":549,"date":"2024-01-18T11:34:16","date_gmt":"2024-01-18T10:34:16","guid":{"rendered":"https:\/\/multicoque.ae2agence.ovh\/?page_id=549"},"modified":"2024-01-18T11:41:07","modified_gmt":"2024-01-18T10:41:07","slug":"legals","status":"publish","type":"page","link":"https:\/\/www.multicoque-online.com\/en\/legals\/","title":{"rendered":"Legal mentions"},"content":{"rendered":"<div id='av-layout-grid-1'  class='av-layout-grid-container av-1digmt-4082da97f9291dcb500920c1eefb01c7 entry-content-wrapper main_color av-flex-cells  avia-builder-el-0  avia-builder-el-no-sibling  gridtypemlcq  container_wrap fullsize'  >\n\n<style type=\"text\/css\" data-created_by=\"avia_inline_auto\" id=\"style-css-av-19k4el-0d29d1d6601ba5cb57d43294853d232b\">\n.flex_cell.av-19k4el-0d29d1d6601ba5cb57d43294853d232b{\nvertical-align:top;\n}\n<\/style>\n<div class='flex_cell av-19k4el-0d29d1d6601ba5cb57d43294853d232b av-gridrow-cell av_three_fourth no_margin  avia-builder-el-1  el_before_av_cell_one_fourth  avia-builder-el-first' ><div class='flex_cell_inner'><p><div class='flex_column av-14h24l-b7d1f3563fde6962814c825ef095cc95 av_one_full  avia-builder-el-2  el_before_av_one_full  avia-builder-el-first  first flex_column_div'     ><section  class='av_textblock_section av-lrj2qglg-6a85ba34c932b6df9187f58f2ff3f82a'  itemscope=\"itemscope\" itemtype=\"https:\/\/schema.org\/CreativeWork\" ><div class='avia_textblock titrehn'  itemprop=\"text\" ><h1>Legal mentions<\/h1>\n<\/div><\/section><\/div><div class='flex_column av-v44hx-0f665b7fb92242e9ef3f5bf802d62f02 av_one_full  avia-builder-el-4  el_after_av_one_full  avia-builder-el-last  first flex_column_div column-top-margin'     ><section  class='av_textblock_section av-rj7al-5d6267ecf011f40d472e28222f83edf8'  itemscope=\"itemscope\" itemtype=\"https:\/\/schema.org\/CreativeWork\" ><div class='avia_textblock'  itemprop=\"text\" ><h3>\u00c9diteur<\/h3>\n<p><strong>M2O Organisation<\/strong><br \/>\nPlein Sud 45, Quai Emile Cormerais<br \/>\n44800 Saint-Herblain<\/p>\n<p>Tel : 02 40 434 634<br \/>\nFax 02 28 03 19 40<\/p>\n<h3>H\u00e9bergement<\/h3>\n<p>OVH Sarl, 2 rue Kellermann &#8211; 59100 Roubaix &#8211; France.<\/p>\n<h3>Directeur de la publication<\/h3>\n<p><strong>M2O Organisation<\/strong><br \/>\nPlein Sud 45, Quai Emile Cormerais<br \/>\n44800 Saint-Herblain<\/p>\n<h3>Conception et d\u00e9veloppement web<\/h3>\n<p>Conseil, design, d\u00e9veloppement et int\u00e9gration,\u00a0<a href=\"http:\/\/ae2agence.com\/\" target=\"_blank\" rel=\"noopener\">Agence AE2<\/a><\/p>\n<p><strong>AE2 Agence<\/strong><br \/>\n11 rue du Chemin Rouge<br \/>\nB\u00e2timent A<br \/>\n44300 NANTES<\/p>\n<h3>Droits d&rsquo;auteur<\/h3>\n<p>Ce site doit \u00eatre consid\u00e9r\u00e9 comme un tout indissociable. Les informations y figurant sont r\u00e9serv\u00e9es \u00e0 un usage exclusivement personnel et ne peuvent \u00eatre en tout ou partie ni reproduites, ni communiqu\u00e9es. Certaines des donn\u00e9es (textes, publications, sons ou images) figurant sur les pages de ce site ont fait l\u2019objet d\u2019une autorisation de publication, de diffusion ou d\u2019un droit d\u2019usage acquis aupr\u00e8s de tiers. Toute reproduction, repr\u00e9sentation ou diffusion, \u00e0 des fins autres que personnelles ou celles explicitement autoris\u00e9es, en tout ou partie du contenu du site sur quelque support ou par tout proc\u00e9d\u00e9 que ce soit, est interdite.<\/p>\n<p>Le non-respect de cette interdiction constitue une contrefa\u00e7on susceptible d\u2019engager la responsabilit\u00e9 civile et p\u00e9nale du contrefacteur. Il est strictement interdit d\u2019utiliser ou de reproduire les logos, seuls ou associ\u00e9s, \u00e0 quelque titre que ce soit, et notamment \u00e0 des fins publicitaires, sans l\u2019accord pr\u00e9alable \u00e9crit des diff\u00e9rentes structures .<\/p>\n<h3>Conditions d\u2019utilisation<\/h3>\n<p>Les informations fournies dans ce site ne sont donn\u00e9es qu\u2019\u00e0 titre indicatif et n\u2019ont pas de valeur contractuelle.<br \/>\nCe site est soumis \u00e0 la loi fran\u00e7aise.<\/p>\n<p>Vous reconnaissez avoir pris connaissance des pr\u00e9sentes conditions g\u00e9n\u00e9rales d\u2019utilisation que vous vous engagez \u00e0 respecter.<br \/>\nVous reconnaissez disposer de la comp\u00e9tence et des moyens n\u00e9cessaires pour acc\u00e9der et utiliser ce site.<br \/>\nVous reconnaissez avoir v\u00e9rifi\u00e9 que la configuration informatique utilis\u00e9e ne contient aucun virus et qu\u2019elle est en parfait \u00e9tat de fonctionnement. L\u2019\u00e9diteur du site web met tout en \u0153uvre pour vous offrir des informations et\/ou outils disponibles et v\u00e9rifi\u00e9s, mais ne saurait \u00eatre tenu pour responsable des erreurs, d\u2019une absence de disponibilit\u00e9 des informations et\/ou de la pr\u00e9sence d\u2019un virus sur son site.<\/p>\n<p>Les informations fournies par l\u2019\u00e9diteur du site web le sont \u00e0 titre indicatif et ne sauraient vous dispenser d\u2019une analyse compl\u00e9mentaire et personnalis\u00e9e.<br \/>\nL\u2019\u00e9diteur du site web ne saurait garantir l\u2019exactitude, la compl\u00e9tude, l\u2019actualit\u00e9 des informations diffus\u00e9es sur son site.<br \/>\nEn cons\u00e9quence, l\u2019\u00e9diteur ne saurait \u00eatre tenu pour responsable direct ou indirect des retards ou omissions quant aux contenus du pr\u00e9sent site web.<br \/>\nEn cons\u00e9quence, vous reconnaissez utiliser les informations fournies par le pr\u00e9sent site web sous votre responsabilit\u00e9 exclusive.<br \/>\nL\u2019\u00e9diteur du site web ne saurait \u00eatre responsable de votre acc\u00e8s via les liens hypertextes mis en place dans le cadre du site web en direction d\u2019autres ressources pr\u00e9sentes sur le r\u00e9seau Internet.<\/p>\n<\/div><\/section><\/div><\/p>\n<\/div><\/div>\n<style type=\"text\/css\" data-created_by=\"avia_inline_auto\" id=\"style-css-av-jrpkd-5edb9dd41b2f6ed160a13ea2ec65aedc\">\n.flex_cell.av-jrpkd-5edb9dd41b2f6ed160a13ea2ec65aedc{\nvertical-align:top;\n}\n<\/style>\n<div class='flex_cell av-jrpkd-5edb9dd41b2f6ed160a13ea2ec65aedc av-gridrow-cell av_one_fourth no_margin  avia-builder-el-6  el_after_av_cell_three_fourth  avia-builder-el-last' ><div class='flex_cell_inner'><div class='flex_column av-d4971-20d11192f4eef42c3e9d2dc0af57ba62 av_one_full  avia-builder-el-7  avia-builder-el-no-sibling  first flex_column_div'     ><section  class='av_textblock_section av-bshad-7a5bc2ca49017173b392c25c231f5a06'  itemscope=\"itemscope\" itemtype=\"https:\/\/schema.org\/CreativeWork\" ><div class='avia_textblock'  itemprop=\"text\" ><p><iframe loading=\"lazy\" class=\"\" style=\"border: none; visibility: visible; width: 275px; height: 390px;\" title=\"fb:page Facebook Social Plugin\" src=\"https:\/\/www.facebook.com\/v3.2\/plugins\/page.php?adapt_container_width=true&#038;app_id=1101047086724778&#038;channel=https%3A%2F%2Fstaticxx.facebook.com%2Fx%2Fconnect%2Fxd_arbiter%2F%3Fversion%3D46%23cb%3Df290795d4018d28%26domain%3Dwww.multicoque-online.com%26is_canvas%3Dfalse%26origin%3Dhttps%253A%252F%252Fwww.multicoque-online.com%252Ff13c0ab6d92d08%26relation%3Dparent.parent&#038;container_width=275&#038;height=390&#038;hide_cover=true&#038;href=https%3A%2F%2Fwww.facebook.com%2FInternationalMultihullShow%2F&#038;locale=fr_FR&#038;sdk=joey&#038;show_facepile=false&#038;small_header=true&#038;tabs=timeline\" name=\"f228380b3f2f8e\" width=\"1000px\" height=\"390px\" frameborder=\"0\" scrolling=\"no\" allowfullscreen=\"allowfullscreen\" data-testid=\"fb:page Facebook Social Plugin\"><\/iframe><\/p>\n<\/div><\/section><\/div>\n<\/div><\/div><\/div>","protected":false},"excerpt":{"rendered":"","protected":false},"author":1,"featured_media":0,"parent":0,"menu_order":0,"comment_status":"closed","ping_status":"closed","template":"","meta":{"inline_featured_image":false,"footnotes":""},"acf":[],"yoast_head":"<!-- This site is optimized with the Yoast SEO plugin v23.4 - https:\/\/yoast.com\/wordpress\/plugins\/seo\/ -->\n<title>Mentions l\u00e9gales - Multicoque<\/title>\n<meta name=\"robots\" content=\"index, follow, max-snippet:-1, max-image-preview:large, max-video-preview:-1\" \/>\n<link rel=\"canonical\" href=\"https:\/\/www.multicoque-online.com\/en\/legals\/\" \/>\n<meta property=\"og:locale\" content=\"en_GB\" \/>\n<meta property=\"og:type\" content=\"article\" \/>\n<meta property=\"og:title\" content=\"Mentions l\u00e9gales - Multicoque\" \/>\n<meta property=\"og:url\" content=\"https:\/\/www.multicoque-online.com\/en\/legals\/\" \/>\n<meta property=\"og:site_name\" content=\"Multicoque\" \/>\n<meta property=\"article:modified_time\" content=\"2024-01-18T10:41:07+00:00\" \/>\n<meta property=\"og:image\" content=\"https:\/\/www.multicoque-online.com\/uploads\/2024\/01\/MultiHullShow-logo2023_Violet.png\" \/>\n\t<meta property=\"og:image:width\" content=\"2485\" \/>\n\t<meta property=\"og:image:height\" content=\"770\" \/>\n\t<meta property=\"og:image:type\" content=\"image\/png\" \/>\n<meta name=\"twitter:card\" content=\"summary_large_image\" \/>\n<meta name=\"twitter:label1\" content=\"Estimated reading time\" \/>\n\t<meta name=\"twitter:data1\" content=\"1 minute\" \/>\n<script type=\"application\/ld+json\" class=\"yoast-schema-graph\">{\"@context\":\"https:\/\/schema.org\",\"@graph\":[{\"@type\":\"WebPage\",\"@id\":\"https:\/\/www.multicoque-online.com\/en\/legals\/\",\"url\":\"https:\/\/www.multicoque-online.com\/en\/legals\/\",\"name\":\"Mentions l\u00e9gales - Multicoque\",\"isPartOf\":{\"@id\":\"https:\/\/www.multicoque-online.com\/#website\"},\"datePublished\":\"2024-01-18T10:34:16+00:00\",\"dateModified\":\"2024-01-18T10:41:07+00:00\",\"breadcrumb\":{\"@id\":\"https:\/\/www.multicoque-online.com\/en\/legals\/#breadcrumb\"},\"inLanguage\":\"en-GB\",\"potentialAction\":[{\"@type\":\"ReadAction\",\"target\":[\"https:\/\/www.multicoque-online.com\/en\/legals\/\"]}]},{\"@type\":\"BreadcrumbList\",\"@id\":\"https:\/\/www.multicoque-online.com\/en\/legals\/#breadcrumb\",\"itemListElement\":[{\"@type\":\"ListItem\",\"position\":1,\"name\":\"Accueil\",\"item\":\"https:\/\/www.multicoque-online.com\/home\/\"},{\"@type\":\"ListItem\",\"position\":2,\"name\":\"Mentions l\u00e9gales\"}]},{\"@type\":\"WebSite\",\"@id\":\"https:\/\/www.multicoque-online.com\/#website\",\"url\":\"https:\/\/www.multicoque-online.com\/\",\"name\":\"Multicoque\",\"description\":\"\",\"publisher\":{\"@id\":\"https:\/\/www.multicoque-online.com\/#organization\"},\"potentialAction\":[{\"@type\":\"SearchAction\",\"target\":{\"@type\":\"EntryPoint\",\"urlTemplate\":\"https:\/\/www.multicoque-online.com\/?s={search_term_string}\"},\"query-input\":{\"@type\":\"PropertyValueSpecification\",\"valueRequired\":true,\"valueName\":\"search_term_string\"}}],\"inLanguage\":\"en-GB\"},{\"@type\":\"Organization\",\"@id\":\"https:\/\/www.multicoque-online.com\/#organization\",\"name\":\"Multicoque\",\"url\":\"https:\/\/www.multicoque-online.com\/\",\"logo\":{\"@type\":\"ImageObject\",\"inLanguage\":\"en-GB\",\"@id\":\"https:\/\/www.multicoque-online.com\/#\/schema\/logo\/image\/\",\"url\":\"https:\/\/www.multicoque-online.com\/uploads\/2024\/01\/MultiHullShow-logo2023_Violet.png\",\"contentUrl\":\"https:\/\/www.multicoque-online.com\/uploads\/2024\/01\/MultiHullShow-logo2023_Violet.png\",\"width\":2485,\"height\":770,\"caption\":\"Multicoque\"},\"image\":{\"@id\":\"https:\/\/www.multicoque-online.com\/#\/schema\/logo\/image\/\"}}]}<\/script>\n<!-- \/ Yoast SEO plugin. -->","yoast_head_json":{"title":"Mentions l\u00e9gales - Multicoque","robots":{"index":"index","follow":"follow","max-snippet":"max-snippet:-1","max-image-preview":"max-image-preview:large","max-video-preview":"max-video-preview:-1"},"canonical":"https:\/\/www.multicoque-online.com\/en\/legals\/","og_locale":"en_GB","og_type":"article","og_title":"Mentions l\u00e9gales - Multicoque","og_url":"https:\/\/www.multicoque-online.com\/en\/legals\/","og_site_name":"Multicoque","article_modified_time":"2024-01-18T10:41:07+00:00","og_image":[{"width":2485,"height":770,"url":"https:\/\/www.multicoque-online.com\/uploads\/2024\/01\/MultiHullShow-logo2023_Violet.png","type":"image\/png"}],"twitter_card":"summary_large_image","twitter_misc":{"Estimated reading time":"1 minute"},"schema":{"@context":"https:\/\/schema.org","@graph":[{"@type":"WebPage","@id":"https:\/\/www.multicoque-online.com\/en\/legals\/","url":"https:\/\/www.multicoque-online.com\/en\/legals\/","name":"Mentions l\u00e9gales - Multicoque","isPartOf":{"@id":"https:\/\/www.multicoque-online.com\/#website"},"datePublished":"2024-01-18T10:34:16+00:00","dateModified":"2024-01-18T10:41:07+00:00","breadcrumb":{"@id":"https:\/\/www.multicoque-online.com\/en\/legals\/#breadcrumb"},"inLanguage":"en-GB","potentialAction":[{"@type":"ReadAction","target":["https:\/\/www.multicoque-online.com\/en\/legals\/"]}]},{"@type":"BreadcrumbList","@id":"https:\/\/www.multicoque-online.com\/en\/legals\/#breadcrumb","itemListElement":[{"@type":"ListItem","position":1,"name":"Accueil","item":"https:\/\/www.multicoque-online.com\/home\/"},{"@type":"ListItem","position":2,"name":"Mentions l\u00e9gales"}]},{"@type":"WebSite","@id":"https:\/\/www.multicoque-online.com\/#website","url":"https:\/\/www.multicoque-online.com\/","name":"Multihull","description":"","publisher":{"@id":"https:\/\/www.multicoque-online.com\/#organization"},"potentialAction":[{"@type":"SearchAction","target":{"@type":"EntryPoint","urlTemplate":"https:\/\/www.multicoque-online.com\/?s={search_term_string}"},"query-input":{"@type":"PropertyValueSpecification","valueRequired":true,"valueName":"search_term_string"}}],"inLanguage":"en-GB"},{"@type":"Organization","@id":"https:\/\/www.multicoque-online.com\/#organization","name":"Multihull","url":"https:\/\/www.multicoque-online.com\/","logo":{"@type":"ImageObject","inLanguage":"en-GB","@id":"https:\/\/www.multicoque-online.com\/#\/schema\/logo\/image\/","url":"https:\/\/www.multicoque-online.com\/uploads\/2024\/01\/MultiHullShow-logo2023_Violet.png","contentUrl":"https:\/\/www.multicoque-online.com\/uploads\/2024\/01\/MultiHullShow-logo2023_Violet.png","width":2485,"height":770,"caption":"Multicoque"},"image":{"@id":"https:\/\/www.multicoque-online.com\/#\/schema\/logo\/image\/"}}]}},"_links":{"self":[{"href":"https:\/\/www.multicoque-online.com\/en\/wp-json\/wp\/v2\/pages\/549"}],"collection":[{"href":"https:\/\/www.multicoque-online.com\/en\/wp-json\/wp\/v2\/pages"}],"about":[{"href":"https:\/\/www.multicoque-online.com\/en\/wp-json\/wp\/v2\/types\/page"}],"author":[{"embeddable":true,"href":"https:\/\/www.multicoque-online.com\/en\/wp-json\/wp\/v2\/users\/1"}],"replies":[{"embeddable":true,"href":"https:\/\/www.multicoque-online.com\/en\/wp-json\/wp\/v2\/comments?post=549"}],"version-history":[{"count":1,"href":"https:\/\/www.multicoque-online.com\/en\/wp-json\/wp\/v2\/pages\/549\/revisions"}],"predecessor-version":[{"id":560,"href":"https:\/\/www.multicoque-online.com\/en\/wp-json\/wp\/v2\/pages\/549\/revisions\/560"}],"wp:attachment":[{"href":"https:\/\/www.multicoque-online.com\/en\/wp-json\/wp\/v2\/media?parent=549"}],"curies":[{"name":"wp","href":"https:\/\/api.w.org\/{rel}","templated":true}]}}