{"id":553,"date":"2024-01-18T11:35:07","date_gmt":"2024-01-18T10:35:07","guid":{"rendered":"https:\/\/multicoque.ae2agence.ovh\/?page_id=553"},"modified":"2024-01-18T11:45:35","modified_gmt":"2024-01-18T10:45:35","slug":"cookies","status":"publish","type":"page","link":"https:\/\/www.multicoque-online.com\/en\/cookies\/","title":{"rendered":"Cookies"},"content":{"rendered":"<div id='av-layout-grid-1'  class='av-layout-grid-container av-554s1-0e708d77408f1ee76f02a8ee0e25c6e4 entry-content-wrapper main_color av-flex-cells  avia-builder-el-0  avia-builder-el-no-sibling  gridtypemlcq  container_wrap fullsize'  >\n\n<style type=\"text\/css\" data-created_by=\"avia_inline_auto\" id=\"style-css-av-18kuch-99e3ad8ecfe59ed6abe3246ea33a9da0\">\n.flex_cell.av-18kuch-99e3ad8ecfe59ed6abe3246ea33a9da0{\nvertical-align:top;\n}\n<\/style>\n<div class='flex_cell av-18kuch-99e3ad8ecfe59ed6abe3246ea33a9da0 av-gridrow-cell av_three_fourth no_margin  avia-builder-el-1  el_before_av_cell_one_fourth  avia-builder-el-first' ><div class='flex_cell_inner'><p><div class='flex_column av-10e409-f5d64f31712f537ee531c04449d484eb av_one_full  avia-builder-el-2  el_before_av_one_full  avia-builder-el-first  first flex_column_div'     ><section  class='av_textblock_section av-lrj2sbla-07a6405e728302018700423008a7220b'  itemscope=\"itemscope\" itemtype=\"https:\/\/schema.org\/CreativeWork\" ><div class='avia_textblock titrehn'  itemprop=\"text\" ><h1>Cookies<\/h1>\n<\/div><\/section><\/div><div class='flex_column av-y35w9-1538913a4dad6e9f19bbb391ff49c75e av_one_full  avia-builder-el-4  el_after_av_one_full  avia-builder-el-last  first flex_column_div column-top-margin'     ><section  class='av_textblock_section av-2qo4h-71f3c5b396784c0718ea08c9520f38d7'  itemscope=\"itemscope\" itemtype=\"https:\/\/schema.org\/CreativeWork\" ><div class='avia_textblock'  itemprop=\"text\" ><p class=\"p1\">Le site\u00a0<strong>www.multicoque-online.com<\/strong><strong>\u00a0<\/strong>\u00e9dit\u00e9 par\u00a0Le Salon International du Multicoque par M2Organisation\u00a0utilise des cookies susceptibles d\u2019enregistrer des informations relatives \u00e0 votre navigation, sous r\u00e9serve des choix que vous auriez exprim\u00e9s \u00e0 leur sujet et que vous pouvez modifier \u00e0 tout moment.<\/p>\n<p class=\"p1\">Cette page est destin\u00e9e \u00e0 vous informer sur la nature de ces cookies, leurs finalit\u00e9s et les moyens dont vous disposez pour vous y opposer.<\/p>\n<p class=\"p2\">\n<h2><strong>1. QU\u2019EST-CE QU\u2019UN COOKIE ?\u00a0<\/strong><\/h2>\n<p class=\"p3\">Un \u00ab cookie \u00bb, \u00e9galement appel\u00e9 t\u00e9moin de connexion, est un fichier texte de petite taille, d\u00e9pos\u00e9 par le serveur d\u2019un site Internet sur le disque dur du terminal que vous utilisez pour consulter un site Internet, c\u2019est-\u00e0-dire votre ordinateur, votre tablette ou votre smartphone.<\/p>\n<p class=\"p2\">\n<h2 class=\"p1\"><strong>2. A QUOI \u00c7A SERT ?\u00a0<\/strong><\/h2>\n<p class=\"p3\">Ces cookies permettent de stocker des informations sur votre terminal ou d\u2019acc\u00e9der \u00e0 des informations qui y sont d\u00e9j\u00e0 stock\u00e9es.<\/p>\n<p class=\"p1\">En recueillant et en conservant des informations sur votre navigation, les cookies nous permettent de mieux comprendre le comportement des utilisateurs de notre site et nous aident ainsi \u00e0 vous procurer un usage et un service de qualit\u00e9 lors de votre visite et, de cette fa\u00e7on, de vous proposer la meilleure exp\u00e9rience possible sur le site.<\/p>\n<p class=\"p1\">Les cookies ne stockent aucune donn\u00e9e personnelle sensible vous concernant, mais reconnaissent simplement l&rsquo;appareil que vous \u00eates en train d&rsquo;utiliser pour nous permettre de comprendre la fa\u00e7on avec laquelle vous naviguez sur le site et ainsi am\u00e9liorer sa qualit\u00e9 et y faciliter votre navigation.<\/p>\n<p class=\"p1\">En tant qu\u2019\u00e9metteur de cookies, nous sommes seuls susceptibles de lire ou modifier les informations qui sont contenues sur les cookies que nous d\u00e9posons sur votre terminal lors de votre navigation sur le site.<\/p>\n<p class=\"p2\">\n<h2 class=\"p1\"><strong>3. QUELS SONT LES COOKIES UTILIS\u00c9S SUR LE SITE ET POUR QUELLES FINALIT\u00c9S ?\u00a0<\/strong><\/h2>\n<p class=\"p3\">Pour vous rendre la navigation sur le site toujours plus agr\u00e9able et facile, mais \u00e9galement pour mieux vous conna\u00eetre, nous utilisons plusieurs types de cookies susceptibles d\u2019\u00eatre enregistr\u00e9s sur votre terminal au cours de votre navigation sur notre site.<\/p>\n<p class=\"p1\">Des cookies peuvent \u00e9galement \u00eatre \u00e9mis par des tiers, notamment des r\u00e9seaux sociaux via l\u2019utilisation de boutons de partage.<\/p>\n<p class=\"p1\">De mani\u00e8re g\u00e9n\u00e9rale, les cookies peuvent \u00eatre distingu\u00e9s en deux cat\u00e9gories :<\/p>\n<p class=\"p1\">&#8211; Les cookies ayant pour finalit\u00e9 exclusive de permettre ou faciliter la communication par voie \u00e9lectronique ou \u00e9tant strictement n\u00e9cessaires \u00e0 la fourniture d&rsquo;un service de communication en ligne \u00e0 la demande expresse de l&rsquo;utilisateur : ces cookies peuvent \u00eatre d\u00e9pos\u00e9s sans votre consentement pr\u00e9alable ;<\/p>\n<p class=\"p1\">&#8211; Les autres cookies dont les finalit\u00e9s peuvent \u00eatre vari\u00e9es : statistiques, mesures d\u2019audience, partage de contenu vers les r\u00e9seaux sociaux, etc. : ces cookies sont soumis \u00e0 votre consentement avant d\u2019\u00eatre d\u00e9pos\u00e9s sur votre terminal<\/p>\n<p class=\"p2\">\n<h3><strong>3.1. Les cookies techniques indispensables\u00a0<\/strong><\/h3>\n<p class=\"p3\">Les finalit\u00e9s de chacun des types de cookies utilis\u00e9s sur le site sont d\u00e9crites ci-dessous.<\/p>\n<p class=\"p1\">Nous utilisons des cookies techniques qui sont indispensables \u00e0 votre navigation sur le site, \u00e0 son bon fonctionnement et l\u2019acc\u00e8s aux diff\u00e9rents produits et services qui y sont propos\u00e9s.<\/p>\n<p class=\"p1\">Ils nous permettent de vous proposer des services indispensables comme :<\/p>\n<p class=\"p1\">&#8211; L\u2019acc\u00e8s \u00e0 vos espaces personnels, tels que votre compte client ou utilisateur, et aux contenus qui vous y sont r\u00e9serv\u00e9s sur la base des informations transmises lors de la cr\u00e9ation de votre compte ;<\/p>\n<p class=\"p3\">\n<p class=\"p1\">&#8211; Le bon fonctionnement de votre panier d\u2019achat, en m\u00e9morisant les produits ou services command\u00e9s jusqu\u2019\u00e0 la page de confirmation de votre commande ;<\/p>\n<p class=\"p3\">\n<p class=\"p1\">&#8211; L\u2019information sur la pr\u00e9sence de cookies lors de votre premi\u00e8re navigation sur le site, par l\u2019affichage d\u2019un bandeau.<\/p>\n<p class=\"p3\">\n<h3 class=\"p1\"><span class=\"Apple-converted-space\">\u00a0\u00a0<\/span><strong>3.2. Les cookies techniques fonctionnels\u00a0<\/strong><\/h3>\n<p class=\"p3\">Les cookies techniques que nous utilisons sont ceux propos\u00e9s.<\/p>\n<p class=\"p1\">Dans la mesure o\u00f9 ces cookies sont strictement n\u00e9cessaires, ils peuvent \u00eatre d\u00e9pos\u00e9s sans votre consentement pr\u00e9alable.<\/p>\n<p class=\"p1\"><strong>Important :\u00a0<\/strong><\/p>\n<p class=\"p1\">Ces cookies sont strictement n\u00e9cessaires \u00e0 l\u2019utilisation du site. Si vous d\u00e9cidez de les d\u00e9sactiver, nous ne pouvons pas vous assurer un acc\u00e8s au site, une navigation normale et le fonctionnement correct des services qui y sont propos\u00e9s.<\/p>\n<p class=\"p1\">Nous utilisons des cookies techniques fonctionnels qui ont pour objectif de fluidifier votre navigation sur le site et de permettre l\u2019utilisation optimale de ses diff\u00e9rentes fonctionnalit\u00e9s.<\/p>\n<p class=\"p1\">Ils ont pour finalit\u00e9 de rendre \u00e9galement le fonctionnement du site plus convivial en vous offrant une exp\u00e9rience en ligne plus personnalis\u00e9e.<\/p>\n<p class=\"p1\">Ces cookies sont utilis\u00e9s pour :<\/p>\n<p class=\"p1\">\u2212 Adapter et optimiser la pr\u00e9sentation du site aux pr\u00e9f\u00e9rences d&rsquo;affichage de votre terminal (langue utilis\u00e9e, r\u00e9solution d&rsquo;affichage, syst\u00e8me d&rsquo;exploitation utilis\u00e9, etc.) selon le type de terminal que vous utilisez et les logiciels de visualisation ou de lecture qu\u2019il comporte ;<\/p>\n<p class=\"p3\">\n<p class=\"p1\">\u2212 Vous identifier lorsque vous vous connectez sur le site, en m\u00e9morisant vos identifiants et mots de passe, afin que vous n&rsquo;ayez pas \u00e0 saisir ces informations manuellement \u00e0 chaque visite ;<\/p>\n<p class=\"p3\">\n<p class=\"p1\">\u2212 Faciliter vos recherches en conservant vos recherches automatiques et en m\u00e9morisant vos pr\u00e9f\u00e9rences ;<\/p>\n<p class=\"p3\">\n<p class=\"p1\">\u2212 Am\u00e9liorer votre exp\u00e9rience utilisateur en pr\u00e9remplissant certains champs des formulaires avec des informations relatives \u00e0 des formulaires que vous auriez d\u00e9j\u00e0 renseign\u00e9s sur le site.<\/p>\n<p class=\"p2\">\n<h3 class=\"p1\"><strong>3.3. Les cookies de performance\u00a0<\/strong><\/h3>\n<p class=\"p3\">Les cookies techniques fonctionnels que nous utilisons sont ceux propos\u00e9s.<\/p>\n<p class=\"p1\">Ces cookies techniques fonctionnels ne sont pas indispensables au bon fonctionnement du site mais ont pour objectif principal de faciliter votre navigation et la fourniture de services am\u00e9lior\u00e9s.<\/p>\n<p class=\"p1\">Nous utilisons des cookies de performance pour analyser l\u2019utilisation qui est faite du site afin d\u2019en optimiser le fonctionnement et la performance et d\u2019am\u00e9liorer votre exp\u00e9rience de navigation.<\/p>\n<p class=\"p1\">Ces cookies sont utilis\u00e9s pour :<\/p>\n<p class=\"p1\">&#8211; Etablir des statistiques de fr\u00e9quentation et d\u2019utilisation du site ;<\/p>\n<p class=\"p3\">&#8211; Recenser le nombre de visiteurs ;<\/p>\n<p class=\"p3\">&#8211; Analyser le nombre de pages visit\u00e9es, la fr\u00e9quence, la dur\u00e9e et la r\u00e9currence des visites ;<\/p>\n<p class=\"p3\">&#8211; Enregistrer la fa\u00e7on dont vous utilisez le site.<\/p>\n<p class=\"p2\">\n<h3 class=\"p1\"><strong>3.4. Les cookies tiers des r\u00e9seaux sociaux\u00a0<\/strong><\/h3>\n<p class=\"p3\">\n<p class=\"p1\">Les cookies de performance que nous utilisons sont ceux propos\u00e9s par GOOGLE ANALYTICS.<\/p>\n<p class=\"p1\">Le site vous propose l\u2019utilisation de boutons de partage vous permettant de partager du contenu depuis le site vers des r\u00e9seaux sociaux (Facebook, Twitter, Google Plus, Linkedin, Viadeo, etc.).<\/p>\n<p class=\"p1\">Ils sont int\u00e9gr\u00e9s via des applications tierces pouvant \u00e9mettre des cookies.<\/p>\n<p class=\"p1\">Lorsque vous utilisez ces boutons de partage, un cookie tiers est install\u00e9 par le r\u00e9seau social concern\u00e9 sur votre terminal.<\/p>\n<p class=\"p3\">\n<h3 class=\"p1\"><strong>3.5. Les cookies tiers de consultation de vid\u00e9os\u00a0<\/strong><\/h3>\n<p class=\"p2\">Le site int\u00e8gre des contenus appartenant \u00e0 des tiers, et notamment des modules permettant de visionner des vid\u00e9os permettant d&rsquo;enrichir le site de contenu multim\u00e9dia.<\/p>\n<p class=\"p1\">Les fournisseurs tiers de ces services (YouTube, Dailymotion, Vimeo, etc.) peuvent d\u00e9poser des cookies lorsque vous visitez le site et ainsi \u00eatre inform\u00e9s de votre navigation sur le site.<\/p>\n<p class=\"p1\">Nous vous invitons \u00e0 consulter les politiques de protection des donn\u00e9es personnelles propres \u00e0 chacun de ces tiers afin de prendre connaissance des finalit\u00e9s d\u2019utilisation, notamment publicitaires, des informations qu\u2019ils peuvent recueillir gr\u00e2ce \u00e0 ces fonctionnalit\u00e9s.<\/p>\n<p class=\"p2\">\n<p class=\"p1\"><strong>3.6. Les autres cookies tiers\u00a0<\/strong><\/p>\n<p class=\"p3\">Le r\u00e9seau social fournissant le bouton applicatif est susceptible de vous identifier gr\u00e2ce \u00e0 ce bouton m\u00eame si vous ne l\u2019utilisez pas, du seul fait que votre compte sur ce r\u00e9seau social est activ\u00e9 sur votre terminal lors de votre navigation sur le site.<\/p>\n<p class=\"p1\">Nous vous invitons \u00e0 consulter les politiques de protection des donn\u00e9es personnelles propres \u00e0 chacun de ces r\u00e9seaux sociaux afin de prendre connaissance des finalit\u00e9s d\u2019utilisation, notamment publicitaires, des informations qu\u2019ils peuvent recueillir gr\u00e2ce \u00e0 ces boutons applicatifs.<\/p>\n<p class=\"p1\">Le site int\u00e8gre des contenus appartenant \u00e0 des tiers, et notamment des modules permettant de visionner des vid\u00e9os permettant d&rsquo;enrichir le site de contenu multim\u00e9dia.<\/p>\n<p class=\"p1\">Les fournisseurs tiers de ces services (YouTube, Dailymotion, Vimeo, etc.) peuvent d\u00e9poser des cookies lorsque vous visitez le site et ainsi \u00eatre inform\u00e9s de votre navigation sur le site.<\/p>\n<p class=\"p1\">Nous vous invitons \u00e0 consulter les politiques de protection des donn\u00e9es personnelles propres \u00e0 chacun de ces tiers afin de prendre connaissance des finalit\u00e9s d\u2019utilisation, notamment publicitaires, des informations qu\u2019ils peuvent recueillir gr\u00e2ce \u00e0 ces fonctionnalit\u00e9s.<\/p>\n<p class=\"p1\">Le site int\u00e8gre des contenus appartenant \u00e0 des tiers \u00e0 travers l\u2019utilisation de balises iframes, permettant d\u2019afficher sur le site un contenu (texte, image, etc.) en provenance d\u2019un serveur tiers.<\/p>\n<p class=\"p1\">Les \u00e9diteurs des sites contenus dans ces iframes sont susceptibles de d\u00e9poser des cookies lorsque vous naviguez sur le site.<\/p>\n<p class=\"p1\">Nous vous invitons \u00e0 consulter les politiques de protection des donn\u00e9es personnelles propres \u00e0 chacun de ces tiers afin de prendre connaissance des finalit\u00e9s d\u2019utilisation, notamment publicitaires, des informations qu\u2019ils peuvent recueillir gr\u00e2ce \u00e0 ces iframes.<\/p>\n<p class=\"p2\">\n<p><strong>4. COMBIEN DE TEMPS LES COOKIES SONT-ILS CONSERV\u00c9S ?\u00a0<\/strong><\/p>\n<p class=\"p3\">La dur\u00e9e de conservation des cookies d\u00e9pos\u00e9s sur le site varie selon leur type.<\/p>\n<p class=\"p1\">Conform\u00e9ment aux recommandations de la CNIL et \u00e0 la r\u00e9glementation relative \u00e0 la protection des donn\u00e9es personnelles, les cookies n\u00e9cessitant le consentement de l\u2019internaute doivent avoir une dur\u00e9e de vie limit\u00e9e \u00e0 13 mois apr\u00e8s leur premier d\u00e9p\u00f4t sur son terminal, ne pouvant pas \u00eatre prolong\u00e9e lors de nouvelles visites sur le site.<\/p>\n<p class=\"p2\">\n<h2 class=\"p1\"><strong>5. COMMENT ACCEPTER OU REFUSER LE D\u00c9P\u00d4T DE COOKIES ?\u00a0<\/strong><\/h2>\n<p class=\"p3\">Vous pouvez \u00e0 tout moment exprimer ou modifier vos souhaits en mati\u00e8re de cookies, et notamment retirer votre consentement.<\/p>\n<p class=\"p3\">\n<h3 class=\"p3\"><strong>5.1. Exercer vos choix selon le navigateur utilis\u00e9\u00a0<\/strong><\/h3>\n<p class=\"p3\">Pour cela, vous devez configurer votre logiciel de navigation de mani\u00e8re \u00e0 ce que des cookies soient enregistr\u00e9s dans votre terminal ou, au contraire, qu&rsquo;ils soient rejet\u00e9s, soit syst\u00e9matiquement, soit selon leur \u00e9metteur.<\/p>\n<p class=\"p1\">Vous pouvez \u00e9galement configurer votre logiciel de navigation de mani\u00e8re \u00e0 ce que l&rsquo;acceptation ou le refus des cookies vous soient propos\u00e9s ponctuellement, avant qu&rsquo;un cookie soit susceptible d&rsquo;\u00eatre enregistr\u00e9 dans votre terminal.<\/p>\n<p class=\"p1\">Si vous refusez le d\u00e9p\u00f4t des cookies techniques, il est possible que vous ne puissiez pas b\u00e9n\u00e9ficier de certaines fonctionnalit\u00e9s du site.<\/p>\n<p class=\"p1\">Si vous avez d\u00e9cid\u00e9 de ne pas donner votre consentement quant \u00e0 l&rsquo;utilisation des cookies qui l&rsquo;exigent ou si vous l&rsquo;avez r\u00e9voqu\u00e9, vous pourrez alors b\u00e9n\u00e9ficier uniquement des fonctionnalit\u00e9s du site dont l&rsquo;utilisation n&rsquo;exige pas de tels cookies et les fonctionnalit\u00e9s du site potentiellement susceptibles d&rsquo;int\u00e9grer des contenus provenant de tiers ne vous seront pas propos\u00e9es.<\/p>\n<p class=\"p1\">Pour la gestion des cookies, la configuration de chaque navigateur est diff\u00e9rente. Vous trouverez ci-apr\u00e8s les liens ou d\u00e9marches vous permettant d\u2019acc\u00e9der aux informations d\u00e9taill\u00e9es sur le param\u00e9trage des cookies :<\/p>\n<p class=\"p4\"><span class=\"s1\">&#8211; Internet Explorer :\u00a0<a href=\"http:\/\/windows.microsoft.com\/fr-fr\/internet-explorer\/delete-manage-cookies#ie=ie-11\"><span class=\"s2\">http:\/\/windows.microsoft.com\/fr-fr\/internet-explorer\/delete-manage-cookies#ie=ie-11<\/span><\/a>\u00a0<\/span><\/p>\n<p class=\"p4\"><span class=\"s1\">&#8211; Google Chrome :\u00a0<a href=\"https:\/\/support.google.com\/chrome\/answer\/95647?hl=fr&amp;hlrm=en\"><span class=\"s2\">https:\/\/support.google.com\/chrome\/answer\/95647?hl=fr&amp;hlrm=en<\/span><\/a>\u00a0<\/span><\/p>\n<p class=\"p4\"><span class=\"s1\">&#8211; Mozilla Firefox :\u00a0<a href=\"https:\/\/support.mozilla.org\/fr\/kb\/activer-desactiver-cookies-preferences?redirectlocale=fr&amp;redirectslug=activer-desactiver-cookies\"><span class=\"s2\">https:\/\/support.mozilla.org\/fr\/kb\/activer-desactiver-cookies-preferences?redirectlocale=fr&amp;redirectslug=activer-desactiver-cookies<\/span><\/a>\u00a0<\/span><\/p>\n<p class=\"p1\">&#8211; Safari : cliquez sur le bouton Param\u00e8tres, puis Pr\u00e9f\u00e9rences. Dans la fen\u00eatre qui s\u2019affiche, choisissez Confidentialit\u00e9\/S\u00e9curit\u00e9 et cliquez sur Afficher les Cookies. S\u00e9lectionnez les Cookies que vous souhaitez d\u00e9sactiver puis clic sur Effacer ou sur Tout effacer.<\/p>\n<\/div><\/section><\/div><\/p>\n<\/div><\/div>\n<style type=\"text\/css\" data-created_by=\"avia_inline_auto\" id=\"style-css-av-ldwh5-dd63d3ad29ec14d37bf07b1ec8a02a8e\">\n.flex_cell.av-ldwh5-dd63d3ad29ec14d37bf07b1ec8a02a8e{\nvertical-align:top;\n}\n<\/style>\n<div class='flex_cell av-ldwh5-dd63d3ad29ec14d37bf07b1ec8a02a8e av-gridrow-cell av_one_fourth no_margin  avia-builder-el-6  el_after_av_cell_three_fourth  avia-builder-el-last' ><div class='flex_cell_inner'><div class='flex_column av-cwjf5-2128ae0db9c525cbe75a644ebe1b67c6 av_one_full  avia-builder-el-7  avia-builder-el-no-sibling  first flex_column_div'     ><section  class='av_textblock_section av-xom9-711b15f27ae8c117d5e6c923eb27c9ff'  itemscope=\"itemscope\" itemtype=\"https:\/\/schema.org\/CreativeWork\" ><div class='avia_textblock'  itemprop=\"text\" ><p><iframe loading=\"lazy\" class=\"\" style=\"border: none; visibility: visible; width: 275px; height: 390px;\" title=\"fb:page Facebook Social Plugin\" src=\"https:\/\/www.facebook.com\/v3.2\/plugins\/page.php?adapt_container_width=true&#038;app_id=1101047086724778&#038;channel=https%3A%2F%2Fstaticxx.facebook.com%2Fx%2Fconnect%2Fxd_arbiter%2F%3Fversion%3D46%23cb%3Df290795d4018d28%26domain%3Dwww.multicoque-online.com%26is_canvas%3Dfalse%26origin%3Dhttps%253A%252F%252Fwww.multicoque-online.com%252Ff13c0ab6d92d08%26relation%3Dparent.parent&#038;container_width=275&#038;height=390&#038;hide_cover=true&#038;href=https%3A%2F%2Fwww.facebook.com%2FInternationalMultihullShow%2F&#038;locale=fr_FR&#038;sdk=joey&#038;show_facepile=false&#038;small_header=true&#038;tabs=timeline\" name=\"f228380b3f2f8e\" width=\"1000px\" height=\"390px\" frameborder=\"0\" scrolling=\"no\" allowfullscreen=\"allowfullscreen\" data-testid=\"fb:page Facebook Social Plugin\"><\/iframe><\/p>\n<\/div><\/section><\/div>\n<\/div><\/div><\/div>","protected":false},"excerpt":{"rendered":"","protected":false},"author":1,"featured_media":0,"parent":0,"menu_order":0,"comment_status":"closed","ping_status":"closed","template":"","meta":{"inline_featured_image":false,"footnotes":""},"acf":[],"yoast_head":"<!-- This site is optimized with the Yoast SEO plugin v23.4 - https:\/\/yoast.com\/wordpress\/plugins\/seo\/ -->\n<title>Cookies - Multicoque<\/title>\n<meta name=\"robots\" content=\"index, follow, max-snippet:-1, max-image-preview:large, max-video-preview:-1\" \/>\n<link rel=\"canonical\" href=\"https:\/\/www.multicoque-online.com\/en\/cookies\/\" \/>\n<meta property=\"og:locale\" content=\"en_GB\" \/>\n<meta property=\"og:type\" content=\"article\" \/>\n<meta property=\"og:title\" content=\"Cookies - Multicoque\" \/>\n<meta property=\"og:url\" content=\"https:\/\/www.multicoque-online.com\/en\/cookies\/\" \/>\n<meta property=\"og:site_name\" content=\"Multicoque\" \/>\n<meta property=\"article:modified_time\" content=\"2024-01-18T10:45:35+00:00\" \/>\n<meta property=\"og:image\" content=\"https:\/\/www.multicoque-online.com\/uploads\/2024\/01\/MultiHullShow-logo2023_Violet.png\" \/>\n\t<meta property=\"og:image:width\" content=\"2485\" \/>\n\t<meta property=\"og:image:height\" content=\"770\" \/>\n\t<meta property=\"og:image:type\" content=\"image\/png\" \/>\n<meta name=\"twitter:card\" content=\"summary_large_image\" \/>\n<meta name=\"twitter:label1\" content=\"Estimated reading time\" \/>\n\t<meta name=\"twitter:data1\" content=\"1 minute\" \/>\n<script type=\"application\/ld+json\" class=\"yoast-schema-graph\">{\"@context\":\"https:\/\/schema.org\",\"@graph\":[{\"@type\":\"WebPage\",\"@id\":\"https:\/\/www.multicoque-online.com\/en\/cookies\/\",\"url\":\"https:\/\/www.multicoque-online.com\/en\/cookies\/\",\"name\":\"Cookies - Multicoque\",\"isPartOf\":{\"@id\":\"https:\/\/www.multicoque-online.com\/#website\"},\"datePublished\":\"2024-01-18T10:35:07+00:00\",\"dateModified\":\"2024-01-18T10:45:35+00:00\",\"breadcrumb\":{\"@id\":\"https:\/\/www.multicoque-online.com\/en\/cookies\/#breadcrumb\"},\"inLanguage\":\"en-GB\",\"potentialAction\":[{\"@type\":\"ReadAction\",\"target\":[\"https:\/\/www.multicoque-online.com\/en\/cookies\/\"]}]},{\"@type\":\"BreadcrumbList\",\"@id\":\"https:\/\/www.multicoque-online.com\/en\/cookies\/#breadcrumb\",\"itemListElement\":[{\"@type\":\"ListItem\",\"position\":1,\"name\":\"Accueil\",\"item\":\"https:\/\/www.multicoque-online.com\/home\/\"},{\"@type\":\"ListItem\",\"position\":2,\"name\":\"Cookies\"}]},{\"@type\":\"WebSite\",\"@id\":\"https:\/\/www.multicoque-online.com\/#website\",\"url\":\"https:\/\/www.multicoque-online.com\/\",\"name\":\"Multicoque\",\"description\":\"\",\"publisher\":{\"@id\":\"https:\/\/www.multicoque-online.com\/#organization\"},\"potentialAction\":[{\"@type\":\"SearchAction\",\"target\":{\"@type\":\"EntryPoint\",\"urlTemplate\":\"https:\/\/www.multicoque-online.com\/?s={search_term_string}\"},\"query-input\":{\"@type\":\"PropertyValueSpecification\",\"valueRequired\":true,\"valueName\":\"search_term_string\"}}],\"inLanguage\":\"en-GB\"},{\"@type\":\"Organization\",\"@id\":\"https:\/\/www.multicoque-online.com\/#organization\",\"name\":\"Multicoque\",\"url\":\"https:\/\/www.multicoque-online.com\/\",\"logo\":{\"@type\":\"ImageObject\",\"inLanguage\":\"en-GB\",\"@id\":\"https:\/\/www.multicoque-online.com\/#\/schema\/logo\/image\/\",\"url\":\"https:\/\/www.multicoque-online.com\/uploads\/2024\/01\/MultiHullShow-logo2023_Violet.png\",\"contentUrl\":\"https:\/\/www.multicoque-online.com\/uploads\/2024\/01\/MultiHullShow-logo2023_Violet.png\",\"width\":2485,\"height\":770,\"caption\":\"Multicoque\"},\"image\":{\"@id\":\"https:\/\/www.multicoque-online.com\/#\/schema\/logo\/image\/\"}}]}<\/script>\n<!-- \/ Yoast SEO plugin. -->","yoast_head_json":{"title":"Cookies - Multicoque","robots":{"index":"index","follow":"follow","max-snippet":"max-snippet:-1","max-image-preview":"max-image-preview:large","max-video-preview":"max-video-preview:-1"},"canonical":"https:\/\/www.multicoque-online.com\/en\/cookies\/","og_locale":"en_GB","og_type":"article","og_title":"Cookies - Multicoque","og_url":"https:\/\/www.multicoque-online.com\/en\/cookies\/","og_site_name":"Multicoque","article_modified_time":"2024-01-18T10:45:35+00:00","og_image":[{"width":2485,"height":770,"url":"https:\/\/www.multicoque-online.com\/uploads\/2024\/01\/MultiHullShow-logo2023_Violet.png","type":"image\/png"}],"twitter_card":"summary_large_image","twitter_misc":{"Estimated reading time":"1 minute"},"schema":{"@context":"https:\/\/schema.org","@graph":[{"@type":"WebPage","@id":"https:\/\/www.multicoque-online.com\/en\/cookies\/","url":"https:\/\/www.multicoque-online.com\/en\/cookies\/","name":"Cookies - Multicoque","isPartOf":{"@id":"https:\/\/www.multicoque-online.com\/#website"},"datePublished":"2024-01-18T10:35:07+00:00","dateModified":"2024-01-18T10:45:35+00:00","breadcrumb":{"@id":"https:\/\/www.multicoque-online.com\/en\/cookies\/#breadcrumb"},"inLanguage":"en-GB","potentialAction":[{"@type":"ReadAction","target":["https:\/\/www.multicoque-online.com\/en\/cookies\/"]}]},{"@type":"BreadcrumbList","@id":"https:\/\/www.multicoque-online.com\/en\/cookies\/#breadcrumb","itemListElement":[{"@type":"ListItem","position":1,"name":"Accueil","item":"https:\/\/www.multicoque-online.com\/home\/"},{"@type":"ListItem","position":2,"name":"Cookies"}]},{"@type":"WebSite","@id":"https:\/\/www.multicoque-online.com\/#website","url":"https:\/\/www.multicoque-online.com\/","name":"Multihull","description":"","publisher":{"@id":"https:\/\/www.multicoque-online.com\/#organization"},"potentialAction":[{"@type":"SearchAction","target":{"@type":"EntryPoint","urlTemplate":"https:\/\/www.multicoque-online.com\/?s={search_term_string}"},"query-input":{"@type":"PropertyValueSpecification","valueRequired":true,"valueName":"search_term_string"}}],"inLanguage":"en-GB"},{"@type":"Organization","@id":"https:\/\/www.multicoque-online.com\/#organization","name":"Multihull","url":"https:\/\/www.multicoque-online.com\/","logo":{"@type":"ImageObject","inLanguage":"en-GB","@id":"https:\/\/www.multicoque-online.com\/#\/schema\/logo\/image\/","url":"https:\/\/www.multicoque-online.com\/uploads\/2024\/01\/MultiHullShow-logo2023_Violet.png","contentUrl":"https:\/\/www.multicoque-online.com\/uploads\/2024\/01\/MultiHullShow-logo2023_Violet.png","width":2485,"height":770,"caption":"Multicoque"},"image":{"@id":"https:\/\/www.multicoque-online.com\/#\/schema\/logo\/image\/"}}]}},"_links":{"self":[{"href":"https:\/\/www.multicoque-online.com\/en\/wp-json\/wp\/v2\/pages\/553"}],"collection":[{"href":"https:\/\/www.multicoque-online.com\/en\/wp-json\/wp\/v2\/pages"}],"about":[{"href":"https:\/\/www.multicoque-online.com\/en\/wp-json\/wp\/v2\/types\/page"}],"author":[{"embeddable":true,"href":"https:\/\/www.multicoque-online.com\/en\/wp-json\/wp\/v2\/users\/1"}],"replies":[{"embeddable":true,"href":"https:\/\/www.multicoque-online.com\/en\/wp-json\/wp\/v2\/comments?post=553"}],"version-history":[{"count":2,"href":"https:\/\/www.multicoque-online.com\/en\/wp-json\/wp\/v2\/pages\/553\/revisions"}],"predecessor-version":[{"id":563,"href":"https:\/\/www.multicoque-online.com\/en\/wp-json\/wp\/v2\/pages\/553\/revisions\/563"}],"wp:attachment":[{"href":"https:\/\/www.multicoque-online.com\/en\/wp-json\/wp\/v2\/media?parent=553"}],"curies":[{"name":"wp","href":"https:\/\/api.w.org\/{rel}","templated":true}]}}