{"id":402,"date":"2024-01-17T20:33:57","date_gmt":"2024-01-17T19:33:57","guid":{"rendered":"https:\/\/multicoque.ae2agence.ovh\/?page_id=402"},"modified":"2026-04-14T12:10:16","modified_gmt":"2026-04-14T10:10:16","slug":"infos-pratiques","status":"publish","type":"page","link":"https:\/\/www.multicoque-online.com\/fr\/infos-pratiques\/","title":{"rendered":"Infos pratiques"},"content":{"rendered":"<div id='av-layout-grid-1'  class='av-layout-grid-container av-1bmme2-c97733860e64bc65d62fb8bd237fcaaf entry-content-wrapper main_color av-flex-cells  avia-builder-el-0  avia-builder-el-no-sibling  gridtypemlcq  container_wrap fullsize'  >\n\n<style type=\"text\/css\" data-created_by=\"avia_inline_auto\" id=\"style-css-av-14rxzm-2acea56ff4a57669316246a254c765e2\">\n.flex_cell.av-14rxzm-2acea56ff4a57669316246a254c765e2{\nvertical-align:top;\n}\n<\/style>\n<div class='flex_cell av-14rxzm-2acea56ff4a57669316246a254c765e2 av-gridrow-cell av_three_fourth no_margin  avia-builder-el-1  avia-builder-el-no-sibling ' ><div class='flex_cell_inner'><p>\n<style type=\"text\/css\" data-created_by=\"avia_inline_auto\" id=\"style-css-av-m6i6tayv-40573a4bb907c267e957fdc4f079087c\">\n.avia-image-container.av-m6i6tayv-40573a4bb907c267e957fdc4f079087c img.avia_image{\nbox-shadow:none;\n}\n.avia-image-container.av-m6i6tayv-40573a4bb907c267e957fdc4f079087c .av-image-caption-overlay-center{\ncolor:#ffffff;\n}\n<\/style>\n<div  class='avia-image-container av-m6i6tayv-40573a4bb907c267e957fdc4f079087c av-styling- avia-align-center  avia-builder-el-2  el_before_av_image  avia-builder-el-first  av-desktop-hide av-medium-hide'   itemprop=\"image\" itemscope=\"itemscope\" itemtype=\"https:\/\/schema.org\/ImageObject\" ><div class=\"avia-image-container-inner\"><div class=\"avia-image-overlay-wrap\"><a href=\"https:\/\/www.catamarans-fountaine-pajot.com\/international-multihull-show-2026-fountaine-pajot-france\/\" class='avia_image' target=\"_blank\" rel=\"noopener noreferrer\"><img decoding=\"async\" class='wp-image-7117 avia-img-lazy-loading-not-7117 avia_image ' src=\"https:\/\/www.multicoque-online.com\/uploads\/2026\/02\/Display-Fountaine-Pajot-400x200-FRA.jpg\" alt='' title='Display-Fountaine-Pajot-400x200-FRA'  height=\"200\" width=\"400\"  itemprop=\"thumbnailUrl\" srcset=\"https:\/\/www.multicoque-online.com\/uploads\/2026\/02\/Display-Fountaine-Pajot-400x200-FRA.jpg 400w, https:\/\/www.multicoque-online.com\/uploads\/2026\/02\/Display-Fountaine-Pajot-400x200-FRA-300x150.jpg 300w, https:\/\/www.multicoque-online.com\/uploads\/2026\/02\/Display-Fountaine-Pajot-400x200-FRA-18x9.jpg 18w\" sizes=\"(max-width: 400px) 100vw, 400px\" \/><\/a><\/div><\/div><\/div><br \/>\n\n<style type=\"text\/css\" data-created_by=\"avia_inline_auto\" id=\"style-css-av-m6i6u3ps-45db6e66b0cb46d4ec2af32998ca8bb4\">\n.avia-image-container.av-m6i6u3ps-45db6e66b0cb46d4ec2af32998ca8bb4 img.avia_image{\nbox-shadow:none;\n}\n.avia-image-container.av-m6i6u3ps-45db6e66b0cb46d4ec2af32998ca8bb4 .av-image-caption-overlay-center{\ncolor:#ffffff;\n}\n<\/style>\n<div  class='avia-image-container av-m6i6u3ps-45db6e66b0cb46d4ec2af32998ca8bb4 av-styling- avia-align-center  avia-builder-el-3  el_after_av_image  el_before_av_one_full  av-small-hide av-mini-hide'   itemprop=\"image\" itemscope=\"itemscope\" itemtype=\"https:\/\/schema.org\/ImageObject\" ><div class=\"avia-image-container-inner\"><div class=\"avia-image-overlay-wrap\"><a href=\"https:\/\/www.catamarans-fountaine-pajot.com\/international-multihull-show-2026-fountaine-pajot-france\/\" class='avia_image' target=\"_blank\" rel=\"noopener noreferrer\"><img decoding=\"async\" class='wp-image-7119 avia-img-lazy-loading-not-7119 avia_image ' src=\"https:\/\/www.multicoque-online.com\/uploads\/2026\/02\/Display-Fountaine-Pajot-2000x100-FRA.jpg\" alt='' title='Display-Fountaine-Pajot-2000x100-FRA'  height=\"100\" width=\"2000\"  itemprop=\"thumbnailUrl\" srcset=\"https:\/\/www.multicoque-online.com\/uploads\/2026\/02\/Display-Fountaine-Pajot-2000x100-FRA.jpg 2000w, https:\/\/www.multicoque-online.com\/uploads\/2026\/02\/Display-Fountaine-Pajot-2000x100-FRA-300x15.jpg 300w, https:\/\/www.multicoque-online.com\/uploads\/2026\/02\/Display-Fountaine-Pajot-2000x100-FRA-1030x52.jpg 1030w, https:\/\/www.multicoque-online.com\/uploads\/2026\/02\/Display-Fountaine-Pajot-2000x100-FRA-768x38.jpg 768w, https:\/\/www.multicoque-online.com\/uploads\/2026\/02\/Display-Fountaine-Pajot-2000x100-FRA-1536x77.jpg 1536w, https:\/\/www.multicoque-online.com\/uploads\/2026\/02\/Display-Fountaine-Pajot-2000x100-FRA-18x1.jpg 18w, https:\/\/www.multicoque-online.com\/uploads\/2026\/02\/Display-Fountaine-Pajot-2000x100-FRA-1500x75.jpg 1500w, https:\/\/www.multicoque-online.com\/uploads\/2026\/02\/Display-Fountaine-Pajot-2000x100-FRA-705x35.jpg 705w\" sizes=\"(max-width: 2000px) 100vw, 2000px\" \/><\/a><\/div><\/div><\/div><br \/>\n<div class='flex_column av-wgyve-507b812b1cace216c1f00205b687403f av_one_full  avia-builder-el-4  el_after_av_image  el_before_av_one_full  first flex_column_div '     ><section  class='av_textblock_section av-lri6l906-770edeec7a3b2acf04b21e9729a4e3dc'  itemscope=\"itemscope\" itemtype=\"https:\/\/schema.org\/CreativeWork\" ><div class='avia_textblock titrehn'  itemprop=\"text\" ><h1>Informations pratiques<\/h1>\n<\/div><\/section><\/div><div class='flex_column av-rpvx6-5c898f38bd31f91e1aa06eaf53d9b7b6 av_one_full  avia-builder-el-6  el_after_av_one_full  avia-builder-el-last  first flex_column_div column-top-margin'     ><section  class='av_textblock_section av-lri6le7p-a76ef82acf264f49243ff108e7cdd913'  itemscope=\"itemscope\" itemtype=\"https:\/\/schema.org\/CreativeWork\" ><div class='avia_textblock'  itemprop=\"text\" ><h2>Dates et horaires<\/h2>\n<p><strong>Du 22 avril au 26 avril<\/strong>\u00a0<strong>2026<\/strong><br \/>\nDu mercredi au samedi: 10h \u00e0 19h<br \/>\nDimanche: 10h \u00e0 17h<\/p>\n<h2>Tarifs<\/h2>\n<p>Plein tarif (1 personne) : 15\u20ac<br \/>\nPass 5 jours (1 personne) : 50\u20ac<br \/>\nPass Privil\u00e8ge (valable pour 2 personnes) : 120\u20ac<br \/>\n<em>Profitez d\u2019un acc\u00e8s exclusif avec une entr\u00e9e 5 jours pour deux personnes, un aller-retour inclus (gare (centre-ville ou Sud de France) ou a\u00e9roport de Montpellier > salon), ainsi que deux coupes de champagne offertes au Yacht Club.<\/em><\/p>\n<p>Moins de 16 ans \/ Etudiants* : GRATUIT<br \/>\n*sur pr\u00e9sentation d\u2019un justificatif<br \/>\nPaiements accept\u00e9s : esp\u00e8ces, carte bancaire<\/p>\n<div class=\"doublebutton\" style=\"display: block !important; margin-bottom: 40px; margin-top: 0;\"><a style=\"display: none;\" href=\"#\">#<\/a><br \/>\n<a style=\"margin-right: 0;\" href=\"https:\/\/www.multicoque-online.com\/fr\/billetterie\/\">Acheter un billet<\/a><\/div>\n<h2>Localisation<\/h2>\n<p>La Grande-Motte (34), France<\/p>\n<\/div><\/section><br \/>\n<br \/>\n\n<style type=\"text\/css\" data-created_by=\"avia_inline_auto\" id=\"style-css-av-md4b6b1y-b73f34ac5596fa153654f3ace55b5bae\">\n#top .hr.hr-invisible.av-md4b6b1y-b73f34ac5596fa153654f3ace55b5bae{\nheight:50px;\n}\n<\/style>\n<div  class='hr av-md4b6b1y-b73f34ac5596fa153654f3ace55b5bae hr-invisible  avia-builder-el-9  el_after_av_codeblock  el_before_av_textblock '><span class='hr-inner '><span class=\"hr-inner-style\"><\/span><\/span><\/div><br \/>\n<section  class='av_textblock_section av-mmkh4lc0-eacc77066dfe4fbde707f1bae3674ee8'  itemscope=\"itemscope\" itemtype=\"https:\/\/schema.org\/CreativeWork\" ><div class='avia_textblock'  itemprop=\"text\" ><h2>Se rendre au salon<\/h2>\n<p>Comment venir \u00e0 La Grande Motte ? Situ\u00e9e au bord de la M\u00e9diterran\u00e9e aux portes de la Camargue,<br \/>\nla cit\u00e9 est accessible par la route, l\u2019avion, le train, le bateau ou l\u2019autocar.<\/p>\n<p><strong><span data-olk-copy-source=\"MessageBody\">En Navettes:<\/span><\/strong><\/p>\n<p><img loading=\"lazy\" decoding=\"async\" class=\"wp-image-7590 alignnone\" src=\"https:\/\/www.multicoque-online.com\/uploads\/2026\/03\/Fichier-45-300x153.png\" alt=\"\" width=\"143\" height=\"73\" srcset=\"https:\/\/www.multicoque-online.com\/uploads\/2026\/03\/Fichier-45-300x153.png 300w, https:\/\/www.multicoque-online.com\/uploads\/2026\/03\/Fichier-45-1030x526.png 1030w, https:\/\/www.multicoque-online.com\/uploads\/2026\/03\/Fichier-45-768x392.png 768w, https:\/\/www.multicoque-online.com\/uploads\/2026\/03\/Fichier-45-1536x784.png 1536w, https:\/\/www.multicoque-online.com\/uploads\/2026\/03\/Fichier-45-18x9.png 18w, https:\/\/www.multicoque-online.com\/uploads\/2026\/03\/Fichier-45-1500x766.png 1500w, https:\/\/www.multicoque-online.com\/uploads\/2026\/03\/Fichier-45-705x360.png 705w, https:\/\/www.multicoque-online.com\/uploads\/2026\/03\/Fichier-45.png 1624w\" sizes=\"(max-width: 143px) 100vw, 143px\" \/><\/p>\n<p>TOTOOM, partenaire officiel du Multihull 2026<\/p>\n<p>Navettes Montpellier (gares &amp; a\u00e9roport) \u2194 La Grande-Motte<\/p>\n<p>12 allers-retours \/ jour<\/p>\n<p>R\u00e9servation (jusqu\u2019\u00e0 2h avant d\u00e9part)<br \/>\n<span lang=\"en-US\">\u2022<\/span><span lang=\"en-US\">\u2060<\/span><span lang=\"en-US\">\u00a0<\/span><span lang=\"en-US\">\u2060<\/span><a href=\"https:\/\/book.distribusion.com\/?retailerPartnerNumber=926100&amp;locale=fr)\"><span lang=\"en-US\">www.totoom.fr<\/span><\/a><br \/>\n<span lang=\"en-US\">\u2022<\/span><span lang=\"en-US\">\u2060<\/span> <span lang=\"en-US\">\u2060<\/span><span lang=\"en-US\">App : Navettes TOTOOM (App Store &amp; Google Play)<\/span><br \/>\n\u2022\u2060\u00a0\u2060+33 7 71 10 02 45<br \/>\n\u2022\u2060\u00a0\u2060contact@totoom.fr<br \/>\nTarif : 12\u20ac \/ place<\/p>\n<p>Depuis Marseille A\u00e9roport<\/p>\n<p>\u2022\u2060\u00a0App SOLOOM<br \/>\n\u2022\u2060 \u2060\u2060+33 7 71 10 02 45<br \/>\n\u2022\u2060\u00a0\u2060\u2060contact@totoom.fr<br \/>\nTarif salon : 210\u20ac \/ trajet<\/p>\n<p><strong>NOUVEAUT\u00c9 \u2013 Navettes \u00e9lectriques gratuites by Totoom<\/strong><\/p>\n<p>Pour faciliter vos d\u00e9placements \u00e0 La Grande Motte pendant le salon, ce service de navettes <strong>100 % \u00e9lectriques<\/strong> est mis en place.<br \/>\nConfortables et respectueuses de l\u2019environnement, elles relient toutes les 20 minutes :<\/p>\n<ul>\n<li>Entr\u00e9e du salon<\/li>\n<li>Pasino Partouche<\/li>\n<\/ul>\n<p><strong>Horaires\u00a0:<\/strong><br \/>\nDu 22 au 25 avril : 9h30 \u2013 19h30<br \/>\nLe 26 avril : 9h30 \u2013 17h30<\/p>\n<p><strong>En taxi:\u00a0<\/strong><\/p>\n<p><img loading=\"lazy\" decoding=\"async\" class=\"wp-image-7772 alignnone\" src=\"https:\/\/www.multicoque-online.com\/uploads\/2026\/04\/montpellier-VTC.png\" alt=\"\" width=\"249\" height=\"142\" srcset=\"https:\/\/www.multicoque-online.com\/uploads\/2026\/04\/montpellier-VTC.png 300w, https:\/\/www.multicoque-online.com\/uploads\/2026\/04\/montpellier-VTC-18x10.png 18w\" sizes=\"(max-width: 249px) 100vw, 249px\" \/><\/p>\n<p>Romain Girona -Montpellier VTC<\/p>\n<p>T\u00e9l : +33 6 22 72 08 64<\/p>\n<p>Mail: contact@montpelliervtc.fr<\/p>\n<p>Site Web : <a href=\"http:\/\/www.montpelliervtc.fr\/\">www.montpelliervtc.fr<\/a><\/p>\n<div><strong>Par la route<\/strong>&#8211; Autoroute A75 en provenance de Paris et du Centre de la France<br \/>\n&#8211; Autoroute A9 en provenance de Lyon<br \/>\n&#8211; Autoroute A 61 en provenance de Toulouse<br \/>\n&#8211; Sortie 26 (Gallargues &#8211; Aigues Mortes &#8211; Le Grau du Roi) en venant par l\u2019Est ou le Nord<br \/>\n&#8211; Sortie 29 (Montpellier-Est &#8211; Carnon &#8211; La Grande Motte) en venant de l\u2019Ouest<br \/>\n&#8211; Deux voies express (20 km dans les deux cas) relient La Grande-Motte \u00e0 l\u2019autoroute A9<br \/>\n&#8211; Bison fut\u00e9 : T\u00e9l. 04 91 78 78 78 (Marseille) &#8211; www.bison-fute.equipement.gouv.fr\/<br \/>\n&#8211; Autoroutes informations &#8211;\u00a0<a href=\"http:\/\/www.autoroutes.fr\/\">www.autoroutes.fr<\/a><\/p>\n<p><strong>En avion<\/strong><br \/>\n&#8211; A\u00e9roport Montpellier-M\u00e9diterran\u00e9e (10 km)<br \/>\nT\u00e9l. 04 67 20 85 85<br \/>\n<a href=\"https:\/\/www.montpellier.aeroport.fr\/\">www.montpellier.aeroport.fr<\/a><br \/>\n&#8211; A\u00e9roport de N\u00eemes-Arles-Camargue (35 km)<br \/>\nT\u00e9l. 04 66 70 49 49<br \/>\n<a href=\"https:\/\/www.nimes.aeroport.fr\/\">www.aeroport-nimes.fr<\/a><\/p>\n<p><strong>De l&rsquo;a\u00e9roport<\/strong>, vous trouverez une navette qui vous emm\u00e8nera \u00e0 la Place de France \u00e0 Montpellier (Centre Commercial Odysseum). Ensuite, vous pourrez prendre le bus n\u00b0606 et vous arr\u00eater \u00e0 l&rsquo;arr\u00eat Grande Pyramide &#8211; Port de la Grande Motte. (environ 45min)<\/p>\n<p><strong>En train<\/strong><br \/>\nDes liaisons quotidiennes avec toutes les grandes villes,<br \/>\nmais surtout avec le TGV qui arrive en gare de<br \/>\nMontpellier.<br \/>\nPrendre ensuite le tramway ligne n\u00b01 en direction de<br \/>\nOdysseum, descendre place de France o\u00f9 un service<br \/>\nr\u00e9gulier de cars assure le transfert aller-retour<br \/>\n\u00e0 La Grande-Motte (ligne 106).<br \/>\n&#8211; Gare TGV de Montpellier \u00e0 21 km<br \/>\nT\u00e9l : 3635 SNCF &#8211;\u00a0<a href=\"http:\/\/www.voyages-sncf.com\/\">www.voyages-sncf.com<\/a><\/p>\n<p><strong>De la gare Saint Roch de Montpellier<\/strong>, vous pourrez prendre le tram bleu, ligne 1, et vous arr\u00eater \u00e0 la Place de France, puis prendre le bus n\u00b0606. Et vous arr\u00eater \u00e0 l&rsquo;arr\u00eat Grande Pyramide &#8211; Port, de la Grande Motte. (environ 1h)<\/p>\n<p><strong>De la gare Sud de France de Montpellier<\/strong>, vous pourrez prendre le bus n\u00b0606 et vous arr\u00eater \u00e0 l&rsquo;arr\u00eat Grande Pyramide &#8211; Port, de la Grande Motte. (environ 30min)<\/p>\n<p><strong>En bus<\/strong><br \/>\nLiaisons r\u00e9guli\u00e8res toute l\u2019ann\u00e9e.<\/p>\n<p>&#8211; H\u00e9rault transport<br \/>\nAller-retour Montpellier &#8211; Carnon &#8211; La Grande Motte<br \/>\nT\u00e9l. 04 34 888 999 &#8211; Site internet avec horaires :\u00a0<a href=\"http:\/\/www.herault-transport.fr\/\">www.herault-transport.fr<\/a><\/p>\n<p>&#8211; Bus du Pays de l&rsquo;Or: De P\u00e9rols , arr\u00eat Etang de l&rsquo;Or, prendre ligne 4 pour vous emmenez \u00e0 l&rsquo;arr\u00eat Grande Pyramide &#8211; La Grande-Motte (45min)<\/p>\n<p>&#8211; De la gare routi\u00e8re de N\u00eemes, prendre le C132 et se rendre juqu&rsquo;\u00e0 l&rsquo;arr\u00eat Port &#8211; la Grande Motte (1.60\u20ac le ticket, 1h15 de trajet).<\/p>\n<p><strong>Plan de stationnement\u00a0<\/strong><\/p>\n<p><a href=\"https:\/\/www.multicoque-online.com\/uploads\/2026\/03\/Capture-decran-2026-03-10-112846.png\"><img loading=\"lazy\" decoding=\"async\" class=\"alignnone wp-image-7523\" src=\"https:\/\/www.multicoque-online.com\/uploads\/2026\/03\/Capture-decran-2026-03-10-112846-300x211.png\" alt=\"\" width=\"437\" height=\"307\" srcset=\"https:\/\/www.multicoque-online.com\/uploads\/2026\/03\/Capture-decran-2026-03-10-112846-300x211.png 300w, https:\/\/www.multicoque-online.com\/uploads\/2026\/03\/Capture-decran-2026-03-10-112846-1030x725.png 1030w, https:\/\/www.multicoque-online.com\/uploads\/2026\/03\/Capture-decran-2026-03-10-112846-768x540.png 768w, https:\/\/www.multicoque-online.com\/uploads\/2026\/03\/Capture-decran-2026-03-10-112846-18x12.png 18w, https:\/\/www.multicoque-online.com\/uploads\/2026\/03\/Capture-decran-2026-03-10-112846-705x496.png 705w, https:\/\/www.multicoque-online.com\/uploads\/2026\/03\/Capture-decran-2026-03-10-112846.png 1042w\" sizes=\"(max-width: 437px) 100vw, 437px\" \/><\/a><\/p>\n<\/div>\n<\/div><\/section><br \/>\n<section  class='av_textblock_section av-m9ibm33t-9b461cce2a1ac5485772b9dc1ee058b5'  itemscope=\"itemscope\" itemtype=\"https:\/\/schema.org\/CreativeWork\" ><div class='avia_textblock'  itemprop=\"text\" ><h2>Cap sur la C\u00f4te M\u00e9diterran\u00e9e en\u00a0 Occitanie<\/h2>\n<p class=\"text-build-content\">Profitez de votre venue au Salon pour d\u00e9couvrir les p\u00e9pites de la\u00a0<a class=\"link-build-content\" href=\"https:\/\/www.tourisme-occitanie.com\/destinations\/nos-4-univers\/mediterranee-occitanie\/\" target=\"_blank\" rel=\"noopener\"><u>C\u00f4te M\u00e9diterran\u00e9e<\/u><\/a>\u00a0ainsi que les richesses touristiques de l\u2019arri\u00e8re-pays \u00e0 d\u00e9couvrir gr\u00e2ce \u00e0 l<a class=\"link-build-content\" href=\"https:\/\/www.tourisme-occitanie.com\/rail-tour\/\" target=\"_blank\" rel=\"noopener\"><u>\u2019Occitanie Rail Tour<\/u><\/a>.<\/p>\n<\/div><\/section><\/p><\/div><\/p>\n<\/div><\/div><\/div>\n","protected":false},"excerpt":{"rendered":"","protected":false},"author":1,"featured_media":0,"parent":0,"menu_order":0,"comment_status":"closed","ping_status":"closed","template":"","meta":{"inline_featured_image":false,"footnotes":""},"acf":[],"yoast_head":"<!-- This site is optimized with the Yoast SEO plugin v23.4 - https:\/\/yoast.com\/wordpress\/plugins\/seo\/ -->\n<title>Infos pratiques - Multicoque<\/title>\n<meta name=\"description\" content=\"Consultez nos informations pratiques pour pr\u00e9parer votre visite au Salon Mondial du Multicoque. Horaires, tarifs, acc\u00e8s...\" \/>\n<meta name=\"robots\" content=\"index, follow, max-snippet:-1, max-image-preview:large, max-video-preview:-1\" \/>\n<link rel=\"canonical\" href=\"https:\/\/www.multicoque-online.com\/fr\/infos-pratiques\/\" \/>\n<meta property=\"og:locale\" content=\"fr_FR\" \/>\n<meta property=\"og:type\" content=\"article\" \/>\n<meta property=\"og:title\" content=\"Infos pratiques - Multicoque\" \/>\n<meta property=\"og:description\" content=\"Consultez nos informations pratiques pour pr\u00e9parer votre visite au Salon Mondial du Multicoque. Horaires, tarifs, acc\u00e8s...\" \/>\n<meta property=\"og:url\" content=\"https:\/\/www.multicoque-online.com\/fr\/infos-pratiques\/\" \/>\n<meta property=\"og:site_name\" content=\"Multicoque\" \/>\n<meta property=\"article:modified_time\" content=\"2026-04-14T10:10:16+00:00\" \/>\n<meta property=\"og:image\" content=\"https:\/\/www.multicoque-online.com\/uploads\/2024\/03\/GREEN-DRIVER-4-300x169.png\" \/>\n<meta name=\"twitter:card\" content=\"summary_large_image\" \/>\n<meta name=\"twitter:label1\" content=\"Dur\u00e9e de lecture estim\u00e9e\" \/>\n\t<meta name=\"twitter:data1\" content=\"3 minutes\" \/>\n<script type=\"application\/ld+json\" class=\"yoast-schema-graph\">{\"@context\":\"https:\/\/schema.org\",\"@graph\":[{\"@type\":\"WebPage\",\"@id\":\"https:\/\/www.multicoque-online.com\/infos-pratiques\/\",\"url\":\"https:\/\/www.multicoque-online.com\/infos-pratiques\/\",\"name\":\"Infos pratiques - Multicoque\",\"isPartOf\":{\"@id\":\"https:\/\/www.multicoque-online.com\/#website\"},\"primaryImageOfPage\":{\"@id\":\"https:\/\/www.multicoque-online.com\/infos-pratiques\/#primaryimage\"},\"image\":{\"@id\":\"https:\/\/www.multicoque-online.com\/infos-pratiques\/#primaryimage\"},\"thumbnailUrl\":\"https:\/\/www.multicoque-online.com\/uploads\/2026\/03\/Fichier-45-300x153.png\",\"datePublished\":\"2024-01-17T19:33:57+00:00\",\"dateModified\":\"2026-04-14T10:10:16+00:00\",\"description\":\"Consultez nos informations pratiques pour pr\u00e9parer votre visite au Salon Mondial du Multicoque. Horaires, tarifs, acc\u00e8s...\",\"breadcrumb\":{\"@id\":\"https:\/\/www.multicoque-online.com\/infos-pratiques\/#breadcrumb\"},\"inLanguage\":\"fr-FR\",\"potentialAction\":[{\"@type\":\"ReadAction\",\"target\":[\"https:\/\/www.multicoque-online.com\/infos-pratiques\/\"]}]},{\"@type\":\"ImageObject\",\"inLanguage\":\"fr-FR\",\"@id\":\"https:\/\/www.multicoque-online.com\/infos-pratiques\/#primaryimage\",\"url\":\"https:\/\/www.multicoque-online.com\/uploads\/2026\/03\/Fichier-45-300x153.png\",\"contentUrl\":\"https:\/\/www.multicoque-online.com\/uploads\/2026\/03\/Fichier-45-300x153.png\"},{\"@type\":\"BreadcrumbList\",\"@id\":\"https:\/\/www.multicoque-online.com\/infos-pratiques\/#breadcrumb\",\"itemListElement\":[{\"@type\":\"ListItem\",\"position\":1,\"name\":\"Accueil\",\"item\":\"https:\/\/www.multicoque-online.com\/home\/\"},{\"@type\":\"ListItem\",\"position\":2,\"name\":\"Infos pratiques\"}]},{\"@type\":\"WebSite\",\"@id\":\"https:\/\/www.multicoque-online.com\/#website\",\"url\":\"https:\/\/www.multicoque-online.com\/\",\"name\":\"Multicoque\",\"description\":\"\",\"publisher\":{\"@id\":\"https:\/\/www.multicoque-online.com\/#organization\"},\"potentialAction\":[{\"@type\":\"SearchAction\",\"target\":{\"@type\":\"EntryPoint\",\"urlTemplate\":\"https:\/\/www.multicoque-online.com\/?s={search_term_string}\"},\"query-input\":{\"@type\":\"PropertyValueSpecification\",\"valueRequired\":true,\"valueName\":\"search_term_string\"}}],\"inLanguage\":\"fr-FR\"},{\"@type\":\"Organization\",\"@id\":\"https:\/\/www.multicoque-online.com\/#organization\",\"name\":\"Multicoque\",\"url\":\"https:\/\/www.multicoque-online.com\/\",\"logo\":{\"@type\":\"ImageObject\",\"inLanguage\":\"fr-FR\",\"@id\":\"https:\/\/www.multicoque-online.com\/#\/schema\/logo\/image\/\",\"url\":\"https:\/\/www.multicoque-online.com\/uploads\/2024\/01\/MultiHullShow-logo2023_Violet.png\",\"contentUrl\":\"https:\/\/www.multicoque-online.com\/uploads\/2024\/01\/MultiHullShow-logo2023_Violet.png\",\"width\":2485,\"height\":770,\"caption\":\"Multicoque\"},\"image\":{\"@id\":\"https:\/\/www.multicoque-online.com\/#\/schema\/logo\/image\/\"}}]}<\/script>\n<!-- \/ Yoast SEO plugin. -->","yoast_head_json":{"title":"Infos pratiques - Multicoque","description":"Consultez nos informations pratiques pour pr\u00e9parer votre visite au Salon Mondial du Multicoque. Horaires, tarifs, acc\u00e8s...","robots":{"index":"index","follow":"follow","max-snippet":"max-snippet:-1","max-image-preview":"max-image-preview:large","max-video-preview":"max-video-preview:-1"},"canonical":"https:\/\/www.multicoque-online.com\/fr\/infos-pratiques\/","og_locale":"fr_FR","og_type":"article","og_title":"Infos pratiques - Multicoque","og_description":"Consultez nos informations pratiques pour pr\u00e9parer votre visite au Salon Mondial du Multicoque. Horaires, tarifs, acc\u00e8s...","og_url":"https:\/\/www.multicoque-online.com\/fr\/infos-pratiques\/","og_site_name":"Multicoque","article_modified_time":"2026-04-14T10:10:16+00:00","og_image":[{"url":"https:\/\/www.multicoque-online.com\/uploads\/2024\/03\/GREEN-DRIVER-4-300x169.png"}],"twitter_card":"summary_large_image","twitter_misc":{"Dur\u00e9e de lecture estim\u00e9e":"3 minutes"},"schema":{"@context":"https:\/\/schema.org","@graph":[{"@type":"WebPage","@id":"https:\/\/www.multicoque-online.com\/infos-pratiques\/","url":"https:\/\/www.multicoque-online.com\/infos-pratiques\/","name":"Infos pratiques - Multicoque","isPartOf":{"@id":"https:\/\/www.multicoque-online.com\/#website"},"primaryImageOfPage":{"@id":"https:\/\/www.multicoque-online.com\/infos-pratiques\/#primaryimage"},"image":{"@id":"https:\/\/www.multicoque-online.com\/infos-pratiques\/#primaryimage"},"thumbnailUrl":"https:\/\/www.multicoque-online.com\/uploads\/2026\/03\/Fichier-45-300x153.png","datePublished":"2024-01-17T19:33:57+00:00","dateModified":"2026-04-14T10:10:16+00:00","description":"Consultez nos informations pratiques pour pr\u00e9parer votre visite au Salon Mondial du Multicoque. Horaires, tarifs, acc\u00e8s...","breadcrumb":{"@id":"https:\/\/www.multicoque-online.com\/infos-pratiques\/#breadcrumb"},"inLanguage":"fr-FR","potentialAction":[{"@type":"ReadAction","target":["https:\/\/www.multicoque-online.com\/infos-pratiques\/"]}]},{"@type":"ImageObject","inLanguage":"fr-FR","@id":"https:\/\/www.multicoque-online.com\/infos-pratiques\/#primaryimage","url":"https:\/\/www.multicoque-online.com\/uploads\/2026\/03\/Fichier-45-300x153.png","contentUrl":"https:\/\/www.multicoque-online.com\/uploads\/2026\/03\/Fichier-45-300x153.png"},{"@type":"BreadcrumbList","@id":"https:\/\/www.multicoque-online.com\/infos-pratiques\/#breadcrumb","itemListElement":[{"@type":"ListItem","position":1,"name":"Accueil","item":"https:\/\/www.multicoque-online.com\/home\/"},{"@type":"ListItem","position":2,"name":"Infos pratiques"}]},{"@type":"WebSite","@id":"https:\/\/www.multicoque-online.com\/#website","url":"https:\/\/www.multicoque-online.com\/","name":"Multicoque","description":"","publisher":{"@id":"https:\/\/www.multicoque-online.com\/#organization"},"potentialAction":[{"@type":"SearchAction","target":{"@type":"EntryPoint","urlTemplate":"https:\/\/www.multicoque-online.com\/?s={search_term_string}"},"query-input":{"@type":"PropertyValueSpecification","valueRequired":true,"valueName":"search_term_string"}}],"inLanguage":"fr-FR"},{"@type":"Organization","@id":"https:\/\/www.multicoque-online.com\/#organization","name":"Multicoque","url":"https:\/\/www.multicoque-online.com\/","logo":{"@type":"ImageObject","inLanguage":"fr-FR","@id":"https:\/\/www.multicoque-online.com\/#\/schema\/logo\/image\/","url":"https:\/\/www.multicoque-online.com\/uploads\/2024\/01\/MultiHullShow-logo2023_Violet.png","contentUrl":"https:\/\/www.multicoque-online.com\/uploads\/2024\/01\/MultiHullShow-logo2023_Violet.png","width":2485,"height":770,"caption":"Multicoque"},"image":{"@id":"https:\/\/www.multicoque-online.com\/#\/schema\/logo\/image\/"}}]}},"_links":{"self":[{"href":"https:\/\/www.multicoque-online.com\/fr\/wp-json\/wp\/v2\/pages\/402"}],"collection":[{"href":"https:\/\/www.multicoque-online.com\/fr\/wp-json\/wp\/v2\/pages"}],"about":[{"href":"https:\/\/www.multicoque-online.com\/fr\/wp-json\/wp\/v2\/types\/page"}],"author":[{"embeddable":true,"href":"https:\/\/www.multicoque-online.com\/fr\/wp-json\/wp\/v2\/users\/1"}],"replies":[{"embeddable":true,"href":"https:\/\/www.multicoque-online.com\/fr\/wp-json\/wp\/v2\/comments?post=402"}],"version-history":[{"count":1,"href":"https:\/\/www.multicoque-online.com\/fr\/wp-json\/wp\/v2\/pages\/402\/revisions"}],"predecessor-version":[{"id":7773,"href":"https:\/\/www.multicoque-online.com\/fr\/wp-json\/wp\/v2\/pages\/402\/revisions\/7773"}],"wp:attachment":[{"href":"https:\/\/www.multicoque-online.com\/fr\/wp-json\/wp\/v2\/media?parent=402"}],"curies":[{"name":"wp","href":"https:\/\/api.w.org\/{rel}","templated":true}]}}