{"id":408,"date":"2024-01-17T20:37:31","date_gmt":"2024-01-17T19:37:31","guid":{"rendered":"https:\/\/multicoque.ae2agence.ovh\/?page_id=408"},"modified":"2026-03-26T17:06:23","modified_gmt":"2026-03-26T16:06:23","slug":"faq","status":"publish","type":"page","link":"https:\/\/www.multicoque-online.com\/fr\/faq\/","title":{"rendered":"FAQ"},"content":{"rendered":"<div id='av-layout-grid-1'  class='av-layout-grid-container av-185rso-9aae4ba0d2d61d9943f9ad0f4c75a133 entry-content-wrapper main_color av-flex-cells  avia-builder-el-0  avia-builder-el-no-sibling  gridtypemlcq  container_wrap fullsize'  >\n\n<style type=\"text\/css\" data-created_by=\"avia_inline_auto\" id=\"style-css-av-1189jk-b5f0eb23445d45f9648479789b290f79\">\n.flex_cell.av-1189jk-b5f0eb23445d45f9648479789b290f79{\nvertical-align:top;\n}\n<\/style>\n<div class='flex_cell av-1189jk-b5f0eb23445d45f9648479789b290f79 av-gridrow-cell av_three_fourth no_margin  avia-builder-el-1  el_before_av_cell_one_fourth  avia-builder-el-first ' ><div class='flex_cell_inner'><div class='flex_column av-qmbjk-667d84aa6f63eaef0942806ddd143ab7 av_one_full  avia-builder-el-2  avia-builder-el-no-sibling  first flex_column_div '     ><section  class='av_textblock_section av-lri6pyax-17e7db4010a43f4d69563546d682edaf'  itemscope=\"itemscope\" itemtype=\"https:\/\/schema.org\/CreativeWork\" ><div class='avia_textblock faqh2'  itemprop=\"text\" ><h2>O\u00f9 puis-je me garer\u00a0?<\/h2>\n<p>Plan de stationnement <a href=\"https:\/\/drive.google.com\/file\/d\/1kLS2hrdBbaQ8Br028IMxKJQM0xTvpjBK\/view?usp=sharing\" target=\"_blank\" rel=\"noopener\">\u00e0 t\u00e9l\u00e9charger<\/a><\/p>\n<h2>Les animaux sont-ils autoris\u00e9s ?<\/h2>\n<p>Les animaux de compagnie sont les bienvenus. Nous comptons cependant sur votre bienveillance pour que ces derniers respectent les installations et ne perturbent pas la visite des personnes pr\u00e9sentes sur le salon.<\/p>\n<h2>Puis-je laisser un bagage ?<\/h2>\n<p>Pour des raisons de s\u00e9curit\u00e9, aucun bagage ne pourra \u00eatre stock\u00e9.<\/p>\n<h2>O\u00f9 se restaurer sur le salon ?<\/h2>\n<p>Nous mettons \u00e0 votre disposition un restaurant, un bistro, un espace snack et un Multihull Caf\u00e9<em>.<\/em><\/p>\n<h2>Comment visiter les bateaux ?<\/h2>\n<p>Nous vous invitons \u00e0 prendre contact directement avec les chantiers exposants pour organiser votre visite. Pour optimiser cette derni\u00e8re, nous vous conseillons de les contacter en amont du salon.<\/p>\n<\/div><\/section><\/div>\n<\/div><\/div>\n<style type=\"text\/css\" data-created_by=\"avia_inline_auto\" id=\"style-css-av-n5nw0-9b23c088c7f5f4d3a15b99a1d2774fac\">\n.flex_cell.av-n5nw0-9b23c088c7f5f4d3a15b99a1d2774fac{\nvertical-align:top;\n}\n<\/style>\n<div class='flex_cell av-n5nw0-9b23c088c7f5f4d3a15b99a1d2774fac av-gridrow-cell av_one_fourth no_margin  avia-builder-el-4  el_after_av_cell_three_fourth  avia-builder-el-last ' ><div class='flex_cell_inner'><div class='flex_column av-clnc0-cefba3f9fbf725e2ac01bae79ae35a39 av_one_full  avia-builder-el-5  avia-builder-el-no-sibling  first flex_column_div '     ><section  class='av_textblock_section av-8i7go-85dbad459c338a6ac188e25832284391'  itemscope=\"itemscope\" itemtype=\"https:\/\/schema.org\/CreativeWork\" ><div class='avia_textblock'  itemprop=\"text\" ><p><iframe loading=\"lazy\" class=\"\" style=\"border: none; visibility: visible; width: 275px; height: 390px;\" title=\"fb:page Facebook Social Plugin\" src=\"https:\/\/www.facebook.com\/v3.2\/plugins\/page.php?adapt_container_width=true&#038;app_id=1101047086724778&#038;channel=https%3A%2F%2Fstaticxx.facebook.com%2Fx%2Fconnect%2Fxd_arbiter%2F%3Fversion%3D46%23cb%3Df290795d4018d28%26domain%3Dwww.multicoque-online.com%26is_canvas%3Dfalse%26origin%3Dhttps%253A%252F%252Fwww.multicoque-online.com%252Ff13c0ab6d92d08%26relation%3Dparent.parent&#038;container_width=275&#038;height=390&#038;hide_cover=true&#038;href=https%3A%2F%2Fwww.facebook.com%2FInternationalMultihullShow%2F&#038;locale=fr_FR&#038;sdk=joey&#038;show_facepile=false&#038;small_header=true&#038;tabs=timeline\" name=\"f228380b3f2f8e\" width=\"1000px\" height=\"390px\" frameborder=\"0\" scrolling=\"no\" allowfullscreen=\"allowfullscreen\" data-testid=\"fb:page Facebook Social Plugin\"><\/iframe><\/p>\n<\/div><\/section><\/div>\n<\/div><\/div><\/div>\n","protected":false},"excerpt":{"rendered":"","protected":false},"author":1,"featured_media":0,"parent":0,"menu_order":0,"comment_status":"closed","ping_status":"closed","template":"","meta":{"inline_featured_image":false,"footnotes":""},"acf":[],"yoast_head":"<!-- This site is optimized with the Yoast SEO plugin v23.4 - https:\/\/yoast.com\/wordpress\/plugins\/seo\/ -->\n<title>FAQ - Multicoque<\/title>\n<meta name=\"description\" content=\"Consultez notre foire aux questions pour obtenir des r\u00e9ponses \u00e0 toutes vos questions sur le Salon Mondial du Multicoque.\" \/>\n<meta name=\"robots\" content=\"index, follow, max-snippet:-1, max-image-preview:large, max-video-preview:-1\" \/>\n<link rel=\"canonical\" href=\"https:\/\/www.multicoque-online.com\/fr\/faq\/\" \/>\n<meta property=\"og:locale\" content=\"fr_FR\" \/>\n<meta property=\"og:type\" content=\"article\" \/>\n<meta property=\"og:title\" content=\"FAQ - Multicoque\" \/>\n<meta property=\"og:description\" content=\"Consultez notre foire aux questions pour obtenir des r\u00e9ponses \u00e0 toutes vos questions sur le Salon Mondial du Multicoque.\" \/>\n<meta property=\"og:url\" content=\"https:\/\/www.multicoque-online.com\/fr\/faq\/\" \/>\n<meta property=\"og:site_name\" content=\"Multicoque\" \/>\n<meta property=\"article:modified_time\" content=\"2026-03-26T16:06:23+00:00\" \/>\n<meta property=\"og:image\" content=\"https:\/\/www.multicoque-online.com\/uploads\/2024\/03\/Banniere_Petits-Mousses600150-300x75.jpg\" \/>\n<meta name=\"twitter:card\" content=\"summary_large_image\" \/>\n<meta name=\"twitter:label1\" content=\"Dur\u00e9e de lecture estim\u00e9e\" \/>\n\t<meta name=\"twitter:data1\" content=\"1 minute\" \/>\n<script type=\"application\/ld+json\" class=\"yoast-schema-graph\">{\"@context\":\"https:\/\/schema.org\",\"@graph\":[{\"@type\":\"WebPage\",\"@id\":\"https:\/\/www.multicoque-online.com\/faq\/\",\"url\":\"https:\/\/www.multicoque-online.com\/faq\/\",\"name\":\"FAQ - Multicoque\",\"isPartOf\":{\"@id\":\"https:\/\/www.multicoque-online.com\/#website\"},\"datePublished\":\"2024-01-17T19:37:31+00:00\",\"dateModified\":\"2026-03-26T16:06:23+00:00\",\"description\":\"Consultez notre foire aux questions pour obtenir des r\u00e9ponses \u00e0 toutes vos questions sur le Salon Mondial du Multicoque.\",\"breadcrumb\":{\"@id\":\"https:\/\/www.multicoque-online.com\/faq\/#breadcrumb\"},\"inLanguage\":\"fr-FR\",\"potentialAction\":[{\"@type\":\"ReadAction\",\"target\":[\"https:\/\/www.multicoque-online.com\/faq\/\"]}]},{\"@type\":\"BreadcrumbList\",\"@id\":\"https:\/\/www.multicoque-online.com\/faq\/#breadcrumb\",\"itemListElement\":[{\"@type\":\"ListItem\",\"position\":1,\"name\":\"Accueil\",\"item\":\"https:\/\/www.multicoque-online.com\/home\/\"},{\"@type\":\"ListItem\",\"position\":2,\"name\":\"FAQ\"}]},{\"@type\":\"WebSite\",\"@id\":\"https:\/\/www.multicoque-online.com\/#website\",\"url\":\"https:\/\/www.multicoque-online.com\/\",\"name\":\"Multicoque\",\"description\":\"\",\"publisher\":{\"@id\":\"https:\/\/www.multicoque-online.com\/#organization\"},\"potentialAction\":[{\"@type\":\"SearchAction\",\"target\":{\"@type\":\"EntryPoint\",\"urlTemplate\":\"https:\/\/www.multicoque-online.com\/?s={search_term_string}\"},\"query-input\":{\"@type\":\"PropertyValueSpecification\",\"valueRequired\":true,\"valueName\":\"search_term_string\"}}],\"inLanguage\":\"fr-FR\"},{\"@type\":\"Organization\",\"@id\":\"https:\/\/www.multicoque-online.com\/#organization\",\"name\":\"Multicoque\",\"url\":\"https:\/\/www.multicoque-online.com\/\",\"logo\":{\"@type\":\"ImageObject\",\"inLanguage\":\"fr-FR\",\"@id\":\"https:\/\/www.multicoque-online.com\/#\/schema\/logo\/image\/\",\"url\":\"https:\/\/www.multicoque-online.com\/uploads\/2024\/01\/MultiHullShow-logo2023_Violet.png\",\"contentUrl\":\"https:\/\/www.multicoque-online.com\/uploads\/2024\/01\/MultiHullShow-logo2023_Violet.png\",\"width\":2485,\"height\":770,\"caption\":\"Multicoque\"},\"image\":{\"@id\":\"https:\/\/www.multicoque-online.com\/#\/schema\/logo\/image\/\"}}]}<\/script>\n<!-- \/ Yoast SEO plugin. -->","yoast_head_json":{"title":"FAQ - Multicoque","description":"Consultez notre foire aux questions pour obtenir des r\u00e9ponses \u00e0 toutes vos questions sur le Salon Mondial du Multicoque.","robots":{"index":"index","follow":"follow","max-snippet":"max-snippet:-1","max-image-preview":"max-image-preview:large","max-video-preview":"max-video-preview:-1"},"canonical":"https:\/\/www.multicoque-online.com\/fr\/faq\/","og_locale":"fr_FR","og_type":"article","og_title":"FAQ - Multicoque","og_description":"Consultez notre foire aux questions pour obtenir des r\u00e9ponses \u00e0 toutes vos questions sur le Salon Mondial du Multicoque.","og_url":"https:\/\/www.multicoque-online.com\/fr\/faq\/","og_site_name":"Multicoque","article_modified_time":"2026-03-26T16:06:23+00:00","og_image":[{"url":"https:\/\/www.multicoque-online.com\/uploads\/2024\/03\/Banniere_Petits-Mousses600150-300x75.jpg"}],"twitter_card":"summary_large_image","twitter_misc":{"Dur\u00e9e de lecture estim\u00e9e":"1 minute"},"schema":{"@context":"https:\/\/schema.org","@graph":[{"@type":"WebPage","@id":"https:\/\/www.multicoque-online.com\/faq\/","url":"https:\/\/www.multicoque-online.com\/faq\/","name":"FAQ - Multicoque","isPartOf":{"@id":"https:\/\/www.multicoque-online.com\/#website"},"datePublished":"2024-01-17T19:37:31+00:00","dateModified":"2026-03-26T16:06:23+00:00","description":"Consultez notre foire aux questions pour obtenir des r\u00e9ponses \u00e0 toutes vos questions sur le Salon Mondial du Multicoque.","breadcrumb":{"@id":"https:\/\/www.multicoque-online.com\/faq\/#breadcrumb"},"inLanguage":"fr-FR","potentialAction":[{"@type":"ReadAction","target":["https:\/\/www.multicoque-online.com\/faq\/"]}]},{"@type":"BreadcrumbList","@id":"https:\/\/www.multicoque-online.com\/faq\/#breadcrumb","itemListElement":[{"@type":"ListItem","position":1,"name":"Accueil","item":"https:\/\/www.multicoque-online.com\/home\/"},{"@type":"ListItem","position":2,"name":"FAQ"}]},{"@type":"WebSite","@id":"https:\/\/www.multicoque-online.com\/#website","url":"https:\/\/www.multicoque-online.com\/","name":"Multicoque","description":"","publisher":{"@id":"https:\/\/www.multicoque-online.com\/#organization"},"potentialAction":[{"@type":"SearchAction","target":{"@type":"EntryPoint","urlTemplate":"https:\/\/www.multicoque-online.com\/?s={search_term_string}"},"query-input":{"@type":"PropertyValueSpecification","valueRequired":true,"valueName":"search_term_string"}}],"inLanguage":"fr-FR"},{"@type":"Organization","@id":"https:\/\/www.multicoque-online.com\/#organization","name":"Multicoque","url":"https:\/\/www.multicoque-online.com\/","logo":{"@type":"ImageObject","inLanguage":"fr-FR","@id":"https:\/\/www.multicoque-online.com\/#\/schema\/logo\/image\/","url":"https:\/\/www.multicoque-online.com\/uploads\/2024\/01\/MultiHullShow-logo2023_Violet.png","contentUrl":"https:\/\/www.multicoque-online.com\/uploads\/2024\/01\/MultiHullShow-logo2023_Violet.png","width":2485,"height":770,"caption":"Multicoque"},"image":{"@id":"https:\/\/www.multicoque-online.com\/#\/schema\/logo\/image\/"}}]}},"_links":{"self":[{"href":"https:\/\/www.multicoque-online.com\/fr\/wp-json\/wp\/v2\/pages\/408"}],"collection":[{"href":"https:\/\/www.multicoque-online.com\/fr\/wp-json\/wp\/v2\/pages"}],"about":[{"href":"https:\/\/www.multicoque-online.com\/fr\/wp-json\/wp\/v2\/types\/page"}],"author":[{"embeddable":true,"href":"https:\/\/www.multicoque-online.com\/fr\/wp-json\/wp\/v2\/users\/1"}],"replies":[{"embeddable":true,"href":"https:\/\/www.multicoque-online.com\/fr\/wp-json\/wp\/v2\/comments?post=408"}],"version-history":[{"count":2,"href":"https:\/\/www.multicoque-online.com\/fr\/wp-json\/wp\/v2\/pages\/408\/revisions"}],"predecessor-version":[{"id":7663,"href":"https:\/\/www.multicoque-online.com\/fr\/wp-json\/wp\/v2\/pages\/408\/revisions\/7663"}],"wp:attachment":[{"href":"https:\/\/www.multicoque-online.com\/fr\/wp-json\/wp\/v2\/media?parent=408"}],"curies":[{"name":"wp","href":"https:\/\/api.w.org\/{rel}","templated":true}]}}