{"id":430,"date":"2024-01-18T06:58:10","date_gmt":"2024-01-18T05:58:10","guid":{"rendered":"https:\/\/multicoque.ae2agence.ovh\/?page_id=430"},"modified":"2025-05-28T12:07:59","modified_gmt":"2025-05-28T10:07:59","slug":"devenir-partenaire","status":"publish","type":"page","link":"https:\/\/www.multicoque-online.com\/fr\/devenir-partenaire\/","title":{"rendered":"Devenir partenaire"},"content":{"rendered":"<div id='av-layout-grid-1'  class='av-layout-grid-container av-19r666-a60eae32b8ccb969d5b488c82ca23437 entry-content-wrapper main_color av-flex-cells  avia-builder-el-0  avia-builder-el-no-sibling  gridtypemlcq  container_wrap fullsize'  >\n\n<style type=\"text\/css\" data-created_by=\"avia_inline_auto\" id=\"style-css-av-150h3y-97c04e681750df2bfee7abeac359010e\">\n.flex_cell.av-150h3y-97c04e681750df2bfee7abeac359010e{\nvertical-align:top;\n}\n<\/style>\n<div class='flex_cell av-150h3y-97c04e681750df2bfee7abeac359010e av-gridrow-cell av_three_fourth no_margin  avia-builder-el-1  el_before_av_cell_one_fourth  avia-builder-el-first ' ><div class='flex_cell_inner'><p><div class='flex_column av-w35za-52dd27da5ef0fd75a1ac30d7c8f1a13b av_one_full  avia-builder-el-2  el_before_av_one_full  avia-builder-el-first  first flex_column_div '     ><section  class='av_textblock_section av-lrisw2a5-b9a5e1d878533b81997fd31806a9a09f'  itemscope=\"itemscope\" itemtype=\"https:\/\/schema.org\/CreativeWork\" ><div class='avia_textblock titrehn'  itemprop=\"text\" ><h1>Devenir partenaire<\/h1>\n<\/div><\/section><\/div><div class='flex_column av-tjjda-22993022ff6c5abddb51b46e770ff954 av_one_full  avia-builder-el-4  el_after_av_one_full  avia-builder-el-last  first flex_column_div column-top-margin'     ><p><section  class='av_textblock_section av-mb7s6lo5-6b46772fea87b8fe3476865fcb26f2b3'  itemscope=\"itemscope\" itemtype=\"https:\/\/schema.org\/CreativeWork\" ><div class='avia_textblock'  itemprop=\"text\" ><p><strong>Entrez dans le cercle des partenaires de l\u2019International Multihull Show\u00a0et profitez d\u2019\u00a0:<\/strong><\/p>\n<p>\u2705 <strong>Une visibilit\u00e9 strat\u00e9gique<\/strong><br \/>\nPositionnez votre marque au c\u0153ur d\u2019un <strong>\u00e9v\u00e9nement premium<\/strong>, reconnu \u00e0 l\u2019international. Profitez d\u2019une large couverture m\u00e9diatique (print, digital, sur site) et de relais puissants pour renforcer votre notori\u00e9t\u00e9.<\/p>\n<p>\u2705 <strong>Un public ultra-cibl\u00e9<\/strong><br \/>\nRencontrez des visiteurs qualifi\u00e9s et engag\u00e9s : propri\u00e9taires de multicoques, futurs acqu\u00e9reurs, professionnels du nautisme et d\u00e9cideurs, m\u00e9dias sp\u00e9cialis\u00e9s\u2026 Votre marque au bon endroit, au bon moment.<\/p>\n<p>\u2705 <strong>De solutions sur-mesure<\/strong><br \/>\nNos formules de partenariat s\u2019adaptent \u00e0 votre strat\u00e9gie : <strong>visibilit\u00e9 de marque, hospitalit\u00e9, exp\u00e9riences clients, pr\u00e9sence digitale<\/strong>, etc.<\/p>\n<p><strong>\u2728<\/strong><strong> Pr\u00eats \u00e0 embarquer ?<\/strong><\/p>\n<p>Contactez-nous pour construire <strong>un partenariat \u00e0 votre image<\/strong>\u00a0:<\/p>\n<\/div><\/section><br \/>\n<section  class='av_textblock_section av-lrisw6k1-5690c5c01e5ab62d19299f7347a4ae95'  itemscope=\"itemscope\" itemtype=\"https:\/\/schema.org\/CreativeWork\" ><div class='avia_textblock'  itemprop=\"text\" >\n<div class=\"wpcf7 no-js\" id=\"wpcf7-f442-o1\" lang=\"fr-FR\" dir=\"ltr\">\n<div class=\"screen-reader-response\"><p role=\"status\" aria-live=\"polite\" aria-atomic=\"true\"><\/p> <ul><\/ul><\/div>\n<form action=\"\/fr\/wp-json\/wp\/v2\/pages\/430#wpcf7-f442-o1\" method=\"post\" class=\"wpcf7-form init\" aria-label=\"Formulaire de contact\" novalidate=\"novalidate\" data-status=\"init\">\n<div style=\"display: none;\">\n<input type=\"hidden\" name=\"_wpcf7\" value=\"442\" \/>\n<input type=\"hidden\" name=\"_wpcf7_version\" value=\"5.8.6\" \/>\n<input type=\"hidden\" name=\"_wpcf7_locale\" value=\"fr_FR\" \/>\n<input type=\"hidden\" name=\"_wpcf7_unit_tag\" value=\"wpcf7-f442-o1\" \/>\n<input type=\"hidden\" name=\"_wpcf7_container_post\" value=\"0\" \/>\n<input type=\"hidden\" name=\"_wpcf7_posted_data_hash\" value=\"\" \/>\n<input type=\"hidden\" name=\"_wpcf7_recaptcha_response\" value=\"\" \/>\n<\/div>\n<div class=\"ctfmctwo\">\n\t<p><label><br \/>\n<span class=\"wpcf7-form-control-wrap\" data-name=\"entreprise\"><input size=\"40\" class=\"wpcf7-form-control wpcf7-text wpcf7-validates-as-required\" aria-required=\"true\" aria-invalid=\"false\" placeholder=\"Entreprise\" value=\"\" type=\"text\" name=\"entreprise\" \/><\/span> <\/label>\n\t<\/p>\n\t<p><label><br \/>\n<span class=\"wpcf7-form-control-wrap\" data-name=\"siteweb\"><input size=\"40\" class=\"wpcf7-form-control wpcf7-text wpcf7-validates-as-required\" aria-required=\"true\" aria-invalid=\"false\" placeholder=\"Site internet\" value=\"\" type=\"text\" name=\"siteweb\" \/><\/span> <\/label>\n\t<\/p>\n<\/div>\n<div class=\"ctfmctwo\">\n\t<p><label><br \/>\n<span class=\"wpcf7-form-control-wrap\" data-name=\"menu-881\"><select class=\"wpcf7-form-control wpcf7-select\" aria-invalid=\"false\" name=\"menu-881\"><option value=\"M.\">M.<\/option><option value=\"Mme\">Mme<\/option><\/select><\/span> <\/label>\n\t<\/p>\n\t<p><label><br \/>\n<span class=\"wpcf7-form-control-wrap\" data-name=\"nom\"><input size=\"40\" class=\"wpcf7-form-control wpcf7-text wpcf7-validates-as-required\" aria-required=\"true\" aria-invalid=\"false\" placeholder=\"Nom &amp; pr\u00e9nom\" value=\"\" type=\"text\" name=\"nom\" \/><\/span> <\/label>\n\t<\/p>\n<\/div>\n<div class=\"ctfmctwo\">\n\t<p><label><br \/>\n<span class=\"wpcf7-form-control-wrap\" data-name=\"fonction\"><input size=\"40\" class=\"wpcf7-form-control wpcf7-text wpcf7-validates-as-required\" aria-required=\"true\" aria-invalid=\"false\" placeholder=\"Fonction\" value=\"\" type=\"text\" name=\"fonction\" \/><\/span> <\/label>\n\t<\/p>\n\t<p><label><br \/>\n<span class=\"wpcf7-form-control-wrap\" data-name=\"your-email\"><input size=\"40\" class=\"wpcf7-form-control wpcf7-email wpcf7-validates-as-required wpcf7-text wpcf7-validates-as-email\" autocomplete=\"email\" aria-required=\"true\" aria-invalid=\"false\" placeholder=\"E-mail\" value=\"\" type=\"email\" name=\"your-email\" \/><\/span> <\/label>\n\t<\/p>\n<\/div>\n<div class=\"ctfmctwo\">\n\t<p><label><br \/>\n<span class=\"wpcf7-form-control-wrap\" data-name=\"teleph\"><input size=\"40\" class=\"wpcf7-form-control wpcf7-text wpcf7-validates-as-required\" aria-required=\"true\" aria-invalid=\"false\" placeholder=\"T\u00e9l\u00e9phone\" value=\"\" type=\"text\" name=\"teleph\" \/><\/span> <\/label>\n\t<\/p>\n\t<p><label><br \/>\n<span class=\"wpcf7-form-control-wrap\" data-name=\"pays\"><input size=\"40\" class=\"wpcf7-form-control wpcf7-text wpcf7-validates-as-required\" aria-required=\"true\" aria-invalid=\"false\" placeholder=\"Pays\" value=\"\" type=\"text\" name=\"pays\" \/><\/span> <\/label>\n\t<\/p>\n<\/div>\n<div class=\"ctfmctwo\">\n\t<p><label><br \/>\n<span class=\"wpcf7-form-control-wrap\" data-name=\"menu-999\"><select class=\"wpcf7-form-control wpcf7-select\" aria-invalid=\"false\" name=\"menu-999\"><option value=\"Fran\u00e7ais\">Fran\u00e7ais<\/option><option value=\"English\">English<\/option><\/select><\/span> <\/label>\n\t<\/p>\n\t<p><label><br \/>\n<span class=\"wpcf7-form-control-wrap\" data-name=\"activite\"><input size=\"40\" class=\"wpcf7-form-control wpcf7-text wpcf7-validates-as-required\" aria-required=\"true\" aria-invalid=\"false\" placeholder=\"Secteur d&#039;activit\u00e9\" value=\"\" type=\"text\" name=\"activite\" \/><\/span> <\/label>\n\t<\/p>\n<\/div>\n<p><input class=\"wpcf7-form-control wpcf7-submit has-spinner\" type=\"submit\" value=\"Envoyer\" \/>\n<\/p>\n<p><span class=\"wpcf7-form-control-wrap\" data-name=\"acceptance-572\"><span class=\"wpcf7-form-control wpcf7-acceptance\"><span class=\"wpcf7-list-item\"><label><input type=\"checkbox\" name=\"acceptance-572\" value=\"1\" aria-invalid=\"false\" \/><span class=\"wpcf7-list-item-label\">En cochant cette case, je d\u00e9clare avoir pris connaissance et accepter sans r\u00e9serve les Conditions G\u00e9n\u00e9rales d\u2019Utilisation et la Politique de traitement des donn\u00e9es personnelles du site.<\/span><\/label><\/span><\/span><\/span>\n<\/p>\n<div class=\"rgpdinfocontact\">\n\t<p>*Obligatoire<br \/>\n\"Les informations recueillies \u00e0 partir de ce formulaire font l\u2019objet d\u2019un traitement informatique destin\u00e9 \u00e0 M2Organisation pour des fins de traitement de vos commandes, de gestion de votre compte client, d\u2019\u00e9tudes marketing et statistiques dans le but de vous fournir les offres les plus adapt\u00e9es, de suivi de qualit\u00e9 de nos services et de prospection commerciale.\"\n\t<\/p>\n<\/div><div class=\"wpcf7-response-output\" aria-hidden=\"true\"><\/div>\n<\/form>\n<\/div>\n\n<\/div><\/section><\/p><\/div><\/p>\n<\/div><\/div>\n<style type=\"text\/css\" data-created_by=\"avia_inline_auto\" id=\"style-css-av-k0gae-cca7191491230dc2cd970de9a5fd9e7d\">\n.flex_cell.av-k0gae-cca7191491230dc2cd970de9a5fd9e7d{\nvertical-align:top;\n}\n<\/style>\n<div class='flex_cell av-k0gae-cca7191491230dc2cd970de9a5fd9e7d av-gridrow-cell av_one_fourth no_margin  avia-builder-el-7  el_after_av_cell_three_fourth  avia-builder-el-last ' ><div class='flex_cell_inner'><div class='flex_column av-fg22u-bb66f1466037f799cbdf17690e1230c1 av_one_full  avia-builder-el-8  avia-builder-el-no-sibling  first flex_column_div '     ><section  class='av_textblock_section av-934ke-4fcd6e6955426cf99a3d7990f12c804c'  itemscope=\"itemscope\" itemtype=\"https:\/\/schema.org\/CreativeWork\" ><div class='avia_textblock'  itemprop=\"text\" ><p><iframe loading=\"lazy\" class=\"\" style=\"border: none; visibility: visible; width: 275px; height: 390px;\" title=\"fb:page Facebook Social Plugin\" src=\"https:\/\/www.facebook.com\/v3.2\/plugins\/page.php?adapt_container_width=true&#038;app_id=1101047086724778&#038;channel=https%3A%2F%2Fstaticxx.facebook.com%2Fx%2Fconnect%2Fxd_arbiter%2F%3Fversion%3D46%23cb%3Df290795d4018d28%26domain%3Dwww.multicoque-online.com%26is_canvas%3Dfalse%26origin%3Dhttps%253A%252F%252Fwww.multicoque-online.com%252Ff13c0ab6d92d08%26relation%3Dparent.parent&#038;container_width=275&#038;height=390&#038;hide_cover=true&#038;href=https%3A%2F%2Fwww.facebook.com%2FInternationalMultihullShow%2F&#038;locale=fr_FR&#038;sdk=joey&#038;show_facepile=false&#038;small_header=true&#038;tabs=timeline\" name=\"f228380b3f2f8e\" width=\"1000px\" height=\"390px\" frameborder=\"0\" scrolling=\"no\" allowfullscreen=\"allowfullscreen\" data-testid=\"fb:page Facebook Social Plugin\"><\/iframe><\/p>\n<\/div><\/section><\/div>\n<\/div><\/div><\/div>\n","protected":false},"excerpt":{"rendered":"","protected":false},"author":1,"featured_media":0,"parent":0,"menu_order":0,"comment_status":"closed","ping_status":"closed","template":"","meta":{"inline_featured_image":false,"footnotes":""},"acf":[],"yoast_head":"<!-- This site is optimized with the Yoast SEO plugin v23.4 - https:\/\/yoast.com\/wordpress\/plugins\/seo\/ -->\n<title>Devenir partenaire - Multicoque<\/title>\n<meta name=\"description\" content=\"Vous souhaitez devenir partenaire du Salon Multicoque ? Contactez-nous en compl\u00e9tant ce formulaire.\" \/>\n<meta name=\"robots\" content=\"index, follow, max-snippet:-1, max-image-preview:large, max-video-preview:-1\" \/>\n<link rel=\"canonical\" href=\"https:\/\/www.multicoque-online.com\/fr\/devenir-partenaire\/\" \/>\n<meta property=\"og:locale\" content=\"fr_FR\" \/>\n<meta property=\"og:type\" content=\"article\" \/>\n<meta property=\"og:title\" content=\"Devenir partenaire - Multicoque\" \/>\n<meta property=\"og:description\" content=\"Vous souhaitez devenir partenaire du Salon Multicoque ? Contactez-nous en compl\u00e9tant ce formulaire.\" \/>\n<meta property=\"og:url\" content=\"https:\/\/www.multicoque-online.com\/fr\/devenir-partenaire\/\" \/>\n<meta property=\"og:site_name\" content=\"Multicoque\" \/>\n<meta property=\"article:modified_time\" content=\"2025-05-28T10:07:59+00:00\" \/>\n<meta property=\"og:image\" content=\"https:\/\/www.multicoque-online.com\/uploads\/2024\/01\/MultiHullShow-logo2023_Violet.png\" \/>\n\t<meta property=\"og:image:width\" content=\"2485\" \/>\n\t<meta property=\"og:image:height\" content=\"770\" \/>\n\t<meta property=\"og:image:type\" content=\"image\/png\" \/>\n<meta name=\"twitter:card\" content=\"summary_large_image\" \/>\n<meta name=\"twitter:label1\" content=\"Dur\u00e9e de lecture estim\u00e9e\" \/>\n\t<meta name=\"twitter:data1\" content=\"1 minute\" \/>\n<script type=\"application\/ld+json\" class=\"yoast-schema-graph\">{\"@context\":\"https:\/\/schema.org\",\"@graph\":[{\"@type\":\"WebPage\",\"@id\":\"https:\/\/www.multicoque-online.com\/devenir-partenaire\/\",\"url\":\"https:\/\/www.multicoque-online.com\/devenir-partenaire\/\",\"name\":\"Devenir partenaire - Multicoque\",\"isPartOf\":{\"@id\":\"https:\/\/www.multicoque-online.com\/#website\"},\"datePublished\":\"2024-01-18T05:58:10+00:00\",\"dateModified\":\"2025-05-28T10:07:59+00:00\",\"description\":\"Vous souhaitez devenir partenaire du Salon Multicoque ? Contactez-nous en compl\u00e9tant ce formulaire.\",\"breadcrumb\":{\"@id\":\"https:\/\/www.multicoque-online.com\/devenir-partenaire\/#breadcrumb\"},\"inLanguage\":\"fr-FR\",\"potentialAction\":[{\"@type\":\"ReadAction\",\"target\":[\"https:\/\/www.multicoque-online.com\/devenir-partenaire\/\"]}]},{\"@type\":\"BreadcrumbList\",\"@id\":\"https:\/\/www.multicoque-online.com\/devenir-partenaire\/#breadcrumb\",\"itemListElement\":[{\"@type\":\"ListItem\",\"position\":1,\"name\":\"Accueil\",\"item\":\"https:\/\/www.multicoque-online.com\/home\/\"},{\"@type\":\"ListItem\",\"position\":2,\"name\":\"Devenir partenaire\"}]},{\"@type\":\"WebSite\",\"@id\":\"https:\/\/www.multicoque-online.com\/#website\",\"url\":\"https:\/\/www.multicoque-online.com\/\",\"name\":\"Multicoque\",\"description\":\"\",\"publisher\":{\"@id\":\"https:\/\/www.multicoque-online.com\/#organization\"},\"potentialAction\":[{\"@type\":\"SearchAction\",\"target\":{\"@type\":\"EntryPoint\",\"urlTemplate\":\"https:\/\/www.multicoque-online.com\/?s={search_term_string}\"},\"query-input\":{\"@type\":\"PropertyValueSpecification\",\"valueRequired\":true,\"valueName\":\"search_term_string\"}}],\"inLanguage\":\"fr-FR\"},{\"@type\":\"Organization\",\"@id\":\"https:\/\/www.multicoque-online.com\/#organization\",\"name\":\"Multicoque\",\"url\":\"https:\/\/www.multicoque-online.com\/\",\"logo\":{\"@type\":\"ImageObject\",\"inLanguage\":\"fr-FR\",\"@id\":\"https:\/\/www.multicoque-online.com\/#\/schema\/logo\/image\/\",\"url\":\"https:\/\/www.multicoque-online.com\/uploads\/2024\/01\/MultiHullShow-logo2023_Violet.png\",\"contentUrl\":\"https:\/\/www.multicoque-online.com\/uploads\/2024\/01\/MultiHullShow-logo2023_Violet.png\",\"width\":2485,\"height\":770,\"caption\":\"Multicoque\"},\"image\":{\"@id\":\"https:\/\/www.multicoque-online.com\/#\/schema\/logo\/image\/\"}}]}<\/script>\n<!-- \/ Yoast SEO plugin. -->","yoast_head_json":{"title":"Devenir partenaire - Multicoque","description":"Vous souhaitez devenir partenaire du Salon Multicoque ? Contactez-nous en compl\u00e9tant ce formulaire.","robots":{"index":"index","follow":"follow","max-snippet":"max-snippet:-1","max-image-preview":"max-image-preview:large","max-video-preview":"max-video-preview:-1"},"canonical":"https:\/\/www.multicoque-online.com\/fr\/devenir-partenaire\/","og_locale":"fr_FR","og_type":"article","og_title":"Devenir partenaire - Multicoque","og_description":"Vous souhaitez devenir partenaire du Salon Multicoque ? Contactez-nous en compl\u00e9tant ce formulaire.","og_url":"https:\/\/www.multicoque-online.com\/fr\/devenir-partenaire\/","og_site_name":"Multicoque","article_modified_time":"2025-05-28T10:07:59+00:00","og_image":[{"width":2485,"height":770,"url":"https:\/\/www.multicoque-online.com\/uploads\/2024\/01\/MultiHullShow-logo2023_Violet.png","type":"image\/png"}],"twitter_card":"summary_large_image","twitter_misc":{"Dur\u00e9e de lecture estim\u00e9e":"1 minute"},"schema":{"@context":"https:\/\/schema.org","@graph":[{"@type":"WebPage","@id":"https:\/\/www.multicoque-online.com\/devenir-partenaire\/","url":"https:\/\/www.multicoque-online.com\/devenir-partenaire\/","name":"Devenir partenaire - Multicoque","isPartOf":{"@id":"https:\/\/www.multicoque-online.com\/#website"},"datePublished":"2024-01-18T05:58:10+00:00","dateModified":"2025-05-28T10:07:59+00:00","description":"Vous souhaitez devenir partenaire du Salon Multicoque ? Contactez-nous en compl\u00e9tant ce formulaire.","breadcrumb":{"@id":"https:\/\/www.multicoque-online.com\/devenir-partenaire\/#breadcrumb"},"inLanguage":"fr-FR","potentialAction":[{"@type":"ReadAction","target":["https:\/\/www.multicoque-online.com\/devenir-partenaire\/"]}]},{"@type":"BreadcrumbList","@id":"https:\/\/www.multicoque-online.com\/devenir-partenaire\/#breadcrumb","itemListElement":[{"@type":"ListItem","position":1,"name":"Accueil","item":"https:\/\/www.multicoque-online.com\/home\/"},{"@type":"ListItem","position":2,"name":"Devenir partenaire"}]},{"@type":"WebSite","@id":"https:\/\/www.multicoque-online.com\/#website","url":"https:\/\/www.multicoque-online.com\/","name":"Multicoque","description":"","publisher":{"@id":"https:\/\/www.multicoque-online.com\/#organization"},"potentialAction":[{"@type":"SearchAction","target":{"@type":"EntryPoint","urlTemplate":"https:\/\/www.multicoque-online.com\/?s={search_term_string}"},"query-input":{"@type":"PropertyValueSpecification","valueRequired":true,"valueName":"search_term_string"}}],"inLanguage":"fr-FR"},{"@type":"Organization","@id":"https:\/\/www.multicoque-online.com\/#organization","name":"Multicoque","url":"https:\/\/www.multicoque-online.com\/","logo":{"@type":"ImageObject","inLanguage":"fr-FR","@id":"https:\/\/www.multicoque-online.com\/#\/schema\/logo\/image\/","url":"https:\/\/www.multicoque-online.com\/uploads\/2024\/01\/MultiHullShow-logo2023_Violet.png","contentUrl":"https:\/\/www.multicoque-online.com\/uploads\/2024\/01\/MultiHullShow-logo2023_Violet.png","width":2485,"height":770,"caption":"Multicoque"},"image":{"@id":"https:\/\/www.multicoque-online.com\/#\/schema\/logo\/image\/"}}]}},"_links":{"self":[{"href":"https:\/\/www.multicoque-online.com\/fr\/wp-json\/wp\/v2\/pages\/430"}],"collection":[{"href":"https:\/\/www.multicoque-online.com\/fr\/wp-json\/wp\/v2\/pages"}],"about":[{"href":"https:\/\/www.multicoque-online.com\/fr\/wp-json\/wp\/v2\/types\/page"}],"author":[{"embeddable":true,"href":"https:\/\/www.multicoque-online.com\/fr\/wp-json\/wp\/v2\/users\/1"}],"replies":[{"embeddable":true,"href":"https:\/\/www.multicoque-online.com\/fr\/wp-json\/wp\/v2\/comments?post=430"}],"version-history":[{"count":3,"href":"https:\/\/www.multicoque-online.com\/fr\/wp-json\/wp\/v2\/pages\/430\/revisions"}],"predecessor-version":[{"id":6698,"href":"https:\/\/www.multicoque-online.com\/fr\/wp-json\/wp\/v2\/pages\/430\/revisions\/6698"}],"wp:attachment":[{"href":"https:\/\/www.multicoque-online.com\/fr\/wp-json\/wp\/v2\/media?parent=430"}],"curies":[{"name":"wp","href":"https:\/\/api.w.org\/{rel}","templated":true}]}}