{"id":433,"date":"2024-01-18T07:03:08","date_gmt":"2024-01-18T06:03:08","guid":{"rendered":"https:\/\/multicoque.ae2agence.ovh\/?page_id=433"},"modified":"2026-04-15T10:35:45","modified_gmt":"2026-04-15T08:35:45","slug":"contactez-nous","status":"publish","type":"page","link":"https:\/\/www.multicoque-online.com\/fr\/contactez-nous\/","title":{"rendered":"Contactez-nous"},"content":{"rendered":"<div id='av-layout-grid-1'  class='av-layout-grid-container av-17633d-8c1d16a2649644032bc99d1d49f8e1b5 entry-content-wrapper main_color av-flex-cells  avia-builder-el-0  avia-builder-el-no-sibling  gridtypemlcq  container_wrap fullsize'  >\n\n<style type=\"text\/css\" data-created_by=\"avia_inline_auto\" id=\"style-css-av-111ooh-c14d182c0190bb943295a6168a4b77a3\">\n.flex_cell.av-111ooh-c14d182c0190bb943295a6168a4b77a3{\nvertical-align:top;\n}\n<\/style>\n<div class='flex_cell av-111ooh-c14d182c0190bb943295a6168a4b77a3 av-gridrow-cell av_three_fourth no_margin  avia-builder-el-1  el_before_av_cell_one_fourth  avia-builder-el-first ' ><div class='flex_cell_inner'><p><div class='flex_column av-vum41-cc4a30462789897210f3c08454718e15 av_one_full  avia-builder-el-2  el_before_av_two_fifth  avia-builder-el-first  first flex_column_div '     ><section  class='av_textblock_section av-lrit2fi3-52e3c6483193c3c111741a8525249b1f'  itemscope=\"itemscope\" itemtype=\"https:\/\/schema.org\/CreativeWork\" ><div class='avia_textblock titrehn'  itemprop=\"text\" ><h1>Nous contacter<\/h1>\n<\/div><\/section><\/div><div class='flex_column_table av-rdwm9-794ffa7cc74c8449932b58c57e8049ef sc-av_two_fifth av-equal-height-column-flextable'>\n<style type=\"text\/css\" data-created_by=\"avia_inline_auto\" id=\"style-css-av-rdwm9-794ffa7cc74c8449932b58c57e8049ef\">\n.flex_column.av-rdwm9-794ffa7cc74c8449932b58c57e8049ef{\nwidth:36.4%;\nmargin-left:0;\n}\n#top .flex_column_table.av-equal-height-column-flextable.av-rdwm9-794ffa7cc74c8449932b58c57e8049ef .av-flex-placeholder{\nwidth:6%;\n}\n<\/style>\n<div class='flex_column av-rdwm9-794ffa7cc74c8449932b58c57e8049ef av_two_fifth  avia-builder-el-4  el_after_av_one_full  el_before_av_three_fifth  first flex_column_table_cell av-equal-height-column av-align-middle column-top-margin'     ><section  class='av_textblock_section av-lritvjsk-56b0d586bd6c89bae662843cf69de11e'  itemscope=\"itemscope\" itemtype=\"https:\/\/schema.org\/CreativeWork\" ><div class='avia_textblock'  itemprop=\"text\" ><p><img loading=\"lazy\" decoding=\"async\" class=\"alignnone size-medium wp-image-438\" src=\"https:\/\/www.multicoque-online.com\/uploads\/2024\/01\/m2o_logo-300x217.png\" alt=\"\" width=\"300\" height=\"217\" srcset=\"https:\/\/www.multicoque-online.com\/uploads\/2024\/01\/m2o_logo-300x217.png 300w, https:\/\/www.multicoque-online.com\/uploads\/2024\/01\/m2o_logo-18x12.png 18w, https:\/\/www.multicoque-online.com\/uploads\/2024\/01\/m2o_logo.png 606w\" sizes=\"(max-width: 300px) 100vw, 300px\" \/><\/p>\n<\/div><\/section><\/div><div class='av-flex-placeholder'><\/div>\n<style type=\"text\/css\" data-created_by=\"avia_inline_auto\" id=\"style-css-av-jhszt-70cda47d96c37e44c4102839d4b3374b\">\n.flex_column.av-jhszt-70cda47d96c37e44c4102839d4b3374b{\nwidth:57.6%;\nmargin-left:0;\n}\n#top .flex_column_table.av-equal-height-column-flextable.av-jhszt-70cda47d96c37e44c4102839d4b3374b .av-flex-placeholder{\nwidth:6%;\n}\n<\/style>\n<div class='flex_column av-jhszt-70cda47d96c37e44c4102839d4b3374b av_three_fifth  avia-builder-el-6  el_after_av_two_fifth  el_before_av_one_full  flex_column_table_cell av-equal-height-column av-align-middle column-top-margin'     ><section  class='av_textblock_section av-lritvufl-2ded7e87e4de3b95dd9276006030e4ef'  itemscope=\"itemscope\" itemtype=\"https:\/\/schema.org\/CreativeWork\" ><div class='avia_textblock'  itemprop=\"text\" ><h2>M2Organisation<\/h2>\n<h3>Cr\u00e9ateur d&rsquo;\u00e9v\u00e8nements nautiques<\/h3>\n<p>4 rue Racine<\/p>\n<p>44000 NANTES<\/p>\n<p><strong>Mail : admin@m2organisation.com<\/strong><\/p>\n<\/div><\/section><\/div><\/div><!--close column table wrapper. Autoclose: 1 --><div class='flex_column av-fptxl-b9130f5c57a244035f89abc059a56278 av_one_full  avia-builder-el-8  el_after_av_three_fifth  avia-builder-el-last  first flex_column_div '     ><section  class='av_textblock_section av-98w4p-e7eef098478d24f2a9b8b8ddba28b884'  itemscope=\"itemscope\" itemtype=\"https:\/\/schema.org\/CreativeWork\" ><div class='avia_textblock'  itemprop=\"text\" >\n<div class=\"wpcf7 no-js\" id=\"wpcf7-f5-o1\" lang=\"fr-FR\" dir=\"ltr\">\n<div class=\"screen-reader-response\"><p role=\"status\" aria-live=\"polite\" aria-atomic=\"true\"><\/p> <ul><\/ul><\/div>\n<form action=\"\/fr\/wp-json\/wp\/v2\/pages\/433#wpcf7-f5-o1\" method=\"post\" class=\"wpcf7-form init\" aria-label=\"Formulaire de contact\" novalidate=\"novalidate\" data-status=\"init\">\n<div style=\"display: none;\">\n<input type=\"hidden\" name=\"_wpcf7\" value=\"5\" \/>\n<input type=\"hidden\" name=\"_wpcf7_version\" value=\"5.8.6\" \/>\n<input type=\"hidden\" name=\"_wpcf7_locale\" value=\"fr_FR\" \/>\n<input type=\"hidden\" name=\"_wpcf7_unit_tag\" value=\"wpcf7-f5-o1\" \/>\n<input type=\"hidden\" name=\"_wpcf7_container_post\" value=\"0\" \/>\n<input type=\"hidden\" name=\"_wpcf7_posted_data_hash\" value=\"\" \/>\n<input type=\"hidden\" name=\"_wpcf7_recaptcha_response\" value=\"\" \/>\n<\/div>\n<div class=\"ctfmcthree\">\n\t<p><label><br \/>\n<span class=\"wpcf7-form-control-wrap\" data-name=\"your-name\"><input size=\"40\" class=\"wpcf7-form-control wpcf7-text wpcf7-validates-as-required\" aria-required=\"true\" aria-invalid=\"false\" placeholder=\"Nom &amp; pr\u00e9nom\" value=\"\" type=\"text\" name=\"your-name\" \/><\/span> <\/label>\n\t<\/p>\n\t<p><label><br \/>\n<span class=\"wpcf7-form-control-wrap\" data-name=\"your-tel\"><input size=\"40\" class=\"wpcf7-form-control wpcf7-text wpcf7-validates-as-required\" aria-required=\"true\" aria-invalid=\"false\" placeholder=\"T\u00e9l\u00e9phone\" value=\"\" type=\"text\" name=\"your-tel\" \/><\/span> <\/label>\n\t<\/p>\n\t<p><label><br \/>\n<span class=\"wpcf7-form-control-wrap\" data-name=\"your-email\"><input size=\"40\" class=\"wpcf7-form-control wpcf7-email wpcf7-validates-as-required wpcf7-text wpcf7-validates-as-email\" autocomplete=\"email\" aria-required=\"true\" aria-invalid=\"false\" placeholder=\"E-mail\" value=\"\" type=\"email\" name=\"your-email\" \/><\/span> <\/label>\n\t<\/p>\n<\/div>\n<p><label><br \/>\n<span class=\"wpcf7-form-control-wrap\" data-name=\"your-message\"><textarea cols=\"40\" rows=\"10\" class=\"wpcf7-form-control wpcf7-textarea\" aria-invalid=\"false\" placeholder=\"Message\" name=\"your-message\"><\/textarea><\/span> <\/label>\n<\/p>\n<p><input class=\"wpcf7-form-control wpcf7-submit has-spinner\" type=\"submit\" value=\"Envoyer\" \/>\n<\/p>\n<p><span class=\"wpcf7-form-control-wrap\" data-name=\"acceptance-572\"><span class=\"wpcf7-form-control wpcf7-acceptance\"><span class=\"wpcf7-list-item\"><label><input type=\"checkbox\" name=\"acceptance-572\" value=\"1\" aria-invalid=\"false\" \/><span class=\"wpcf7-list-item-label\">En cochant cette case, je d\u00e9clare avoir pris connaissance et accepter sans r\u00e9serve les Conditions G\u00e9n\u00e9rales d\u2019Utilisation et la Politique de traitement des donn\u00e9es personnelles du site.<\/span><\/label><\/span><\/span><\/span>\n<\/p>\n<div class=\"rgpdinfocontact\">\n\t<p>*Obligatoire<br \/>\n\"Les informations recueillies \u00e0 partir de ce formulaire font l\u2019objet d\u2019un traitement informatique destin\u00e9 \u00e0 M2Organisation pour des fins de traitement de vos commandes, de gestion de votre compte client, d\u2019\u00e9tudes marketing et statistiques dans le but de vous fournir les offres les plus adapt\u00e9es, de suivi de qualit\u00e9 de nos services et de prospection commerciale.\"\n\t<\/p>\n<\/div><div class=\"wpcf7-response-output\" aria-hidden=\"true\"><\/div>\n<\/form>\n<\/div>\n\n<\/div><\/section><\/div><\/p>\n<\/div><\/div>\n<style type=\"text\/css\" data-created_by=\"avia_inline_auto\" id=\"style-css-av-itkb5-0cb991ab6317ba7bbf86f8090b2ba2fc\">\n.flex_cell.av-itkb5-0cb991ab6317ba7bbf86f8090b2ba2fc{\nvertical-align:top;\n}\n<\/style>\n<div class='flex_cell av-itkb5-0cb991ab6317ba7bbf86f8090b2ba2fc av-gridrow-cell av_one_fourth no_margin  avia-builder-el-10  el_after_av_cell_three_fourth  avia-builder-el-last ' ><div class='flex_cell_inner'><div class='flex_column av-dkckx-cdf3cf0a371c870e087be89fe64ddced av_one_full  avia-builder-el-11  avia-builder-el-no-sibling  first flex_column_div '     ><section  class='av_textblock_section av-sk41-6acb006ae3b81ab76e9472ddb433d8cf'  itemscope=\"itemscope\" itemtype=\"https:\/\/schema.org\/CreativeWork\" ><div class='avia_textblock'  itemprop=\"text\" ><p><iframe loading=\"lazy\" class=\"\" style=\"border: none; visibility: visible; width: 275px; height: 390px;\" title=\"fb:page Facebook Social Plugin\" src=\"https:\/\/www.facebook.com\/v3.2\/plugins\/page.php?adapt_container_width=true&#038;app_id=1101047086724778&#038;channel=https%3A%2F%2Fstaticxx.facebook.com%2Fx%2Fconnect%2Fxd_arbiter%2F%3Fversion%3D46%23cb%3Df290795d4018d28%26domain%3Dwww.multicoque-online.com%26is_canvas%3Dfalse%26origin%3Dhttps%253A%252F%252Fwww.multicoque-online.com%252Ff13c0ab6d92d08%26relation%3Dparent.parent&#038;container_width=275&#038;height=390&#038;hide_cover=true&#038;href=https%3A%2F%2Fwww.facebook.com%2FInternationalMultihullShow%2F&#038;locale=fr_FR&#038;sdk=joey&#038;show_facepile=false&#038;small_header=true&#038;tabs=timeline\" name=\"f228380b3f2f8e\" width=\"1000px\" height=\"390px\" frameborder=\"0\" scrolling=\"no\" allowfullscreen=\"allowfullscreen\" data-testid=\"fb:page Facebook Social Plugin\"><\/iframe><\/p>\n<\/div><\/section><\/div>\n<\/div><\/div><\/div>\n","protected":false},"excerpt":{"rendered":"","protected":false},"author":1,"featured_media":0,"parent":0,"menu_order":0,"comment_status":"closed","ping_status":"closed","template":"","meta":{"inline_featured_image":false,"footnotes":""},"acf":[],"yoast_head":"<!-- This site is optimized with the Yoast SEO plugin v23.4 - https:\/\/yoast.com\/wordpress\/plugins\/seo\/ -->\n<title>Contactez-nous - Multicoque<\/title>\n<meta name=\"description\" content=\"N&#039;h\u00e9sitez pas \u00e0 nous contacter pour tout compl\u00e9ment d&#039;information. Compl\u00e9tez le formulaire, appelez-nous par t\u00e9l\u00e9phone ou envoyez nous un mail.\" \/>\n<meta name=\"robots\" content=\"index, follow, max-snippet:-1, max-image-preview:large, max-video-preview:-1\" \/>\n<link rel=\"canonical\" href=\"https:\/\/www.multicoque-online.com\/fr\/contactez-nous\/\" \/>\n<meta property=\"og:locale\" content=\"fr_FR\" \/>\n<meta property=\"og:type\" content=\"article\" \/>\n<meta property=\"og:title\" content=\"Contactez-nous - Multicoque\" \/>\n<meta property=\"og:description\" content=\"N&#039;h\u00e9sitez pas \u00e0 nous contacter pour tout compl\u00e9ment d&#039;information. Compl\u00e9tez le formulaire, appelez-nous par t\u00e9l\u00e9phone ou envoyez nous un mail.\" \/>\n<meta property=\"og:url\" content=\"https:\/\/www.multicoque-online.com\/fr\/contactez-nous\/\" \/>\n<meta property=\"og:site_name\" content=\"Multicoque\" \/>\n<meta property=\"article:modified_time\" content=\"2026-04-15T08:35:45+00:00\" \/>\n<meta property=\"og:image\" content=\"https:\/\/www.multicoque-online.com\/uploads\/2024\/01\/m2o_logo-300x217.png\" \/>\n<meta name=\"twitter:card\" content=\"summary_large_image\" \/>\n<meta name=\"twitter:label1\" content=\"Dur\u00e9e de lecture estim\u00e9e\" \/>\n\t<meta name=\"twitter:data1\" content=\"1 minute\" \/>\n<script type=\"application\/ld+json\" class=\"yoast-schema-graph\">{\"@context\":\"https:\/\/schema.org\",\"@graph\":[{\"@type\":\"WebPage\",\"@id\":\"https:\/\/www.multicoque-online.com\/contactez-nous\/\",\"url\":\"https:\/\/www.multicoque-online.com\/contactez-nous\/\",\"name\":\"Contactez-nous - Multicoque\",\"isPartOf\":{\"@id\":\"https:\/\/www.multicoque-online.com\/#website\"},\"primaryImageOfPage\":{\"@id\":\"https:\/\/www.multicoque-online.com\/contactez-nous\/#primaryimage\"},\"image\":{\"@id\":\"https:\/\/www.multicoque-online.com\/contactez-nous\/#primaryimage\"},\"thumbnailUrl\":\"https:\/\/www.multicoque-online.com\/uploads\/2024\/01\/m2o_logo-300x217.png\",\"datePublished\":\"2024-01-18T06:03:08+00:00\",\"dateModified\":\"2026-04-15T08:35:45+00:00\",\"description\":\"N'h\u00e9sitez pas \u00e0 nous contacter pour tout compl\u00e9ment d'information. Compl\u00e9tez le formulaire, appelez-nous par t\u00e9l\u00e9phone ou envoyez nous un mail.\",\"breadcrumb\":{\"@id\":\"https:\/\/www.multicoque-online.com\/contactez-nous\/#breadcrumb\"},\"inLanguage\":\"fr-FR\",\"potentialAction\":[{\"@type\":\"ReadAction\",\"target\":[\"https:\/\/www.multicoque-online.com\/contactez-nous\/\"]}]},{\"@type\":\"ImageObject\",\"inLanguage\":\"fr-FR\",\"@id\":\"https:\/\/www.multicoque-online.com\/contactez-nous\/#primaryimage\",\"url\":\"https:\/\/www.multicoque-online.com\/uploads\/2024\/01\/m2o_logo-300x217.png\",\"contentUrl\":\"https:\/\/www.multicoque-online.com\/uploads\/2024\/01\/m2o_logo-300x217.png\"},{\"@type\":\"BreadcrumbList\",\"@id\":\"https:\/\/www.multicoque-online.com\/contactez-nous\/#breadcrumb\",\"itemListElement\":[{\"@type\":\"ListItem\",\"position\":1,\"name\":\"Accueil\",\"item\":\"https:\/\/www.multicoque-online.com\/home\/\"},{\"@type\":\"ListItem\",\"position\":2,\"name\":\"Contactez-nous\"}]},{\"@type\":\"WebSite\",\"@id\":\"https:\/\/www.multicoque-online.com\/#website\",\"url\":\"https:\/\/www.multicoque-online.com\/\",\"name\":\"Multicoque\",\"description\":\"\",\"publisher\":{\"@id\":\"https:\/\/www.multicoque-online.com\/#organization\"},\"potentialAction\":[{\"@type\":\"SearchAction\",\"target\":{\"@type\":\"EntryPoint\",\"urlTemplate\":\"https:\/\/www.multicoque-online.com\/?s={search_term_string}\"},\"query-input\":{\"@type\":\"PropertyValueSpecification\",\"valueRequired\":true,\"valueName\":\"search_term_string\"}}],\"inLanguage\":\"fr-FR\"},{\"@type\":\"Organization\",\"@id\":\"https:\/\/www.multicoque-online.com\/#organization\",\"name\":\"Multicoque\",\"url\":\"https:\/\/www.multicoque-online.com\/\",\"logo\":{\"@type\":\"ImageObject\",\"inLanguage\":\"fr-FR\",\"@id\":\"https:\/\/www.multicoque-online.com\/#\/schema\/logo\/image\/\",\"url\":\"https:\/\/www.multicoque-online.com\/uploads\/2024\/01\/MultiHullShow-logo2023_Violet.png\",\"contentUrl\":\"https:\/\/www.multicoque-online.com\/uploads\/2024\/01\/MultiHullShow-logo2023_Violet.png\",\"width\":2485,\"height\":770,\"caption\":\"Multicoque\"},\"image\":{\"@id\":\"https:\/\/www.multicoque-online.com\/#\/schema\/logo\/image\/\"}}]}<\/script>\n<!-- \/ Yoast SEO plugin. -->","yoast_head_json":{"title":"Contactez-nous - Multicoque","description":"N'h\u00e9sitez pas \u00e0 nous contacter pour tout compl\u00e9ment d'information. Compl\u00e9tez le formulaire, appelez-nous par t\u00e9l\u00e9phone ou envoyez nous un mail.","robots":{"index":"index","follow":"follow","max-snippet":"max-snippet:-1","max-image-preview":"max-image-preview:large","max-video-preview":"max-video-preview:-1"},"canonical":"https:\/\/www.multicoque-online.com\/fr\/contactez-nous\/","og_locale":"fr_FR","og_type":"article","og_title":"Contactez-nous - Multicoque","og_description":"N'h\u00e9sitez pas \u00e0 nous contacter pour tout compl\u00e9ment d'information. Compl\u00e9tez le formulaire, appelez-nous par t\u00e9l\u00e9phone ou envoyez nous un mail.","og_url":"https:\/\/www.multicoque-online.com\/fr\/contactez-nous\/","og_site_name":"Multicoque","article_modified_time":"2026-04-15T08:35:45+00:00","og_image":[{"url":"https:\/\/www.multicoque-online.com\/uploads\/2024\/01\/m2o_logo-300x217.png"}],"twitter_card":"summary_large_image","twitter_misc":{"Dur\u00e9e de lecture estim\u00e9e":"1 minute"},"schema":{"@context":"https:\/\/schema.org","@graph":[{"@type":"WebPage","@id":"https:\/\/www.multicoque-online.com\/contactez-nous\/","url":"https:\/\/www.multicoque-online.com\/contactez-nous\/","name":"Contactez-nous - Multicoque","isPartOf":{"@id":"https:\/\/www.multicoque-online.com\/#website"},"primaryImageOfPage":{"@id":"https:\/\/www.multicoque-online.com\/contactez-nous\/#primaryimage"},"image":{"@id":"https:\/\/www.multicoque-online.com\/contactez-nous\/#primaryimage"},"thumbnailUrl":"https:\/\/www.multicoque-online.com\/uploads\/2024\/01\/m2o_logo-300x217.png","datePublished":"2024-01-18T06:03:08+00:00","dateModified":"2026-04-15T08:35:45+00:00","description":"N'h\u00e9sitez pas \u00e0 nous contacter pour tout compl\u00e9ment d'information. Compl\u00e9tez le formulaire, appelez-nous par t\u00e9l\u00e9phone ou envoyez nous un mail.","breadcrumb":{"@id":"https:\/\/www.multicoque-online.com\/contactez-nous\/#breadcrumb"},"inLanguage":"fr-FR","potentialAction":[{"@type":"ReadAction","target":["https:\/\/www.multicoque-online.com\/contactez-nous\/"]}]},{"@type":"ImageObject","inLanguage":"fr-FR","@id":"https:\/\/www.multicoque-online.com\/contactez-nous\/#primaryimage","url":"https:\/\/www.multicoque-online.com\/uploads\/2024\/01\/m2o_logo-300x217.png","contentUrl":"https:\/\/www.multicoque-online.com\/uploads\/2024\/01\/m2o_logo-300x217.png"},{"@type":"BreadcrumbList","@id":"https:\/\/www.multicoque-online.com\/contactez-nous\/#breadcrumb","itemListElement":[{"@type":"ListItem","position":1,"name":"Accueil","item":"https:\/\/www.multicoque-online.com\/home\/"},{"@type":"ListItem","position":2,"name":"Contactez-nous"}]},{"@type":"WebSite","@id":"https:\/\/www.multicoque-online.com\/#website","url":"https:\/\/www.multicoque-online.com\/","name":"Multicoque","description":"","publisher":{"@id":"https:\/\/www.multicoque-online.com\/#organization"},"potentialAction":[{"@type":"SearchAction","target":{"@type":"EntryPoint","urlTemplate":"https:\/\/www.multicoque-online.com\/?s={search_term_string}"},"query-input":{"@type":"PropertyValueSpecification","valueRequired":true,"valueName":"search_term_string"}}],"inLanguage":"fr-FR"},{"@type":"Organization","@id":"https:\/\/www.multicoque-online.com\/#organization","name":"Multicoque","url":"https:\/\/www.multicoque-online.com\/","logo":{"@type":"ImageObject","inLanguage":"fr-FR","@id":"https:\/\/www.multicoque-online.com\/#\/schema\/logo\/image\/","url":"https:\/\/www.multicoque-online.com\/uploads\/2024\/01\/MultiHullShow-logo2023_Violet.png","contentUrl":"https:\/\/www.multicoque-online.com\/uploads\/2024\/01\/MultiHullShow-logo2023_Violet.png","width":2485,"height":770,"caption":"Multicoque"},"image":{"@id":"https:\/\/www.multicoque-online.com\/#\/schema\/logo\/image\/"}}]}},"_links":{"self":[{"href":"https:\/\/www.multicoque-online.com\/fr\/wp-json\/wp\/v2\/pages\/433"}],"collection":[{"href":"https:\/\/www.multicoque-online.com\/fr\/wp-json\/wp\/v2\/pages"}],"about":[{"href":"https:\/\/www.multicoque-online.com\/fr\/wp-json\/wp\/v2\/types\/page"}],"author":[{"embeddable":true,"href":"https:\/\/www.multicoque-online.com\/fr\/wp-json\/wp\/v2\/users\/1"}],"replies":[{"embeddable":true,"href":"https:\/\/www.multicoque-online.com\/fr\/wp-json\/wp\/v2\/comments?post=433"}],"version-history":[{"count":2,"href":"https:\/\/www.multicoque-online.com\/fr\/wp-json\/wp\/v2\/pages\/433\/revisions"}],"predecessor-version":[{"id":7784,"href":"https:\/\/www.multicoque-online.com\/fr\/wp-json\/wp\/v2\/pages\/433\/revisions\/7784"}],"wp:attachment":[{"href":"https:\/\/www.multicoque-online.com\/fr\/wp-json\/wp\/v2\/media?parent=433"}],"curies":[{"name":"wp","href":"https:\/\/api.w.org\/{rel}","templated":true}]}}