{"id":551,"date":"2024-01-18T11:34:38","date_gmt":"2024-01-18T10:34:38","guid":{"rendered":"https:\/\/multicoque.ae2agence.ovh\/?page_id=551"},"modified":"2024-01-18T11:44:57","modified_gmt":"2024-01-18T10:44:57","slug":"cgu","status":"publish","type":"page","link":"https:\/\/www.multicoque-online.com\/fr\/cgu\/","title":{"rendered":"CGU"},"content":{"rendered":"<div id='av-layout-grid-1'  class='av-layout-grid-container av-1haggv-d6912f011da206ad6a9db7135634791c entry-content-wrapper main_color av-flex-cells  avia-builder-el-0  avia-builder-el-no-sibling  gridtypemlcq  container_wrap fullsize'  >\n\n<style type=\"text\/css\" data-created_by=\"avia_inline_auto\" id=\"style-css-av-4f5lb-1106e6a319cc593b80e213b4bb2d4b40\">\n.flex_cell.av-4f5lb-1106e6a319cc593b80e213b4bb2d4b40{\nvertical-align:top;\n}\n<\/style>\n<div class='flex_cell av-4f5lb-1106e6a319cc593b80e213b4bb2d4b40 av-gridrow-cell av_three_fourth no_margin  avia-builder-el-1  el_before_av_cell_one_fourth  avia-builder-el-first ' ><div class='flex_cell_inner'><p><div class='flex_column av-14pwsv-68cceef24530b692173e7835dadfce47 av_one_full  avia-builder-el-2  el_before_av_one_full  avia-builder-el-first  first flex_column_div '     ><section  class='av_textblock_section av-lrj2rolp-dde4a8fd33b848b7b517db784c1762fa'  itemscope=\"itemscope\" itemtype=\"https:\/\/schema.org\/CreativeWork\" ><div class='avia_textblock titrehn'  itemprop=\"text\" ><h1>CGU<\/h1>\n<\/div><\/section><\/div><div class='flex_column av-z0mdb-0ab00b47da6292f4006d27af86778b56 av_one_full  avia-builder-el-4  el_after_av_one_full  avia-builder-el-last  first flex_column_div column-top-margin'     ><section  class='av_textblock_section av-tginz-9f9251883cdc06d6dfc63e4d4f8e9e2d'  itemscope=\"itemscope\" itemtype=\"https:\/\/schema.org\/CreativeWork\" ><div class='avia_textblock'  itemprop=\"text\" ><h1>CGU DU SITE MULTICOQUE-ONLINE.COM<\/h1>\n<p>L&rsquo;acc\u00e8s au Site, sa consultation et son utilisation sont subordonn\u00e9s \u00e0 l&rsquo;acceptation sans\u00a0r\u00e9serve des pr\u00e9sentes conditions g\u00e9n\u00e9rales d&rsquo;utilisation.<\/p>\n<p>En naviguant sur le Site, vous reconnaissez avoir pris connaissance et avoir accept\u00e9 pleinement et sans r\u00e9serve les pr\u00e9sentes conditions g\u00e9n\u00e9rales d&rsquo;utilisation.<\/p>\n<p>Le Salon International du Multicoque par M2Organisation\u00a0attire votre attention sur l&rsquo;importance de les lire attentivement.<\/p>\n<h1>ARTICLE 1. OBJET<\/h1>\n<p>Les pr\u00e9sentes conditions g\u00e9n\u00e9rales d\u2019utilisation (\u00ab\u00a0les Conditions d\u2019Utilisation\u00a0\u00bb) r\u00e9gissent l\u2019utilisation du Site par tout utilisateur, personne physique, quel qu\u2019il soit, \u00e2g\u00e9e d\u2019au moins 18 ans (\u00ab\u00a0Vous\u00a0\u00bb). Elles visent notamment \u00e0 d\u00e9finir les conditions dans lesquelles vous pouvez acc\u00e9der et naviguer sur le Site et cr\u00e9er un compte client.<\/p>\n<h1>ARTICLE 2. SITE<\/h1>\n<p>Le Site est ouvert \u00e0 tout internaute remplissant les conditions pr\u00e9vues \u00e0 l\u2019article \u00ab\u00a0Objet\u00a0\u00bb ci-dessus, sous r\u00e9serve de disposer d\u2019une connexion au r\u00e9seau Internet.<\/p>\n<h1>ARTICLE 3. COMPTE CLIENT<\/h1>\n<ol>\n<li>\u00a0\u00a0\u00a0\u00a0R\u00e8gles g\u00e9n\u00e9rales<\/li>\n<\/ol>\n<p>Pour acc\u00e9der au Site, vous devez disposer d\u2019un acc\u00e8s \u00e0 Internet, dont le co\u00fbt est \u00e0 votre charge, et reconnaissez que :<\/p>\n<p>&#8211;\u00a0\u00a0\u00a0\u00a0\u00a0\u00a0\u00a0La fiabilit\u00e9 des transmissions est al\u00e9atoire en raison, notamment, du caract\u00e8re h\u00e9t\u00e9rog\u00e8ne des infrastructures et r\u00e9seaux sur lesquelles elles circulent ;<\/p>\n<p>&#8211;\u00a0\u00a0\u00a0\u00a0\u00a0\u00a0\u00a0Il vous appartient de prendre toute mesure que vous jugerez appropri\u00e9e pour assurer la s\u00e9curit\u00e9 de votre terminal de connexion ;<\/p>\n<p>&#8211;\u00a0\u00a0\u00a0\u00a0\u00a0\u00a0\u00a0Tout terminal de connexion connect\u00e9 au Site est et reste sous votre enti\u00e8re responsabilit\u00e9, la responsabilit\u00e9 de\u00a0Le Salon International du Multicoque par M2Organisation ne pouvant pas \u00eatre recherch\u00e9e pour tout dommage direct ou indirect qui pourrait survenir du fait de votre connexion au Site<\/p>\n<h1>ARTICLE 4. RESPONSABILIT\u00c9 DE\u00a0Le Salon International du Multicoque par M2Organisation<\/h1>\n<p>Le Salon International du Multicoque par M2Organisation s\u2019engage \u00e0 faire ses meilleurs efforts\u00a0afin d&rsquo;assurer au mieux l&rsquo;acc\u00e8s, la s\u00e9curit\u00e9 et le bon fonctionnement du Site.<\/p>\n<p>Ceci \u00e9tant, en naviguant sur le Site, vous reconnaissez conna\u00eetre les caract\u00e9ristiques et les limites du r\u00e9seau Internet, en particulier ses performances techniques, les temps de r\u00e9ponse pour consulter, interroger ou transf\u00e9rer des donn\u00e9es et les risques li\u00e9s \u00e0 la s\u00e9curit\u00e9 des communications.<\/p>\n<p>En d\u00e9pit des soins et efforts qu&rsquo;elle apporte \u00e0 son Site,\u00a0Le Salon International du Multicoque par M2Organisation ne garantit pas que celui-ci sera exempt d\u2019anomalies ou d\u2019erreurs, que celles-ci pourront \u00eatre corrig\u00e9es, que le Site fonctionnera sans interruption ou panne, que des dysfonctionnements imputables \u00e0 des logiciels de tiers, que ceux-ci soient ou non incorpor\u00e9s dans le Site ou fournis avec celui-ci, surviennent, ni encore que le Site soit compatible avec la nature ou la configuration de votre terminal de connexion.<\/p>\n<p>Vous reconnaissez \u00eatre seul responsable de l&rsquo;utilisation que vous faites du Site et que Le Salon International du Multicoque par M2Organisation d\u00e9cline toute responsabilit\u00e9 en cas :<\/p>\n<p>&#8211;\u00a0\u00a0\u00a0\u00a0\u00a0\u00a0\u00a0D\u2019inconv\u00e9nients ou dommages inh\u00e9rents \u00e0 l&rsquo;utilisation du r\u00e9seau Internet, notamment\u00a0en cas de suspension ou d\u2019interruption de l&rsquo;acc\u00e8s au Site en raison d\u2019un sinistre, probl\u00e8me sur la ligne,\u00a0rupture de service,\u00a0coupure d\u2019\u00e9lectricit\u00e9,\u00a0intrusion ext\u00e9rieure, pr\u00e9sence de virus informatiques ou de\u00a0fichiers corrompus, maintenance ou mise \u00e0 jour du Site, violation de donn\u00e9es du Site ou acc\u00e8s non autoris\u00e9\u00a0;<\/p>\n<p>&#8211;\u00a0\u00a0\u00a0\u00a0\u00a0\u00a0\u00a0de dommage de tout type, pr\u00e9visible ou impr\u00e9visible (incluant la perte de donn\u00e9es, de b\u00e9n\u00e9fices, de chiffres d&rsquo;affaires, d&rsquo;activit\u00e9, d\u2019opportunit\u00e9, d\u2019\u00e9conomies, de profits, etc.) d\u00e9coulant de l\u2019utilisation ou de l\u2019impossibilit\u00e9 d\u2019acc\u00e9der totalement ou partiellement au Site ou de l&rsquo;utilisation que vous pourriez en faire en violation des pr\u00e9sentes Conditions d&rsquo;Utilisation.<\/p>\n<h1>ARTICLE 5. VOTRE RESPONSABILIT\u00c9<\/h1>\n<p>En acc\u00e9dant au Site, vous vous interdisez notamment de :<\/p>\n<p>&#8211;\u00a0\u00a0\u00a0\u00a0\u00a0\u00a0\u00a0Collecter de quelque fa\u00e7on que ce soit des informations sur les autres visiteurs du Site, sans leur accord expr\u00e8s, pr\u00e9alable et \u00e9crit ;<\/p>\n<p>&#8211;\u00a0\u00a0\u00a0\u00a0\u00a0\u00a0\u00a0Perturber ou tenter de perturber le fonctionnement du Site, diffuser des virus ou toutes autres technologies susceptibles de nuire \u00e0\u00a0Le Salon International du Multicoque par M2Organisation et aux autres visiteurs du Site, cr\u00e9er une saturation, inonder le serveur, tenter de sonder, de scruter ou de tester la vuln\u00e9rabilit\u00e9 d&rsquo;un syst\u00e8me ou d&rsquo;un r\u00e9seau ou encore enfreindre les mesures de s\u00e9curit\u00e9 ou d&rsquo;authentification sans en avoir re\u00e7u l&rsquo;accord expr\u00e8s, pr\u00e9alable et \u00e9crit de Le Salon International du Multicoque par M2Organisation ;<\/p>\n<p>&#8211;\u00a0\u00a0\u00a0\u00a0\u00a0\u00a0\u00a0Utiliser des robots, spiders ou scrapers ou tout autre proc\u00e9d\u00e9 automatique pour acc\u00e9der au Site, pour quelque raison que ce soit ;<\/p>\n<p>&#8211;\u00a0\u00a0\u00a0\u00a0\u00a0\u00a0\u00a0Transf\u00e9rer votre Compte client \u00e0 un tiers sans l&rsquo;accord expr\u00e8s, pr\u00e9alable et \u00e9crit de Le Salon International du Multicoque par M2Organisation.<\/p>\n<h1>ARTICLE 6. PROPRI\u00c9T\u00c9 INTELLECTUELLE<\/h1>\n<p>Tous les droits de propri\u00e9t\u00e9 intellectuelle portant tant sur la structure que sur le contenu du Site, et notamment les \u00e9l\u00e9ments graphiques, textuels ou visuels, les images, sons, vid\u00e9os, photographies, logos, marques, signes distinctifs, outils, logiciels, documents et donn\u00e9es (ci-apr\u00e8s d\u00e9sign\u00e9s ensemble \u00ab\u00a0les El\u00e9ments\u00a0\u00bb) sont la propri\u00e9t\u00e9 exclusive de\u00a0Le Salon International du Multicoque par M2Organisation ou, le cas \u00e9ch\u00e9ant, de ses partenaires et ont, dans cette hypoth\u00e8se, fait l\u2019objet d\u2019une autorisation expresse et pr\u00e9alable de reproduction et de repr\u00e9sentation de la part du titulaire des droits.<\/p>\n<p>Ces El\u00e9ments sont mis \u00e0 votre disposition \u00e0 titre gracieux, pour la seule utilisation du Site et dans le cadre d&rsquo;une utilisation normale de ses fonctionnalit\u00e9s.<\/p>\n<p>Lors de l\u2019acc\u00e8s et de l&rsquo;utilisation du Site, vous vous engagez \u00e0 respecter les droits de propri\u00e9t\u00e9 intellectuelle de Le Salon International du Multicoque par M2Organisation et de ses partenaires, sous peine d\u2019engager votre responsabilit\u00e9 personnelle et de vous exposer \u00e0 des poursuites civiles et\/ou p\u00e9nales.<\/p>\n<p>Il vous est interdit de reproduire, repr\u00e9senter, publier, transmettre, modifier, utiliser, adapter, traduire, diffuser, c\u00e9der, exploiter ou extraire, \u00e0 des fins commerciales ou non, tout ou partie des El\u00e9ments, et ce de quelque mani\u00e8re que ce soit, sans l&rsquo;accord expr\u00e8s, pr\u00e9alable et \u00e9crit de Le Salon International du Multicoque par M2Organisation.<\/p>\n<p>Par d\u00e9rogation au paragraphe pr\u00e9c\u00e9dent, vous \u00eates autoris\u00e9 \u00e0 t\u00e9l\u00e9charger une copie de certaines parties du Site sur un ordinateur personnel et\/ou \u00e0 proc\u00e9der \u00e0 une impression, exclusivement pour votre utilisation personnelle et non commerciale et sous r\u00e9serve de n&rsquo;apporter aucune modification aux El\u00e9ments copi\u00e9s.<\/p>\n<h1>ARTICLE 7. LIENS HYPERTEXTES<\/h1>\n<ol>\n<li>\u00a0\u00a0\u00a0\u00a0Liens hypertextes depuis le Site<\/li>\n<\/ol>\n<p>Le Site peut contenir des liens hypertextes redirigeant vers des sites Internet exploit\u00e9s par des tiers. Ces liens sont fournis \u00e0 simple titre d&rsquo;information.\u00a0Le Salon International du Multicoque par M2Organisation n&rsquo;exerce aucun contr\u00f4le sur ces sites Internet et d\u00e9cline toute responsabilit\u00e9 quant \u00e0 l&rsquo;acc\u00e8s, le contenu ou l&rsquo;utilisation de ces sites, ainsi qu&rsquo;aux dommages pouvant r\u00e9sulter de la consultation des informations qui y figurent, la d\u00e9cision d&rsquo;activer ces liens hypertextes relevant de votre responsabilit\u00e9 exclusive.<\/p>\n<ol start=\"2\">\n<li>\u00a0\u00a0\u00a0\u00a0Liens hypertextes vers le Site<\/li>\n<\/ol>\n<p>Aucun lien hypertexte ne peut \u00eatre cr\u00e9\u00e9 vers le Site sans l&rsquo;accord expr\u00e8s, pr\u00e9alable et \u00e9crit de Le Salon International du Multicoque par M2Organisation.<\/p>\n<p>Si vous entendez cr\u00e9er un lien hypertexte redirigeant vers le Site, et ce quel que soit le support, vous devez pr\u00e9alablement prendre contact avec Le Salon International du Multicoque par M2Organisation afin d&rsquo;obtenir son accord expr\u00e8s, pr\u00e9alable et \u00e9crit en lui adressant un courrier \u00e9lectronique.<\/p>\n<h1>ARTICLE 8.\u00a0 LOI APPLICABLE \u2013 COMP\u00c9TENCE JURIDICTIONNELLE<\/h1>\n<p>Les pr\u00e9sentes Conditions d&rsquo;utilisation sont soumises au droit fran\u00e7ais.<\/p>\n<p>Vous \u00eates inform\u00e9 qu&rsquo;en cas de contestation, vous pouvez recourir \u00e0 une m\u00e9diation de la consommation dans les conditions pr\u00e9vues dans nos conditions g\u00e9n\u00e9rales.<\/p>\n<p>En cas de litige auquel aurait pu donner lieu l\u2019application des pr\u00e9sentes Conditions d&rsquo;Utilisation et qui ne serait pas amiablement r\u00e9solu avec Le Salon International du Multicoque par M2Organisation, les tribunaux fran\u00e7ais sont exclusivement comp\u00e9tents en application des r\u00e8gles \u00e9dit\u00e9es par le Code de proc\u00e9dure civile fran\u00e7ais.<\/p>\n<h1>ARTICLE 9. VIOLATION DES CONDITIONS D\u2019UTILISATION<\/h1>\n<p>En cas de constatation par\u00a0Le Salon International du Multicoque par M2Organisation de la violation de votre part de l&rsquo;une quelconque des stipulations des pr\u00e9sentes Conditions d&rsquo;Utilisation, des dispositions l\u00e9gales en vigueur ou des droits des tiers, et apr\u00e8s notification \u00e9crite de vous mettre en conformit\u00e9 demeur\u00e9e infructueuse pendant plus de huit jours, sauf cause grave justifiant l&rsquo;absence de pr\u00e9avis ou l&rsquo;application d&rsquo;un pr\u00e9avis plus court, Le Salon International du Multicoque par M2Organisation\u00a0se r\u00e9serve le droit de restreindre, suspendre ou interdire, de mani\u00e8re temporaire ou d\u00e9finitive, votre acc\u00e8s au Site et \u00e0 votre Compte client.<\/p>\n<h1>ARTICLE 10. MODIFICATION DU SITE ET DES CGU<\/h1>\n<p>Le Salon International du Multicoque par M2Organisation se r\u00e9serve le droit, \u00e0 tout moment et sans pr\u00e9avis, de modifier les r\u00e8gles de fonctionnement du Site, de modifier ou supprimer tout ou partie de son contenu ainsi que d&rsquo;en interrompre, temporairement ou d\u00e9finitivement, l&rsquo;accessibilit\u00e9, notamment afin de proc\u00e9der \u00e0 toute op\u00e9ration de correction, de maintenance ou de mise \u00e0 jour.<\/p>\n<p>Le Salon International du Multicoque par M2Organisation\u00a0se r\u00e9serve le droit, \u00e0 tout moment et sans pr\u00e9avis, de modifier le contenu des pr\u00e9sentes Conditions d\u2019Utilisation, les modifications ainsi apport\u00e9es \u00e9tant\u00a0applicables d\u00e8s leur mise en ligne sur le Site. En cons\u00e9quence, vous \u00eates invit\u00e9 \u00e0 consulter r\u00e9guli\u00e8rement les pr\u00e9sentes Conditions d\u2019Utilisation.<\/p>\n<h1>ARTICLE 11. DROIT DE CESSION<\/h1>\n<p>Le Salon International du Multicoque par M2Organisation se r\u00e9serve le droit de c\u00e9der \u00e0 des tiers, en tout ou partie, les droits et obligations issus des pr\u00e9sentes Conditions d\u2019Utilisation, \u00e0 condition de les c\u00e9der dans les m\u00eames termes ou, \u00e0 tout le moins, dans des termes qui ne soient pas moins avantageux pour vous.<\/p>\n<h1>ARTICLE 12. DISPOSITIONS DIVERSES<\/h1>\n<p>Si l&rsquo;une quelconque des stipulations des pr\u00e9sentes Conditions d\u2019Utilisation \u00e9tait d\u00e9clar\u00e9e nulle ou inapplicable en application d&rsquo;une loi, d&rsquo;un r\u00e8glement ou \u00e0 la suite d&rsquo;une d\u00e9cision de justice devenue d\u00e9finitive, elle serait r\u00e9put\u00e9e non \u00e9crite et les autres stipulations resteraient en vigueur.<\/p>\n<p>Le fait que Le Salon International du Multicoque par M2Organisation\u00a0ne se pr\u00e9vale pas, \u00e0 un moment ou \u00e0 un autre, d\u2019une des stipulations des Conditions d\u2019Utilisation ne pourra \u00eatre interpr\u00e9t\u00e9 comme valant renonciation \u00e0 s\u2019en pr\u00e9valoir.<\/p>\n<\/div><\/section><\/div><\/p>\n<\/div><\/div>\n<style type=\"text\/css\" data-created_by=\"avia_inline_auto\" id=\"style-css-av-mbicn-f55409e7bfe8a19e71b9210f369229e8\">\n.flex_cell.av-mbicn-f55409e7bfe8a19e71b9210f369229e8{\nvertical-align:top;\n}\n<\/style>\n<div class='flex_cell av-mbicn-f55409e7bfe8a19e71b9210f369229e8 av-gridrow-cell av_one_fourth no_margin  avia-builder-el-6  el_after_av_cell_three_fourth  avia-builder-el-last ' ><div class='flex_cell_inner'><div class='flex_column av-f9sv3-06bb7df89d24d579599471adad12c661 av_one_full  avia-builder-el-7  avia-builder-el-no-sibling  first flex_column_div '     ><section  class='av_textblock_section av-9vhhr-833c427270bb07c2d14cd9adba0eead3'  itemscope=\"itemscope\" itemtype=\"https:\/\/schema.org\/CreativeWork\" ><div class='avia_textblock'  itemprop=\"text\" ><p><iframe loading=\"lazy\" class=\"\" style=\"border: none; visibility: visible; width: 275px; height: 390px;\" title=\"fb:page Facebook Social Plugin\" src=\"https:\/\/www.facebook.com\/v3.2\/plugins\/page.php?adapt_container_width=true&#038;app_id=1101047086724778&#038;channel=https%3A%2F%2Fstaticxx.facebook.com%2Fx%2Fconnect%2Fxd_arbiter%2F%3Fversion%3D46%23cb%3Df290795d4018d28%26domain%3Dwww.multicoque-online.com%26is_canvas%3Dfalse%26origin%3Dhttps%253A%252F%252Fwww.multicoque-online.com%252Ff13c0ab6d92d08%26relation%3Dparent.parent&#038;container_width=275&#038;height=390&#038;hide_cover=true&#038;href=https%3A%2F%2Fwww.facebook.com%2FInternationalMultihullShow%2F&#038;locale=fr_FR&#038;sdk=joey&#038;show_facepile=false&#038;small_header=true&#038;tabs=timeline\" name=\"f228380b3f2f8e\" width=\"1000px\" height=\"390px\" frameborder=\"0\" scrolling=\"no\" allowfullscreen=\"allowfullscreen\" data-testid=\"fb:page Facebook Social Plugin\"><\/iframe><\/p>\n<\/div><\/section><\/div>\n<\/div><\/div><\/div>\n","protected":false},"excerpt":{"rendered":"","protected":false},"author":1,"featured_media":0,"parent":0,"menu_order":0,"comment_status":"closed","ping_status":"closed","template":"","meta":{"inline_featured_image":false,"footnotes":""},"acf":[],"yoast_head":"<!-- This site is optimized with the Yoast SEO plugin v23.4 - https:\/\/yoast.com\/wordpress\/plugins\/seo\/ -->\n<title>CGU - Multicoque<\/title>\n<meta name=\"robots\" content=\"index, follow, max-snippet:-1, max-image-preview:large, max-video-preview:-1\" \/>\n<link rel=\"canonical\" href=\"https:\/\/www.multicoque-online.com\/fr\/cgu\/\" \/>\n<meta property=\"og:locale\" content=\"fr_FR\" \/>\n<meta property=\"og:type\" content=\"article\" \/>\n<meta property=\"og:title\" content=\"CGU - Multicoque\" \/>\n<meta property=\"og:url\" content=\"https:\/\/www.multicoque-online.com\/fr\/cgu\/\" \/>\n<meta property=\"og:site_name\" content=\"Multicoque\" \/>\n<meta property=\"article:modified_time\" content=\"2024-01-18T10:44:57+00:00\" \/>\n<meta property=\"og:image\" content=\"https:\/\/www.multicoque-online.com\/uploads\/2024\/01\/MultiHullShow-logo2023_Violet.png\" \/>\n\t<meta property=\"og:image:width\" content=\"2485\" \/>\n\t<meta property=\"og:image:height\" content=\"770\" \/>\n\t<meta property=\"og:image:type\" content=\"image\/png\" \/>\n<meta name=\"twitter:card\" content=\"summary_large_image\" \/>\n<meta name=\"twitter:label1\" content=\"Dur\u00e9e de lecture estim\u00e9e\" \/>\n\t<meta name=\"twitter:data1\" content=\"9 minutes\" \/>\n<script type=\"application\/ld+json\" class=\"yoast-schema-graph\">{\"@context\":\"https:\/\/schema.org\",\"@graph\":[{\"@type\":\"WebPage\",\"@id\":\"https:\/\/www.multicoque-online.com\/fr\/cgu\/\",\"url\":\"https:\/\/www.multicoque-online.com\/fr\/cgu\/\",\"name\":\"CGU - Multicoque\",\"isPartOf\":{\"@id\":\"https:\/\/www.multicoque-online.com\/#website\"},\"datePublished\":\"2024-01-18T10:34:38+00:00\",\"dateModified\":\"2024-01-18T10:44:57+00:00\",\"breadcrumb\":{\"@id\":\"https:\/\/www.multicoque-online.com\/fr\/cgu\/#breadcrumb\"},\"inLanguage\":\"fr-FR\",\"potentialAction\":[{\"@type\":\"ReadAction\",\"target\":[\"https:\/\/www.multicoque-online.com\/fr\/cgu\/\"]}]},{\"@type\":\"BreadcrumbList\",\"@id\":\"https:\/\/www.multicoque-online.com\/fr\/cgu\/#breadcrumb\",\"itemListElement\":[{\"@type\":\"ListItem\",\"position\":1,\"name\":\"Accueil\",\"item\":\"https:\/\/www.multicoque-online.com\/home\/\"},{\"@type\":\"ListItem\",\"position\":2,\"name\":\"CGU\"}]},{\"@type\":\"WebSite\",\"@id\":\"https:\/\/www.multicoque-online.com\/#website\",\"url\":\"https:\/\/www.multicoque-online.com\/\",\"name\":\"Multicoque\",\"description\":\"\",\"publisher\":{\"@id\":\"https:\/\/www.multicoque-online.com\/#organization\"},\"potentialAction\":[{\"@type\":\"SearchAction\",\"target\":{\"@type\":\"EntryPoint\",\"urlTemplate\":\"https:\/\/www.multicoque-online.com\/?s={search_term_string}\"},\"query-input\":{\"@type\":\"PropertyValueSpecification\",\"valueRequired\":true,\"valueName\":\"search_term_string\"}}],\"inLanguage\":\"fr-FR\"},{\"@type\":\"Organization\",\"@id\":\"https:\/\/www.multicoque-online.com\/#organization\",\"name\":\"Multicoque\",\"url\":\"https:\/\/www.multicoque-online.com\/\",\"logo\":{\"@type\":\"ImageObject\",\"inLanguage\":\"fr-FR\",\"@id\":\"https:\/\/www.multicoque-online.com\/#\/schema\/logo\/image\/\",\"url\":\"https:\/\/www.multicoque-online.com\/uploads\/2024\/01\/MultiHullShow-logo2023_Violet.png\",\"contentUrl\":\"https:\/\/www.multicoque-online.com\/uploads\/2024\/01\/MultiHullShow-logo2023_Violet.png\",\"width\":2485,\"height\":770,\"caption\":\"Multicoque\"},\"image\":{\"@id\":\"https:\/\/www.multicoque-online.com\/#\/schema\/logo\/image\/\"}}]}<\/script>\n<!-- \/ Yoast SEO plugin. -->","yoast_head_json":{"title":"CGU - Multicoque","robots":{"index":"index","follow":"follow","max-snippet":"max-snippet:-1","max-image-preview":"max-image-preview:large","max-video-preview":"max-video-preview:-1"},"canonical":"https:\/\/www.multicoque-online.com\/fr\/cgu\/","og_locale":"fr_FR","og_type":"article","og_title":"CGU - Multicoque","og_url":"https:\/\/www.multicoque-online.com\/fr\/cgu\/","og_site_name":"Multicoque","article_modified_time":"2024-01-18T10:44:57+00:00","og_image":[{"width":2485,"height":770,"url":"https:\/\/www.multicoque-online.com\/uploads\/2024\/01\/MultiHullShow-logo2023_Violet.png","type":"image\/png"}],"twitter_card":"summary_large_image","twitter_misc":{"Dur\u00e9e de lecture estim\u00e9e":"9 minutes"},"schema":{"@context":"https:\/\/schema.org","@graph":[{"@type":"WebPage","@id":"https:\/\/www.multicoque-online.com\/fr\/cgu\/","url":"https:\/\/www.multicoque-online.com\/fr\/cgu\/","name":"CGU - Multicoque","isPartOf":{"@id":"https:\/\/www.multicoque-online.com\/#website"},"datePublished":"2024-01-18T10:34:38+00:00","dateModified":"2024-01-18T10:44:57+00:00","breadcrumb":{"@id":"https:\/\/www.multicoque-online.com\/fr\/cgu\/#breadcrumb"},"inLanguage":"fr-FR","potentialAction":[{"@type":"ReadAction","target":["https:\/\/www.multicoque-online.com\/fr\/cgu\/"]}]},{"@type":"BreadcrumbList","@id":"https:\/\/www.multicoque-online.com\/fr\/cgu\/#breadcrumb","itemListElement":[{"@type":"ListItem","position":1,"name":"Accueil","item":"https:\/\/www.multicoque-online.com\/home\/"},{"@type":"ListItem","position":2,"name":"CGU"}]},{"@type":"WebSite","@id":"https:\/\/www.multicoque-online.com\/#website","url":"https:\/\/www.multicoque-online.com\/","name":"Multicoque","description":"","publisher":{"@id":"https:\/\/www.multicoque-online.com\/#organization"},"potentialAction":[{"@type":"SearchAction","target":{"@type":"EntryPoint","urlTemplate":"https:\/\/www.multicoque-online.com\/?s={search_term_string}"},"query-input":{"@type":"PropertyValueSpecification","valueRequired":true,"valueName":"search_term_string"}}],"inLanguage":"fr-FR"},{"@type":"Organization","@id":"https:\/\/www.multicoque-online.com\/#organization","name":"Multicoque","url":"https:\/\/www.multicoque-online.com\/","logo":{"@type":"ImageObject","inLanguage":"fr-FR","@id":"https:\/\/www.multicoque-online.com\/#\/schema\/logo\/image\/","url":"https:\/\/www.multicoque-online.com\/uploads\/2024\/01\/MultiHullShow-logo2023_Violet.png","contentUrl":"https:\/\/www.multicoque-online.com\/uploads\/2024\/01\/MultiHullShow-logo2023_Violet.png","width":2485,"height":770,"caption":"Multicoque"},"image":{"@id":"https:\/\/www.multicoque-online.com\/#\/schema\/logo\/image\/"}}]}},"_links":{"self":[{"href":"https:\/\/www.multicoque-online.com\/fr\/wp-json\/wp\/v2\/pages\/551"}],"collection":[{"href":"https:\/\/www.multicoque-online.com\/fr\/wp-json\/wp\/v2\/pages"}],"about":[{"href":"https:\/\/www.multicoque-online.com\/fr\/wp-json\/wp\/v2\/types\/page"}],"author":[{"embeddable":true,"href":"https:\/\/www.multicoque-online.com\/fr\/wp-json\/wp\/v2\/users\/1"}],"replies":[{"embeddable":true,"href":"https:\/\/www.multicoque-online.com\/fr\/wp-json\/wp\/v2\/comments?post=551"}],"version-history":[{"count":2,"href":"https:\/\/www.multicoque-online.com\/fr\/wp-json\/wp\/v2\/pages\/551\/revisions"}],"predecessor-version":[{"id":561,"href":"https:\/\/www.multicoque-online.com\/fr\/wp-json\/wp\/v2\/pages\/551\/revisions\/561"}],"wp:attachment":[{"href":"https:\/\/www.multicoque-online.com\/fr\/wp-json\/wp\/v2\/media?parent=551"}],"curies":[{"name":"wp","href":"https:\/\/api.w.org\/{rel}","templated":true}]}}