{"id":78,"date":"2024-01-16T12:22:54","date_gmt":"2024-01-16T11:22:54","guid":{"rendered":"https:\/\/multicoque.ae2agence.ovh\/?page_id=78"},"modified":"2026-02-25T12:06:50","modified_gmt":"2026-02-25T11:06:50","slug":"la-petite-histoire","status":"publish","type":"page","link":"https:\/\/www.multicoque-online.com\/fr\/la-petite-histoire\/","title":{"rendered":"La petite histoire\u2026"},"content":{"rendered":"<div id='av-layout-grid-1'  class='av-layout-grid-container av-lrg9taqy-07d36d88eaf1f9846db8223dfa0d90f1 entry-content-wrapper main_color av-flex-cells  avia-builder-el-0  avia-builder-el-no-sibling  gridtypemlcq  container_wrap fullsize'  >\n\n<style type=\"text\/css\" data-created_by=\"avia_inline_auto\" id=\"style-css-av-2ps4e-ca58edb355c5a8b5c1b4833768c3f6c7\">\n.flex_cell.av-2ps4e-ca58edb355c5a8b5c1b4833768c3f6c7{\nvertical-align:top;\n}\n<\/style>\n<div class='flex_cell av-2ps4e-ca58edb355c5a8b5c1b4833768c3f6c7 av-gridrow-cell av_three_fourth no_margin  avia-builder-el-1  el_before_av_cell_one_fourth  avia-builder-el-first ' ><div class='flex_cell_inner'><p>\n<style type=\"text\/css\" data-created_by=\"avia_inline_auto\" id=\"style-css-av-m6i5jkyt-53f862e97e8e966a6f7fdf92b1aebb89\">\n.avia-image-container.av-m6i5jkyt-53f862e97e8e966a6f7fdf92b1aebb89 img.avia_image{\nbox-shadow:none;\n}\n.avia-image-container.av-m6i5jkyt-53f862e97e8e966a6f7fdf92b1aebb89 .av-image-caption-overlay-center{\ncolor:#ffffff;\n}\n<\/style>\n<div  class='avia-image-container av-m6i5jkyt-53f862e97e8e966a6f7fdf92b1aebb89 av-styling- avia-align-center  avia-builder-el-2  el_before_av_image  avia-builder-el-first  av-desktop-hide av-medium-hide'   itemprop=\"image\" itemscope=\"itemscope\" itemtype=\"https:\/\/schema.org\/ImageObject\" ><div class=\"avia-image-container-inner\"><div class=\"avia-image-overlay-wrap\"><a href=\"https:\/\/www.catamarans-fountaine-pajot.com\/international-multihull-show-2026-fountaine-pajot-france\/\" class='avia_image' target=\"_blank\" rel=\"noopener noreferrer\"><img decoding=\"async\" class='wp-image-7117 avia-img-lazy-loading-not-7117 avia_image ' src=\"https:\/\/www.multicoque-online.com\/uploads\/2026\/02\/Display-Fountaine-Pajot-400x200-FRA.jpg\" alt='' title='Display-Fountaine-Pajot-400x200-FRA'  height=\"200\" width=\"400\"  itemprop=\"thumbnailUrl\" srcset=\"https:\/\/www.multicoque-online.com\/uploads\/2026\/02\/Display-Fountaine-Pajot-400x200-FRA.jpg 400w, https:\/\/www.multicoque-online.com\/uploads\/2026\/02\/Display-Fountaine-Pajot-400x200-FRA-300x150.jpg 300w, https:\/\/www.multicoque-online.com\/uploads\/2026\/02\/Display-Fountaine-Pajot-400x200-FRA-18x9.jpg 18w\" sizes=\"(max-width: 400px) 100vw, 400px\" \/><\/a><\/div><\/div><\/div><br \/>\n\n<style type=\"text\/css\" data-created_by=\"avia_inline_auto\" id=\"style-css-av-m6i5cmr5-35c25417376f18569ba6d018c115b620\">\n.avia-image-container.av-m6i5cmr5-35c25417376f18569ba6d018c115b620 img.avia_image{\nbox-shadow:none;\n}\n.avia-image-container.av-m6i5cmr5-35c25417376f18569ba6d018c115b620 .av-image-caption-overlay-center{\ncolor:#ffffff;\n}\n<\/style>\n<div  class='avia-image-container av-m6i5cmr5-35c25417376f18569ba6d018c115b620 av-styling- avia-align-center  avia-builder-el-3  el_after_av_image  el_before_av_one_full  av-small-hide av-mini-hide'   itemprop=\"image\" itemscope=\"itemscope\" itemtype=\"https:\/\/schema.org\/ImageObject\" ><div class=\"avia-image-container-inner\"><div class=\"avia-image-overlay-wrap\"><a href=\"https:\/\/www.catamarans-fountaine-pajot.com\/international-multihull-show-2026-fountaine-pajot-france\/\" class='avia_image' target=\"_blank\" rel=\"noopener noreferrer\"><img decoding=\"async\" class='wp-image-7119 avia-img-lazy-loading-not-7119 avia_image ' src=\"https:\/\/www.multicoque-online.com\/uploads\/2026\/02\/Display-Fountaine-Pajot-2000x100-FRA.jpg\" alt='' title='Display-Fountaine-Pajot-2000x100-FRA'  height=\"100\" width=\"2000\"  itemprop=\"thumbnailUrl\" srcset=\"https:\/\/www.multicoque-online.com\/uploads\/2026\/02\/Display-Fountaine-Pajot-2000x100-FRA.jpg 2000w, https:\/\/www.multicoque-online.com\/uploads\/2026\/02\/Display-Fountaine-Pajot-2000x100-FRA-300x15.jpg 300w, https:\/\/www.multicoque-online.com\/uploads\/2026\/02\/Display-Fountaine-Pajot-2000x100-FRA-1030x52.jpg 1030w, https:\/\/www.multicoque-online.com\/uploads\/2026\/02\/Display-Fountaine-Pajot-2000x100-FRA-768x38.jpg 768w, https:\/\/www.multicoque-online.com\/uploads\/2026\/02\/Display-Fountaine-Pajot-2000x100-FRA-1536x77.jpg 1536w, https:\/\/www.multicoque-online.com\/uploads\/2026\/02\/Display-Fountaine-Pajot-2000x100-FRA-18x1.jpg 18w, https:\/\/www.multicoque-online.com\/uploads\/2026\/02\/Display-Fountaine-Pajot-2000x100-FRA-1500x75.jpg 1500w, https:\/\/www.multicoque-online.com\/uploads\/2026\/02\/Display-Fountaine-Pajot-2000x100-FRA-705x35.jpg 705w\" sizes=\"(max-width: 2000px) 100vw, 2000px\" \/><\/a><\/div><\/div><\/div><br \/>\n<div class='flex_column av-1fshm-fb2a90072e64eaf8bd63225d8ddc8c1b av_one_full  avia-builder-el-4  el_after_av_image  el_before_av_one_full  first flex_column_div '     ><section  class='av_textblock_section av-lrg9lr0c-2b506194b91058af627e878e2bf2eec8'  itemscope=\"itemscope\" itemtype=\"https:\/\/schema.org\/CreativeWork\" ><div class='avia_textblock titrehn'  itemprop=\"text\" ><h1>La petite histoire\u2026<\/h1>\n<\/div><\/section><\/div><div class='flex_column av-101qu-505a426bac9396942627ffaf556bcd6c av_one_full  avia-builder-el-6  el_after_av_one_full  avia-builder-el-last  first flex_column_div column-top-margin'     ><section  class='av_textblock_section av-lrg9m12u-6419a0e550bac6268a8b5b368626255e'  itemscope=\"itemscope\" itemtype=\"https:\/\/schema.org\/CreativeWork\" ><div class='avia_textblock'  itemprop=\"text\" ><p><strong>Le Salon du Multicoque est n\u00e9 en 2010, d\u2019une \u00e9vidence \u00e0 pr\u00e9senter les catamarans et trimarans \u00e0 flots\u00a0;<\/strong><\/p>\n<p>Son concept original, offrait une version en Atlantique les ann\u00e9es paires, et une version en M\u00e9diterran\u00e9e les ann\u00e9es impaires ; c\u2019est ainsi que Lorient (56) et La Grande-Motte (34) assur\u00e8rent les premi\u00e8res \u00e9ditions.<\/p>\n<p><strong>A ce jour, et selon la volont\u00e9 des constructeurs, le salon se tient tous les ans \u00e0 La Grande-Motte, en avril.<\/strong><\/p>\n<p><strong>2010<\/strong> &#8211; Lorient \/ La premi\u00e8re\u2026 une premi\u00e8re mondiale\u00a0! \u2013 50 multicoques expos\u00e9s \u00e0 flots sur le bassin de la \u00ab\u00a0Cit\u00e9 de la Voile -Eric TABARLY\u00a0\u00bb.<\/p>\n<p><strong>2011<\/strong> &#8211; La Grande-Motte, la premi\u00e8re en M\u00e9diterran\u00e9e ; 60 multicoques \u00e0 flots ;<\/p>\n<p><strong>2012<\/strong> &#8211; Le retour en Atlantique &#8211; L\u2019Europe du Nord se mobilise, et contre vents et mar\u00e9es (une m\u00e9t\u00e9o ex\u00e9crable\u2026) c\u2019est l\u2019ann\u00e9e de la p\u00e9rennisation.<\/p>\n<p><strong>2013<\/strong> &#8211; La 4e \u00e9dition tient ses promesses- le salon s\u2019installe d\u00e9finitivement en M\u00e9diterran\u00e9e. Avec 40 % de visiteurs \u00e9trangers, la strat\u00e9gie de d\u00e9veloppement international se confirme.<\/p>\n<p><strong>2014<\/strong> &#8211; Sous le signe de l\u2019international \u2013 Le concept est en total ad\u00e9quation avec les attentes des constructeurs. Les visiteurs se d\u00e9placent du monde entier pour d\u00e9couvrir une offre tr\u00e8s compl\u00e8te.<\/p>\n<p><strong>2015<\/strong> &#8211; Une r\u00e9ussite \u00e9conomique : il faudra retenir le nombre d\u2019unit\u00e9s vendues, c\u2019est l\u2019\u00e9dition la plus aboutie \u00e0 la grande satisfaction des constructeurs.<\/p>\n<p><strong>2016<\/strong> &#8211; Des nouveaux records de fr\u00e9quentation et de vente ; le Salon International du Multicoque confirme son statut, d\u2019\u00e9v\u00e8nement majeur du calendrier nautique international.<\/p>\n<p><strong>2017<\/strong> &#8211; Cette 8\u00e8me \u00e9dition, confirme une nouvelle fois la tr\u00e8s bonne sant\u00e9 de cette fili\u00e8re du nautisme. Les nombreuses nouveaut\u00e9s ont re\u00e7u un franc succ\u00e8s, et les carnets de commandes se sont remplis largement au-del\u00e0 des esp\u00e9rances les plus folles\u2026<\/p>\n<p><strong>2018<\/strong> &#8211; C&rsquo;est l&rsquo;ann\u00e9e de tous les records &#8230; avec plus de 60 multicoques expos\u00e9s dont 10 unit\u00e9s en premi\u00e8re pr\u00e9sentation mondiale ! A l\u2019image d&rsquo;une m\u00e9t\u00e9o exceptionnelle, le multicoque est au beau fixe\u2026 le 9\u00e8me \u00e9dition t\u00e9moigne de l\u2019euphorie que traverse cette fili\u00e8re de l\u2019industrie nautique.<\/p>\n<p><strong>2019<\/strong> &#8211;\u00a0 Le Salon International du Multicoque a profit\u00e9 d\u2019une m\u00e9t\u00e9o vent\u00e9e pour souffler ses 10 bougies ! Cette nouvelle \u00e9dition, est une nouvelle fois couronn\u00e9e de succ\u00e8s, et les constructeurs ont largement exprim\u00e9 leur satisfaction, au travers de carnets de commandes bien remplis. Il faudra retenir cette ann\u00e9e, la forte fr\u00e9quentation de visiteurs \u00e9trangers, venus de tout horizon, qui repr\u00e9sentent une grande partie des ventes act\u00e9es.<\/p>\n<p><strong>2020<\/strong> &#8211; Edition annul\u00e9e.<\/p>\n<p><strong>2021<\/strong> &#8211; Edition annul\u00e9e.<\/p>\n<p><strong>2022<\/strong> &#8211; Rien ne l\u2019arr\u00eate, m\u00eame une m\u00e9t\u00e9o capricieuse n\u2019a r\u00e9ussi \u00e0 freiner l\u2019engouement de plus de 15 000 visiteurs venus des 4 coins de la plan\u00e8te , pour ce salon 100% multicoque ; Une pr\u00e9sentation quasi compl\u00e8te de la plaisance catamaran, trimaran \u00e0 voile ou \u00e0 moteur, avec plus de 65 multicoques pr\u00e9sent\u00e9s, sans doute un record pour un salon nautique !<\/p>\n<p><strong>2023<\/strong> &#8211; Un plateau tr\u00e8s fourni, avec quelques 70 unit\u00e9s pr\u00e9sent\u00e9es\u2026 Place aux nouvelles technologies, \u00e9nergie renouvelable, propulsion hybride, panneaux solaires, etc \u2026 Avec toujours plus d\u2019adeptes, le multicoque garde le cap et son salon sa vitesse de croisi\u00e8re !<\/p>\n<p><strong>2024<\/strong>\u00a0 &#8211; Avez 19% de visiteurs suppl\u00e9mentaires et un grand nombre de ventes, cette \u00e9dition a pleinement jou\u00e9 son r\u00f4le de place de march\u00e9. \u00a0La croissance des visiteurs et notamment celle des prescripteurs signe la mont\u00e9e en gamme de l\u2019offre du salon, avec une tendance qui se confirme de produits et de solutions innovants, d\u00e9sirables et respectueux de la plan\u00e8te.<\/p>\n<p><strong>2025\u00a0:<\/strong> Edition record, historique, in\u00e9dite, les qualificatifs ne manquent pas pour \u00e9voquer la 16\u00e8me \u00e9dition de l\u2019International Multihull Show qui a affirm\u00e9 son statut d\u2019\u00e9v\u00e9nement international de r\u00e9f\u00e9rence dans le monde du multicoque avec 48 nouveaux exposants, 76 multicoques expos\u00e9s \u00e0 flot dont 15 powercat au sein d\u2019une nouvelle marina d\u00e9di\u00e9e.<\/p>\n<p><strong>Rendez-vous pris pour 2026, du 22 au 26 avril ! <\/strong><\/p>\n<\/div><\/section><\/div><\/p>\n<\/div><\/div>\n<style type=\"text\/css\" data-created_by=\"avia_inline_auto\" id=\"style-css-av-25e0m-fe28d1d3c77b276cf8461136e08c9539\">\n.flex_cell.av-25e0m-fe28d1d3c77b276cf8461136e08c9539{\nvertical-align:top;\n}\n<\/style>\n<div class='flex_cell av-25e0m-fe28d1d3c77b276cf8461136e08c9539 av-gridrow-cell av_one_fourth no_margin  avia-builder-el-8  el_after_av_cell_three_fourth  avia-builder-el-last ' ><div class='flex_cell_inner'><div class='flex_column av-1pkf2-91704c4fb7833e50f0237b84110b75bf av_one_full  avia-builder-el-9  avia-builder-el-no-sibling  first flex_column_div '     ><section  class='av_textblock_section av-oyd2-8c45ab18d763045033701bf4e28b8212'  itemscope=\"itemscope\" itemtype=\"https:\/\/schema.org\/CreativeWork\" ><div class='avia_textblock'  itemprop=\"text\" ><p><iframe loading=\"lazy\" class=\"\" style=\"border: none; visibility: visible; width: 275px; height: 390px;\" title=\"fb:page Facebook Social Plugin\" src=\"https:\/\/www.facebook.com\/v3.2\/plugins\/page.php?adapt_container_width=true&#038;app_id=1101047086724778&#038;channel=https%3A%2F%2Fstaticxx.facebook.com%2Fx%2Fconnect%2Fxd_arbiter%2F%3Fversion%3D46%23cb%3Df290795d4018d28%26domain%3Dwww.multicoque-online.com%26is_canvas%3Dfalse%26origin%3Dhttps%253A%252F%252Fwww.multicoque-online.com%252Ff13c0ab6d92d08%26relation%3Dparent.parent&#038;container_width=275&#038;height=390&#038;hide_cover=true&#038;href=https%3A%2F%2Fwww.facebook.com%2FInternationalMultihullShow%2F&#038;locale=fr_FR&#038;sdk=joey&#038;show_facepile=false&#038;small_header=true&#038;tabs=timeline\" name=\"f228380b3f2f8e\" width=\"1000px\" height=\"390px\" frameborder=\"0\" scrolling=\"no\" allowfullscreen=\"allowfullscreen\" data-testid=\"fb:page Facebook Social Plugin\"><\/iframe><\/p>\n<\/div><\/section><\/div>\n<\/div><\/div><\/div>\n","protected":false},"excerpt":{"rendered":"","protected":false},"author":1,"featured_media":0,"parent":0,"menu_order":0,"comment_status":"closed","ping_status":"closed","template":"","meta":{"inline_featured_image":false,"footnotes":""},"acf":[],"yoast_head":"<!-- This site is optimized with the Yoast SEO plugin v23.4 - https:\/\/yoast.com\/wordpress\/plugins\/seo\/ -->\n<title>La petite histoire\u2026 - Multicoque<\/title>\n<meta name=\"description\" content=\"le Salon du Multicoque est n\u00e9 en 2010 et a lieu tous les ans. D\u00e9couvrez l&#039;histoire du Salon du Multicoque sur notre site.\" \/>\n<meta name=\"robots\" content=\"index, follow, max-snippet:-1, max-image-preview:large, max-video-preview:-1\" \/>\n<link rel=\"canonical\" href=\"https:\/\/www.multicoque-online.com\/fr\/la-petite-histoire\/\" \/>\n<meta property=\"og:locale\" content=\"fr_FR\" \/>\n<meta property=\"og:type\" content=\"article\" \/>\n<meta property=\"og:title\" content=\"La petite histoire\u2026 - Multicoque\" \/>\n<meta property=\"og:description\" content=\"le Salon du Multicoque est n\u00e9 en 2010 et a lieu tous les ans. D\u00e9couvrez l&#039;histoire du Salon du Multicoque sur notre site.\" \/>\n<meta property=\"og:url\" content=\"https:\/\/www.multicoque-online.com\/fr\/la-petite-histoire\/\" \/>\n<meta property=\"og:site_name\" content=\"Multicoque\" \/>\n<meta property=\"article:modified_time\" content=\"2026-02-25T11:06:50+00:00\" \/>\n<meta property=\"og:image\" content=\"https:\/\/www.multicoque-online.com\/uploads\/2024\/03\/Multihull-show-Mline-400x200-1-300x150.jpg\" \/>\n<meta name=\"twitter:card\" content=\"summary_large_image\" \/>\n<meta name=\"twitter:label1\" content=\"Dur\u00e9e de lecture estim\u00e9e\" \/>\n\t<meta name=\"twitter:data1\" content=\"4 minutes\" \/>\n<script type=\"application\/ld+json\" class=\"yoast-schema-graph\">{\"@context\":\"https:\/\/schema.org\",\"@graph\":[{\"@type\":\"WebPage\",\"@id\":\"https:\/\/www.multicoque-online.com\/la-petite-histoire\/\",\"url\":\"https:\/\/www.multicoque-online.com\/la-petite-histoire\/\",\"name\":\"La petite histoire\u2026 - Multicoque\",\"isPartOf\":{\"@id\":\"https:\/\/www.multicoque-online.com\/#website\"},\"datePublished\":\"2024-01-16T11:22:54+00:00\",\"dateModified\":\"2026-02-25T11:06:50+00:00\",\"description\":\"le Salon du Multicoque est n\u00e9 en 2010 et a lieu tous les ans. D\u00e9couvrez l'histoire du Salon du Multicoque sur notre site.\",\"breadcrumb\":{\"@id\":\"https:\/\/www.multicoque-online.com\/la-petite-histoire\/#breadcrumb\"},\"inLanguage\":\"fr-FR\",\"potentialAction\":[{\"@type\":\"ReadAction\",\"target\":[\"https:\/\/www.multicoque-online.com\/la-petite-histoire\/\"]}]},{\"@type\":\"BreadcrumbList\",\"@id\":\"https:\/\/www.multicoque-online.com\/la-petite-histoire\/#breadcrumb\",\"itemListElement\":[{\"@type\":\"ListItem\",\"position\":1,\"name\":\"Accueil\",\"item\":\"https:\/\/www.multicoque-online.com\/home\/\"},{\"@type\":\"ListItem\",\"position\":2,\"name\":\"La petite histoire\u2026\"}]},{\"@type\":\"WebSite\",\"@id\":\"https:\/\/www.multicoque-online.com\/#website\",\"url\":\"https:\/\/www.multicoque-online.com\/\",\"name\":\"Multicoque\",\"description\":\"\",\"publisher\":{\"@id\":\"https:\/\/www.multicoque-online.com\/#organization\"},\"potentialAction\":[{\"@type\":\"SearchAction\",\"target\":{\"@type\":\"EntryPoint\",\"urlTemplate\":\"https:\/\/www.multicoque-online.com\/?s={search_term_string}\"},\"query-input\":{\"@type\":\"PropertyValueSpecification\",\"valueRequired\":true,\"valueName\":\"search_term_string\"}}],\"inLanguage\":\"fr-FR\"},{\"@type\":\"Organization\",\"@id\":\"https:\/\/www.multicoque-online.com\/#organization\",\"name\":\"Multicoque\",\"url\":\"https:\/\/www.multicoque-online.com\/\",\"logo\":{\"@type\":\"ImageObject\",\"inLanguage\":\"fr-FR\",\"@id\":\"https:\/\/www.multicoque-online.com\/#\/schema\/logo\/image\/\",\"url\":\"https:\/\/www.multicoque-online.com\/uploads\/2024\/01\/MultiHullShow-logo2023_Violet.png\",\"contentUrl\":\"https:\/\/www.multicoque-online.com\/uploads\/2024\/01\/MultiHullShow-logo2023_Violet.png\",\"width\":2485,\"height\":770,\"caption\":\"Multicoque\"},\"image\":{\"@id\":\"https:\/\/www.multicoque-online.com\/#\/schema\/logo\/image\/\"}}]}<\/script>\n<!-- \/ Yoast SEO plugin. -->","yoast_head_json":{"title":"La petite histoire\u2026 - Multicoque","description":"le Salon du Multicoque est n\u00e9 en 2010 et a lieu tous les ans. D\u00e9couvrez l'histoire du Salon du Multicoque sur notre site.","robots":{"index":"index","follow":"follow","max-snippet":"max-snippet:-1","max-image-preview":"max-image-preview:large","max-video-preview":"max-video-preview:-1"},"canonical":"https:\/\/www.multicoque-online.com\/fr\/la-petite-histoire\/","og_locale":"fr_FR","og_type":"article","og_title":"La petite histoire\u2026 - Multicoque","og_description":"le Salon du Multicoque est n\u00e9 en 2010 et a lieu tous les ans. D\u00e9couvrez l'histoire du Salon du Multicoque sur notre site.","og_url":"https:\/\/www.multicoque-online.com\/fr\/la-petite-histoire\/","og_site_name":"Multicoque","article_modified_time":"2026-02-25T11:06:50+00:00","og_image":[{"url":"https:\/\/www.multicoque-online.com\/uploads\/2024\/03\/Multihull-show-Mline-400x200-1-300x150.jpg"}],"twitter_card":"summary_large_image","twitter_misc":{"Dur\u00e9e de lecture estim\u00e9e":"4 minutes"},"schema":{"@context":"https:\/\/schema.org","@graph":[{"@type":"WebPage","@id":"https:\/\/www.multicoque-online.com\/la-petite-histoire\/","url":"https:\/\/www.multicoque-online.com\/la-petite-histoire\/","name":"La petite histoire\u2026 - Multicoque","isPartOf":{"@id":"https:\/\/www.multicoque-online.com\/#website"},"datePublished":"2024-01-16T11:22:54+00:00","dateModified":"2026-02-25T11:06:50+00:00","description":"le Salon du Multicoque est n\u00e9 en 2010 et a lieu tous les ans. D\u00e9couvrez l'histoire du Salon du Multicoque sur notre site.","breadcrumb":{"@id":"https:\/\/www.multicoque-online.com\/la-petite-histoire\/#breadcrumb"},"inLanguage":"fr-FR","potentialAction":[{"@type":"ReadAction","target":["https:\/\/www.multicoque-online.com\/la-petite-histoire\/"]}]},{"@type":"BreadcrumbList","@id":"https:\/\/www.multicoque-online.com\/la-petite-histoire\/#breadcrumb","itemListElement":[{"@type":"ListItem","position":1,"name":"Accueil","item":"https:\/\/www.multicoque-online.com\/home\/"},{"@type":"ListItem","position":2,"name":"La petite histoire\u2026"}]},{"@type":"WebSite","@id":"https:\/\/www.multicoque-online.com\/#website","url":"https:\/\/www.multicoque-online.com\/","name":"Multicoque","description":"","publisher":{"@id":"https:\/\/www.multicoque-online.com\/#organization"},"potentialAction":[{"@type":"SearchAction","target":{"@type":"EntryPoint","urlTemplate":"https:\/\/www.multicoque-online.com\/?s={search_term_string}"},"query-input":{"@type":"PropertyValueSpecification","valueRequired":true,"valueName":"search_term_string"}}],"inLanguage":"fr-FR"},{"@type":"Organization","@id":"https:\/\/www.multicoque-online.com\/#organization","name":"Multicoque","url":"https:\/\/www.multicoque-online.com\/","logo":{"@type":"ImageObject","inLanguage":"fr-FR","@id":"https:\/\/www.multicoque-online.com\/#\/schema\/logo\/image\/","url":"https:\/\/www.multicoque-online.com\/uploads\/2024\/01\/MultiHullShow-logo2023_Violet.png","contentUrl":"https:\/\/www.multicoque-online.com\/uploads\/2024\/01\/MultiHullShow-logo2023_Violet.png","width":2485,"height":770,"caption":"Multicoque"},"image":{"@id":"https:\/\/www.multicoque-online.com\/#\/schema\/logo\/image\/"}}]}},"_links":{"self":[{"href":"https:\/\/www.multicoque-online.com\/fr\/wp-json\/wp\/v2\/pages\/78"}],"collection":[{"href":"https:\/\/www.multicoque-online.com\/fr\/wp-json\/wp\/v2\/pages"}],"about":[{"href":"https:\/\/www.multicoque-online.com\/fr\/wp-json\/wp\/v2\/types\/page"}],"author":[{"embeddable":true,"href":"https:\/\/www.multicoque-online.com\/fr\/wp-json\/wp\/v2\/users\/1"}],"replies":[{"embeddable":true,"href":"https:\/\/www.multicoque-online.com\/fr\/wp-json\/wp\/v2\/comments?post=78"}],"version-history":[{"count":1,"href":"https:\/\/www.multicoque-online.com\/fr\/wp-json\/wp\/v2\/pages\/78\/revisions"}],"predecessor-version":[{"id":7121,"href":"https:\/\/www.multicoque-online.com\/fr\/wp-json\/wp\/v2\/pages\/78\/revisions\/7121"}],"wp:attachment":[{"href":"https:\/\/www.multicoque-online.com\/fr\/wp-json\/wp\/v2\/media?parent=78"}],"curies":[{"name":"wp","href":"https:\/\/api.w.org\/{rel}","templated":true}]}}